{"id":29535,"date":"2024-06-04T15:36:38","date_gmt":"2024-06-04T15:36:38","guid":{"rendered":"https:\/\/tudomoveisbelem.com.br\/v19\/?post_type=product&#038;p=29535"},"modified":"2025-08-25T21:50:32","modified_gmt":"2025-08-25T21:50:32","slug":"poltrona-acolchoada-com-pes-em-madeira-macica-10x-de-r-7990","status":"publish","type":"product","link":"https:\/\/tudomoveisbelem.com.br\/v19\/produto\/poltrona-acolchoada-com-pes-em-madeira-macica-10x-de-r-7990\/","title":{"rendered":"Poltrona Acolchoada com P\u00e9s em Madeira Maci\u00e7a"},"content":{"rendered":"<p>A Poltrona que veio para inovar seu ambiente. Seu design foi pensado para trazer delicadeza e conforto a voc\u00ea. Possui alto conforto e durabilidade, contando com p\u00e9s palito em madeira maci\u00e7a, possui detalhes no encosto, e cada madeira extra de espuma no assento, proporcionando durabilidade ao m\u00f3vel,\u00a0deixando o ambiente ainda mais confort\u00e1vel. Adquira j\u00e1!<\/p>\n<p>Especifica\u00e7\u00f5es:<br \/>\n&#8211; Tecido: Suede Aveludado;<br \/>\n&#8211; Assentos: Espuma D-28;<br \/>\n&#8211; P\u00e9s: Madeira Maci\u00e7a<br \/>\n&#8211; Estrutura: Madeira Eucalipto Tratada;<br \/>\n&#8211; P\u00e9s em madeira maci\u00e7a.<\/p>\n<p>Dimens\u00f5es:<br \/>\nAltura: 0,82 CM<br \/>\nLargura: 0,70 CM<br \/>\nProfundidade: 0,62 CM<\/p>\n<p>&nbsp;<\/p>\n<p>&nbsp;<\/p>\n<p>Por apenas 10x de <span style=\"color: #ff0000;\">R$89,90<\/span> sem juros no cart\u00e3o ou \u00e0 vista por <span style=\"color: #ff0000;\">R$899,00.<\/span><\/p>\n","protected":false},"excerpt":{"rendered":"<p>A Poltrona que veio para inovar seu ambiente. Seu design foi pensado para trazer delicadeza e conforto a voc\u00ea. Possui alto conforto e durabilidade, contando com p\u00e9s palito em madeira maci\u00e7a, possui detalhes no encosto, e cada madeira extra de espuma no assento, proporcionando durabilidade ao m\u00f3vel,\u00a0deixando o ambiente ainda mais confort\u00e1vel. Adquira j\u00e1! Especifica\u00e7\u00f5es: &hellip; <a href=\"https:\/\/tudomoveisbelem.com.br\/v19\/produto\/poltrona-acolchoada-com-pes-em-madeira-macica-10x-de-r-7990\/\" class=\"more-link\">Continue lendo<span class=\"screen-reader-text\"> &#8220;Poltrona Acolchoada com P\u00e9s em Madeira Maci\u00e7a&#8221;<\/span><\/a><\/p>\n","protected":false},"featured_media":29538,"comment_status":"closed","ping_status":"closed","template":"","meta":[],"product_brand":[],"product_cat":[154],"product_tag":[],"class_list":{"0":"post-29535","1":"product","2":"type-product","3":"status-publish","4":"has-post-thumbnail","6":"product_cat-aparadores-buffets","8":"first","9":"instock","10":"shipping-taxable","11":"product-type-simple"},"_links":{"self":[{"href":"https:\/\/tudomoveisbelem.com.br\/v19\/wp-json\/wp\/v2\/product\/29535","targetHints":{"allow":["GET"]}}],"collection":[{"href":"https:\/\/tudomoveisbelem.com.br\/v19\/wp-json\/wp\/v2\/product"}],"about":[{"href":"https:\/\/tudomoveisbelem.com.br\/v19\/wp-json\/wp\/v2\/types\/product"}],"replies":[{"embeddable":true,"href":"https:\/\/tudomoveisbelem.com.br\/v19\/wp-json\/wp\/v2\/comments?post=29535"}],"version-history":[{"count":4,"href":"https:\/\/tudomoveisbelem.com.br\/v19\/wp-json\/wp\/v2\/product\/29535\/revisions"}],"predecessor-version":[{"id":34817,"href":"https:\/\/tudomoveisbelem.com.br\/v19\/wp-json\/wp\/v2\/product\/29535\/revisions\/34817"}],"wp:featuredmedia":[{"embeddable":true,"href":"https:\/\/tudomoveisbelem.com.br\/v19\/wp-json\/wp\/v2\/media\/29538"}],"wp:attachment":[{"href":"https:\/\/tudomoveisbelem.com.br\/v19\/wp-json\/wp\/v2\/media?parent=29535"}],"wp:term":[{"taxonomy":"product_brand","embeddable":true,"href":"https:\/\/tudomoveisbelem.com.br\/v19\/wp-json\/wp\/v2\/product_brand?post=29535"},{"taxonomy":"product_cat","embeddable":true,"href":"https:\/\/tudomoveisbelem.com.br\/v19\/wp-json\/wp\/v2\/product_cat?post=29535"},{"taxonomy":"product_tag","embeddable":true,"href":"https:\/\/tudomoveisbelem.com.br\/v19\/wp-json\/wp\/v2\/product_tag?post=29535"}],"curies":[{"name":"wp","href":"https:\/\/api.w.org\/{rel}","templated":true}]}}