{"id":29516,"date":"2024-06-04T15:03:27","date_gmt":"2024-06-04T15:03:27","guid":{"rendered":"https:\/\/tudomoveisbelem.com.br\/v19\/?post_type=product&#038;p=29516"},"modified":"2026-03-30T15:29:16","modified_gmt":"2026-03-30T15:29:16","slug":"conjunto-2-e-3-lugares-com-base-e-pes-em-madeira-macica-10x-de-r-33990","status":"publish","type":"product","link":"https:\/\/tudomoveisbelem.com.br\/v19\/produto\/conjunto-2-e-3-lugares-com-base-e-pes-em-madeira-macica-10x-de-r-33990\/","title":{"rendered":"Conjunto 2 e 3 Lugares com Base e P\u00e9s em Madeira Maci\u00e7a 10x de R$379,90."},"content":{"rendered":"<p>A sua sala de estar s\u00f3 est\u00e1 completa na presen\u00e7a de um bom sof\u00e1, e nada mais gostoso do que receber a fam\u00edlia ou curtir os seus momentos de descanso junto com um modelo maravilhoso desse! Pensado para quem quer aliar bom gosto e uma estrutura refor\u00e7ada\u00a0para o uso di\u00e1rio, a pe\u00e7a tem madeira maci\u00e7a na composi\u00e7\u00e3o e revestimento em suede aveludado para garantir que a receptividade seja plena. J\u00e1 o visual elegante fica por conta do modelo tradicional que fecha com chave de ouro os benef\u00edcios que ele oferece para o seu doce lar.<\/p>\n<p>Especifica\u00e7\u00f5es:<br \/>\n&#8211; Tecido: Suede Aveludado;<br \/>\n&#8211; Assentos: Espuma D-28;<br \/>\n&#8211; Bra\u00e7os: Espuma D-26;<br \/>\n&#8211; Encosto: Fibra Siliconada;<br \/>\n&#8211; Estrutura: Madeira Eucalipto Tratada;<br \/>\n&#8211; Base e P\u00e9s em Madeira Maci\u00e7a.<\/p>\n<p>Dimens\u00f5es 3 Lugares:<br \/>\nLargura: 2.16 M<br \/>\nProfundidade: 0,82 CM<br \/>\nAltura: 0,94 CM<\/p>\n<p>Dimens\u00f5es 2 Lugares:<br \/>\nLargura: 1.58 M<br \/>\nProfundidade: 0,82 CM<br \/>\nAltura: 0,94 CM<\/p>\n<p>&nbsp;<\/p>\n<p>&nbsp;<\/p>\n<p>&nbsp;<\/p>\n<p>Por apenas 10x de <span style=\"color: #ff0000;\">R$379,90<\/span> sem juros no cart\u00e3o ou \u00e0 vista por <span style=\"color: #ff0000;\">R$3.799,00.<\/span><\/p>\n","protected":false},"excerpt":{"rendered":"<p>A sua sala de estar s\u00f3 est\u00e1 completa na presen\u00e7a de um bom sof\u00e1, e nada mais gostoso do que receber a fam\u00edlia ou curtir os seus momentos de descanso junto com um modelo maravilhoso desse! Pensado para quem quer aliar bom gosto e uma estrutura refor\u00e7ada\u00a0para o uso di\u00e1rio, a pe\u00e7a tem madeira maci\u00e7a &hellip; <a href=\"https:\/\/tudomoveisbelem.com.br\/v19\/produto\/conjunto-2-e-3-lugares-com-base-e-pes-em-madeira-macica-10x-de-r-33990\/\" class=\"more-link\">Continue lendo<span class=\"screen-reader-text\"> &#8220;Conjunto 2 e 3 Lugares com Base e P\u00e9s em Madeira Maci\u00e7a 10x de R$379,90.&#8221;<\/span><\/a><\/p>\n","protected":false},"featured_media":29519,"comment_status":"closed","ping_status":"closed","template":"","meta":[],"product_brand":[],"product_cat":[30],"product_tag":[],"class_list":{"0":"post-29516","1":"product","2":"type-product","3":"status-publish","4":"has-post-thumbnail","6":"product_cat-sofas","8":"first","9":"instock","10":"shipping-taxable","11":"product-type-simple"},"_links":{"self":[{"href":"https:\/\/tudomoveisbelem.com.br\/v19\/wp-json\/wp\/v2\/product\/29516","targetHints":{"allow":["GET"]}}],"collection":[{"href":"https:\/\/tudomoveisbelem.com.br\/v19\/wp-json\/wp\/v2\/product"}],"about":[{"href":"https:\/\/tudomoveisbelem.com.br\/v19\/wp-json\/wp\/v2\/types\/product"}],"replies":[{"embeddable":true,"href":"https:\/\/tudomoveisbelem.com.br\/v19\/wp-json\/wp\/v2\/comments?post=29516"}],"version-history":[{"count":6,"href":"https:\/\/tudomoveisbelem.com.br\/v19\/wp-json\/wp\/v2\/product\/29516\/revisions"}],"predecessor-version":[{"id":37125,"href":"https:\/\/tudomoveisbelem.com.br\/v19\/wp-json\/wp\/v2\/product\/29516\/revisions\/37125"}],"wp:featuredmedia":[{"embeddable":true,"href":"https:\/\/tudomoveisbelem.com.br\/v19\/wp-json\/wp\/v2\/media\/29519"}],"wp:attachment":[{"href":"https:\/\/tudomoveisbelem.com.br\/v19\/wp-json\/wp\/v2\/media?parent=29516"}],"wp:term":[{"taxonomy":"product_brand","embeddable":true,"href":"https:\/\/tudomoveisbelem.com.br\/v19\/wp-json\/wp\/v2\/product_brand?post=29516"},{"taxonomy":"product_cat","embeddable":true,"href":"https:\/\/tudomoveisbelem.com.br\/v19\/wp-json\/wp\/v2\/product_cat?post=29516"},{"taxonomy":"product_tag","embeddable":true,"href":"https:\/\/tudomoveisbelem.com.br\/v19\/wp-json\/wp\/v2\/product_tag?post=29516"}],"curies":[{"name":"wp","href":"https:\/\/api.w.org\/{rel}","templated":true}]}}