{"id":28873,"date":"2024-05-22T18:07:29","date_gmt":"2024-05-22T18:07:29","guid":{"rendered":"https:\/\/tudomoveisbelem.com.br\/v19\/?post_type=product&#038;p=28873"},"modified":"2026-03-05T23:00:30","modified_gmt":"2026-03-05T23:00:30","slug":"sala-de-jantar-mesa-com-tampo-redondo-e-vidro-chanfrado-e-4-cadeiras-10x-de-r22990","status":"publish","type":"product","link":"https:\/\/tudomoveisbelem.com.br\/v19\/produto\/sala-de-jantar-mesa-com-tampo-redondo-e-vidro-chanfrado-e-4-cadeiras-10x-de-r22990\/","title":{"rendered":"Sala de Jantar Mesa com Tampo Redondo e Vidro Chanfrado e 4 Cadeiras"},"content":{"rendered":"<div>\n<div><\/div>\n<div>\n<p>\ud83c\udf7d\ufe0f LAN\u00c7AMENTO TUDO M\u00d3VEIS! \ud83c\udf77\u2728<br \/>\nSALA DE JANTAR COM MESA REDONDA + 4 CADEIRAS ALMOFADADAS<\/p>\n<p>O toque de sofistica\u00e7\u00e3o e modernidade que a sua sala de jantar merece! \ud83d\ude0d<br \/>\nCom design inteligente e formato em cruz com detalhes triangulares, essa mesa \u00e9 uma verdadeira obra de arte. Al\u00e9m de linda, ela \u00e9 compacta e funcional, permitindo guardar as cadeiras sob o tampo \u2014 ideal para otimizar espa\u00e7o e deixar o ambiente sempre organizado.<\/p>\n<p>\ud83d\udc8e Destaques que encantam:<br \/>\n\u2714\ufe0f Tampo redondo com vidro chanfrado pintado \u2013 resist\u00eancia, brilho e f\u00e1cil limpeza \u2728<br \/>\n\u2714\ufe0f Design geom\u00e9trico exclusivo \u2013 base em formato de cruz com detalhes triangulares \ud83e\udeb5<br \/>\n\u2714\ufe0f Cadeiras estofadas com espuma de alta densidade \u2013 conforto e durabilidade \ud83d\udcba<br \/>\n\u2714\ufe0f Encosto bordado e toque suave \u2013 eleg\u00e2ncia em cada detalhe \ud83d\udc96<br \/>\n\u2714\ufe0f Sapatas deslizadoras \u2013 praticidade na limpeza e prote\u00e7\u00e3o do piso \ud83e\uddfc<br \/>\n\u2714\ufe0f Produzida em MDF e MDP de reflorestamento \u2013 sustentabilidade e resist\u00eancia \ud83c\udf31<\/p>\n<p>&nbsp;<\/p>\n<p>\ud83d\ude9a Entrega e montagem GR\u00c1TIS no mesmo dia em Bel\u00e9m, Ananindeua e Marituba!<\/p>\n<p>\ud83d\udcac Compre pelo WhatsApp ou visite uma das lojas Tudo M\u00f3veis.<\/p>\n<p>\u2728 Transforme sua sala de jantar com eleg\u00e2ncia, conforto e design que impressiona! \u2728<\/p>\n<\/div>\n<\/div>\n<p>&nbsp;<\/p>\n<p>Por apenas 12x de R$ 224,92 sem juros no cart\u00e3o ou \u00e0 vista por R$ 2.699,00.<\/p>\n<p>&nbsp;<\/p>\n<p>&nbsp;<\/p>\n<p>&nbsp;<\/p>\n<p>&nbsp;<\/p>\n<p>&nbsp;<\/p>\n<p>&nbsp;<\/p>\n<p>&nbsp;<\/p>\n","protected":false},"excerpt":{"rendered":"<p>\ud83c\udf7d\ufe0f LAN\u00c7AMENTO TUDO M\u00d3VEIS! \ud83c\udf77\u2728 SALA DE JANTAR COM MESA REDONDA + 4 CADEIRAS ALMOFADADAS O toque de sofistica\u00e7\u00e3o e modernidade que a sua sala de jantar merece! \ud83d\ude0d Com design inteligente e formato em cruz com detalhes triangulares, essa mesa \u00e9 uma verdadeira obra de arte. Al\u00e9m de linda, ela \u00e9 compacta e funcional, &hellip; <a href=\"https:\/\/tudomoveisbelem.com.br\/v19\/produto\/sala-de-jantar-mesa-com-tampo-redondo-e-vidro-chanfrado-e-4-cadeiras-10x-de-r22990\/\" class=\"more-link\">Continue lendo<span class=\"screen-reader-text\"> &#8220;Sala de Jantar Mesa com Tampo Redondo e Vidro Chanfrado e 4 Cadeiras&#8221;<\/span><\/a><\/p>\n","protected":false},"featured_media":30017,"comment_status":"closed","ping_status":"closed","template":"","meta":[],"product_brand":[],"product_cat":[40],"product_tag":[],"class_list":{"0":"post-28873","1":"product","2":"type-product","3":"status-publish","4":"has-post-thumbnail","6":"product_cat-mesas","8":"first","9":"instock","10":"shipping-taxable","11":"product-type-simple"},"_links":{"self":[{"href":"https:\/\/tudomoveisbelem.com.br\/v19\/wp-json\/wp\/v2\/product\/28873","targetHints":{"allow":["GET"]}}],"collection":[{"href":"https:\/\/tudomoveisbelem.com.br\/v19\/wp-json\/wp\/v2\/product"}],"about":[{"href":"https:\/\/tudomoveisbelem.com.br\/v19\/wp-json\/wp\/v2\/types\/product"}],"replies":[{"embeddable":true,"href":"https:\/\/tudomoveisbelem.com.br\/v19\/wp-json\/wp\/v2\/comments?post=28873"}],"version-history":[{"count":9,"href":"https:\/\/tudomoveisbelem.com.br\/v19\/wp-json\/wp\/v2\/product\/28873\/revisions"}],"predecessor-version":[{"id":36840,"href":"https:\/\/tudomoveisbelem.com.br\/v19\/wp-json\/wp\/v2\/product\/28873\/revisions\/36840"}],"wp:featuredmedia":[{"embeddable":true,"href":"https:\/\/tudomoveisbelem.com.br\/v19\/wp-json\/wp\/v2\/media\/30017"}],"wp:attachment":[{"href":"https:\/\/tudomoveisbelem.com.br\/v19\/wp-json\/wp\/v2\/media?parent=28873"}],"wp:term":[{"taxonomy":"product_brand","embeddable":true,"href":"https:\/\/tudomoveisbelem.com.br\/v19\/wp-json\/wp\/v2\/product_brand?post=28873"},{"taxonomy":"product_cat","embeddable":true,"href":"https:\/\/tudomoveisbelem.com.br\/v19\/wp-json\/wp\/v2\/product_cat?post=28873"},{"taxonomy":"product_tag","embeddable":true,"href":"https:\/\/tudomoveisbelem.com.br\/v19\/wp-json\/wp\/v2\/product_tag?post=28873"}],"curies":[{"name":"wp","href":"https:\/\/api.w.org\/{rel}","templated":true}]}}