{"id":28868,"date":"2024-05-22T18:02:55","date_gmt":"2024-05-22T18:02:55","guid":{"rendered":"https:\/\/tudomoveisbelem.com.br\/v19\/?post_type=product&#038;p=28868"},"modified":"2025-08-31T13:31:32","modified_gmt":"2025-08-31T13:31:32","slug":"conjunto-de-jantar-mesa-redonda-com-vidro-e-4-cadeiras-10x-de-r21990","status":"publish","type":"product","link":"https:\/\/tudomoveisbelem.com.br\/v19\/produto\/conjunto-de-jantar-mesa-redonda-com-vidro-e-4-cadeiras-10x-de-r21990\/","title":{"rendered":"Conjunto de Jantar Mesa Redonda com Vidro e 4 Cadeiras"},"content":{"rendered":"<p>Esse conjunto de Mesa redonda com quatro cadeiras acolchoadas \u00e9 o que voc\u00ea precisa para decorar a sua sala de jantar, o design moderno da base em formato trap\u00e9zio aliado ao tampo chanfrado com vidro, v\u00e3o deixar seu ambiente mais sofisticado.<\/p>\n<p>Ideal para espa\u00e7os compactos, os frisos decorativos no centro da base, d\u00e3o um charme especial ao produto, um diferencial \u00fanico e moderno.<\/p>\n<p>O sistema estrutural da mesa \u00e9 muito resistente, composta por pe\u00e7as em MDP e MDF, que s\u00e3o resistentes e ecologicamente corretos, garantindo a seguran\u00e7a e durabilidade do m\u00f3vel. Aproveite os momentos de lazer com amigos e familiares em um ambiente aconchegante e contempor\u00e2neo.<\/p>\n<p>A Cadeira \u00e9 uma op\u00e7\u00e3o incr\u00edvel para tornar sua sala de jantar um ambiente mais bonito e confort\u00e1vel, desenvolvida com v\u00e1rios testes de ergonomia e resist\u00eancia, para fazer dela uma cadeira segura e confort\u00e1vel, sendo o suporte perfeito para seus jantares com a fam\u00edlia.<\/p>\n<p>Com uma resist\u00eancia de at\u00e9 130Kg, a cadeira \u00e9 estruturada com p\u00e9s de MDF, garantindo melhor durabilidade e estabilidade. Outro detalhe \u00e9 que seu pegafor \u00e9 de MDF revestido, mantendo a coes\u00e3o visual da cadeira, e facilitando a movimenta\u00e7\u00e3o da mesma com seu espaldar resistente. Al\u00e9m da confort\u00e1vel espuma possui assento, laterais e encosto estofados com espuma de alta densidade que proporciona mais conforto e durabilidade, seu encosto possui um bel\u00edssimo bordado ondulado e sutil, agregando ainda mais \u00e0 est\u00e9tica desta cadeira.<\/p>\n<p>Dimens\u00f5es da base:<br \/>\nLargura: 1.03 M<br \/>\nProfundidade: 1.03 M<br \/>\nAltura: 0,80 CM<\/p>\n<p>Dimens\u00f5es Cadeiras:<br \/>\nAltura: 0,99 CM<br \/>\nLargura: 0,42 CM<br \/>\nProfundidade: 0,60 CM<\/p>\n<p>&nbsp;<\/p>\n<p>Por apenas 10x de <span style=\"color: #ff0000;\">R$259,90<\/span> sem juros no cart\u00e3o ou \u00e0 vista por <span style=\"color: #ff0000;\">R$2.599,00.<\/span><\/p>\n","protected":false},"excerpt":{"rendered":"<p>Esse conjunto de Mesa redonda com quatro cadeiras acolchoadas \u00e9 o que voc\u00ea precisa para decorar a sua sala de jantar, o design moderno da base em formato trap\u00e9zio aliado ao tampo chanfrado com vidro, v\u00e3o deixar seu ambiente mais sofisticado. Ideal para espa\u00e7os compactos, os frisos decorativos no centro da base, d\u00e3o um charme &hellip; <a href=\"https:\/\/tudomoveisbelem.com.br\/v19\/produto\/conjunto-de-jantar-mesa-redonda-com-vidro-e-4-cadeiras-10x-de-r21990\/\" class=\"more-link\">Continue lendo<span class=\"screen-reader-text\"> &#8220;Conjunto de Jantar Mesa Redonda com Vidro e 4 Cadeiras&#8221;<\/span><\/a><\/p>\n","protected":false},"featured_media":28869,"comment_status":"closed","ping_status":"closed","template":"","meta":[],"product_brand":[],"product_cat":[40],"product_tag":[],"class_list":{"0":"post-28868","1":"product","2":"type-product","3":"status-publish","4":"has-post-thumbnail","6":"product_cat-mesas","8":"first","9":"instock","10":"shipping-taxable","11":"product-type-simple"},"_links":{"self":[{"href":"https:\/\/tudomoveisbelem.com.br\/v19\/wp-json\/wp\/v2\/product\/28868","targetHints":{"allow":["GET"]}}],"collection":[{"href":"https:\/\/tudomoveisbelem.com.br\/v19\/wp-json\/wp\/v2\/product"}],"about":[{"href":"https:\/\/tudomoveisbelem.com.br\/v19\/wp-json\/wp\/v2\/types\/product"}],"replies":[{"embeddable":true,"href":"https:\/\/tudomoveisbelem.com.br\/v19\/wp-json\/wp\/v2\/comments?post=28868"}],"version-history":[{"count":5,"href":"https:\/\/tudomoveisbelem.com.br\/v19\/wp-json\/wp\/v2\/product\/28868\/revisions"}],"predecessor-version":[{"id":34960,"href":"https:\/\/tudomoveisbelem.com.br\/v19\/wp-json\/wp\/v2\/product\/28868\/revisions\/34960"}],"wp:featuredmedia":[{"embeddable":true,"href":"https:\/\/tudomoveisbelem.com.br\/v19\/wp-json\/wp\/v2\/media\/28869"}],"wp:attachment":[{"href":"https:\/\/tudomoveisbelem.com.br\/v19\/wp-json\/wp\/v2\/media?parent=28868"}],"wp:term":[{"taxonomy":"product_brand","embeddable":true,"href":"https:\/\/tudomoveisbelem.com.br\/v19\/wp-json\/wp\/v2\/product_brand?post=28868"},{"taxonomy":"product_cat","embeddable":true,"href":"https:\/\/tudomoveisbelem.com.br\/v19\/wp-json\/wp\/v2\/product_cat?post=28868"},{"taxonomy":"product_tag","embeddable":true,"href":"https:\/\/tudomoveisbelem.com.br\/v19\/wp-json\/wp\/v2\/product_tag?post=28868"}],"curies":[{"name":"wp","href":"https:\/\/api.w.org\/{rel}","templated":true}]}}