{"id":28861,"date":"2024-05-22T17:57:31","date_gmt":"2024-05-22T17:57:31","guid":{"rendered":"https:\/\/tudomoveisbelem.com.br\/v19\/?post_type=product&#038;p=28861"},"modified":"2025-03-27T12:47:19","modified_gmt":"2025-03-27T12:47:19","slug":"bancada-com-painel-estilo-classico-para-tv-ate-75-10-x-de-r28990","status":"publish","type":"product","link":"https:\/\/tudomoveisbelem.com.br\/v19\/produto\/bancada-com-painel-estilo-classico-para-tv-ate-75-10-x-de-r28990\/","title":{"rendered":"Bancada com Painel Estilo Cl\u00e1ssico para TV at\u00e9 75&#8243; 10x de R$ 339,90"},"content":{"rendered":"<p>Bancada e o Painel Cl\u00e1ssico produzidos 100% em MDF, perfeito para dar aquele toque especial na sua casa, aproveite e torne seu lar mais aconchegante\u00a0com este lindo produto.<\/p>\n<p>A bancada conta com laterais curvas, tampo usinado com cantos curvos acompanhando as laterais, trazendo as mais atuais\u00a0tend\u00eancias de design. Para armazenar seus objetos, conte com duas espa\u00e7osas portas e\u00a0duas gavetas com puxadores met\u00e1licos.<\/p>\n<p>N\u00e3o podemos esquecer detalhes em pintura dourada no tampo e batente das portas, que\u00a0trazem uma sofistica\u00e7\u00e3o a mais ao produto. N\u00e3o se preocupe com os cabos, este produto possui passa-fios para facilitar a\u00a0organiza\u00e7\u00e3o dos cabos por tr\u00e1s do produto. Para facilitar a limpeza, a bancada \u00e9 estruturada com p\u00e9s met\u00e1licos cil\u00edndricos\u00a0tamb\u00e9m na cor dourada, que a afastam do ch\u00e3o, aumentando sua durabilidade.<\/p>\n<p>O painel possui charmosos cantos arredondados e algumas divis\u00f5es ao longo de sua largura com bordas chanfradas, criando um\u00a0detalhe decorativo e emoldurando o amplo espa\u00e7o que abriga TV&#8217;s de at\u00e9 75&#8243;, garantindo o melhor do entretenimento para sua\u00a0fam\u00edlia. Al\u00e9m disso o painel conta com lumin\u00e1rias douradas, dando um toque a mais de sofistica\u00e7\u00e3o para todo o conjunto.<\/p>\n<p>Dimens\u00f5es<br \/>\nAltura: 1.89 M<br \/>\nLargura: 2.41 M<br \/>\nProfundidade: 0,47 CM<\/p>\n","protected":false},"excerpt":{"rendered":"<p>Por apenas 10x de <span style=\"color: #ff0000;\">R$339,90<\/span> sem juros no cart\u00e3o ou \u00e0 vista por <span style=\"color: #ff0000;\">R$3.399,00.<\/span><\/p>\n","protected":false},"featured_media":28864,"comment_status":"closed","ping_status":"closed","template":"","meta":[],"product_brand":[],"product_cat":[48],"product_tag":[],"class_list":{"0":"post-28861","1":"product","2":"type-product","3":"status-publish","4":"has-post-thumbnail","6":"product_cat-rack-painel","8":"first","9":"instock","10":"shipping-taxable","11":"product-type-simple"},"_links":{"self":[{"href":"https:\/\/tudomoveisbelem.com.br\/v19\/wp-json\/wp\/v2\/product\/28861","targetHints":{"allow":["GET"]}}],"collection":[{"href":"https:\/\/tudomoveisbelem.com.br\/v19\/wp-json\/wp\/v2\/product"}],"about":[{"href":"https:\/\/tudomoveisbelem.com.br\/v19\/wp-json\/wp\/v2\/types\/product"}],"replies":[{"embeddable":true,"href":"https:\/\/tudomoveisbelem.com.br\/v19\/wp-json\/wp\/v2\/comments?post=28861"}],"version-history":[{"count":5,"href":"https:\/\/tudomoveisbelem.com.br\/v19\/wp-json\/wp\/v2\/product\/28861\/revisions"}],"predecessor-version":[{"id":33029,"href":"https:\/\/tudomoveisbelem.com.br\/v19\/wp-json\/wp\/v2\/product\/28861\/revisions\/33029"}],"wp:featuredmedia":[{"embeddable":true,"href":"https:\/\/tudomoveisbelem.com.br\/v19\/wp-json\/wp\/v2\/media\/28864"}],"wp:attachment":[{"href":"https:\/\/tudomoveisbelem.com.br\/v19\/wp-json\/wp\/v2\/media?parent=28861"}],"wp:term":[{"taxonomy":"product_brand","embeddable":true,"href":"https:\/\/tudomoveisbelem.com.br\/v19\/wp-json\/wp\/v2\/product_brand?post=28861"},{"taxonomy":"product_cat","embeddable":true,"href":"https:\/\/tudomoveisbelem.com.br\/v19\/wp-json\/wp\/v2\/product_cat?post=28861"},{"taxonomy":"product_tag","embeddable":true,"href":"https:\/\/tudomoveisbelem.com.br\/v19\/wp-json\/wp\/v2\/product_tag?post=28861"}],"curies":[{"name":"wp","href":"https:\/\/api.w.org\/{rel}","templated":true}]}}