{"id":28845,"date":"2024-05-22T17:41:34","date_gmt":"2024-05-22T17:41:34","guid":{"rendered":"https:\/\/tudomoveisbelem.com.br\/v19\/?post_type=product&#038;p=28845"},"modified":"2024-05-31T19:31:33","modified_gmt":"2024-05-31T19:31:33","slug":"painel-home-100-mdf-para-tv-ate-75-com-detalhe-em-led-2-portas-10-x-de-r23990","status":"publish","type":"product","link":"https:\/\/tudomoveisbelem.com.br\/v19\/produto\/painel-home-100-mdf-para-tv-ate-75-com-detalhe-em-led-2-portas-10-x-de-r23990\/","title":{"rendered":"Painel Home 100% MDF para TV at\u00e9 75&#8243; com detalhe em Led 2 portas 10x de R$ 239,90"},"content":{"rendered":"<p>Um painel home \u00fanico que possui uma est\u00e9tica contempor\u00e2nea e muito elegante. Conta com charmosos cantos arredondados em cima e ilumina\u00e7\u00e3o em com fita de LED em sua prateleira superior, que al\u00e9m\u00a0de chanfrada possui cantos curvos, bem como tampo e base chanfrados e de cantos arredondados, mantendo a geometria mais arredondada, trazendo uma sofistica\u00e7\u00e3o a mais ao produto, abaixo dela o espa\u00e7o abriga TV&#8217;s de at\u00e9 75&#8243; garantindo o melhor do entretenimento para sua\u00a0fam\u00edlia. Para dispor seus aparelhos\u00a0eletr\u00f4nicos conte com o espa\u00e7o central entre as duas portas deslizantes, que assim como as laterais curvas, s\u00e3o ripadas, dando um\u00a0detalhe a mais na est\u00e9tica do produto.<\/p>\n<p>Um produto cheio de benef\u00edcios, perfeito para dar aquele toque especial na sua casa, aproveite e torne seu lar mais aconchegante\u00a0com este lindo produto.<\/p>\n<p>Dimens\u00f5es<br \/>\nAltura: 1.69 M<br \/>\nLargura: 2.15 M<br \/>\nProfundidade: 0,38 CM<\/p>\n","protected":false},"excerpt":{"rendered":"<p>Por apenas 10 x de <span style=\"color: #ff0000;\"><strong>R$ 239,90<\/strong><\/span> sem juros no cart\u00e3o ou \u00e0 vista por <strong><span style=\"color: #ff0000;\">R$ 2.399,00.<\/span><\/strong><\/p>\n","protected":false},"featured_media":28848,"comment_status":"closed","ping_status":"closed","template":"","meta":[],"product_brand":[],"product_cat":[44],"product_tag":[],"class_list":{"0":"post-28845","1":"product","2":"type-product","3":"status-publish","4":"has-post-thumbnail","6":"product_cat-paineis","8":"first","9":"instock","10":"shipping-taxable","11":"product-type-simple"},"_links":{"self":[{"href":"https:\/\/tudomoveisbelem.com.br\/v19\/wp-json\/wp\/v2\/product\/28845","targetHints":{"allow":["GET"]}}],"collection":[{"href":"https:\/\/tudomoveisbelem.com.br\/v19\/wp-json\/wp\/v2\/product"}],"about":[{"href":"https:\/\/tudomoveisbelem.com.br\/v19\/wp-json\/wp\/v2\/types\/product"}],"replies":[{"embeddable":true,"href":"https:\/\/tudomoveisbelem.com.br\/v19\/wp-json\/wp\/v2\/comments?post=28845"}],"version-history":[{"count":3,"href":"https:\/\/tudomoveisbelem.com.br\/v19\/wp-json\/wp\/v2\/product\/28845\/revisions"}],"predecessor-version":[{"id":29184,"href":"https:\/\/tudomoveisbelem.com.br\/v19\/wp-json\/wp\/v2\/product\/28845\/revisions\/29184"}],"wp:featuredmedia":[{"embeddable":true,"href":"https:\/\/tudomoveisbelem.com.br\/v19\/wp-json\/wp\/v2\/media\/28848"}],"wp:attachment":[{"href":"https:\/\/tudomoveisbelem.com.br\/v19\/wp-json\/wp\/v2\/media?parent=28845"}],"wp:term":[{"taxonomy":"product_brand","embeddable":true,"href":"https:\/\/tudomoveisbelem.com.br\/v19\/wp-json\/wp\/v2\/product_brand?post=28845"},{"taxonomy":"product_cat","embeddable":true,"href":"https:\/\/tudomoveisbelem.com.br\/v19\/wp-json\/wp\/v2\/product_cat?post=28845"},{"taxonomy":"product_tag","embeddable":true,"href":"https:\/\/tudomoveisbelem.com.br\/v19\/wp-json\/wp\/v2\/product_tag?post=28845"}],"curies":[{"name":"wp","href":"https:\/\/api.w.org\/{rel}","templated":true}]}}