{"id":28804,"date":"2024-05-21T14:55:58","date_gmt":"2024-05-21T14:55:58","guid":{"rendered":"https:\/\/tudomoveisbelem.com.br\/v19\/?post_type=product&#038;p=28804"},"modified":"2025-08-27T22:16:51","modified_gmt":"2025-08-27T22:16:51","slug":"painel-home-100-mdf-p-tv-ate-70-10-x-de-r24990","status":"publish","type":"product","link":"https:\/\/tudomoveisbelem.com.br\/v19\/produto\/painel-home-100-mdf-p-tv-ate-70-10-x-de-r24990\/","title":{"rendered":"Painel Home 100% MDF para TV at\u00e9 70&#8243;"},"content":{"rendered":"<p>Um produto que vai ser o destaque da sua sala de estar, com uma est\u00e9tica contempor\u00e2nea e muito elegante. Sua parte central conta com charmosos cantos arredondados e ilumina\u00e7\u00e3o em fitas de LED, que destacam os detalhes ripados atr\u00e1s do painel central, sendo que este abriga TV&#8217;s de at\u00e9 70&#8243;, garantindo o melhor do entretenimento para sua fam\u00edlia.<\/p>\n<p>A resist\u00eancia do Painel \u00e9 de at\u00e9 40Kg, lembrando disso voc\u00ea consegue comprar a TV ideal para usar em conjunto com este m\u00f3vel. Este produto conta com um tampo chanfrado e de cantos arredondados suspenso sobre uma linha de sombra acima das portas, gerando um efeito flutuante. Mantendo a geometria mais arredondada, a caixaria e suas duas portas basculantes usinadas tamb\u00e9m s\u00e3o arredondadas, trazendo uma sofistica\u00e7\u00e3o a mais ao produto.<\/p>\n<p>Para dispor seus aparelhos eletr\u00f4nicos conte com o espa\u00e7o central logo acima das portas. N\u00e3o se preocupe com os cabos, este produto possui passa-fios para facilitar a organiza\u00e7\u00e3o dos cabos por tr\u00e1s do produto.<\/p>\n<p>O Painel Home \u00e9 produzido 100% em MDF, que garante durabilidade e resist\u00eancia ao seu produto. \u00c9 um produto cheio de benef\u00edcios, perfeito para dar aquele toque especial na sua casa, aproveite e torne seu lar mais aconchegante com este lindo produto.<\/p>\n<p>Dimens\u00f5es:<br \/>\nAltura: 1.81 M<br \/>\nLargura: 2.10 M<br \/>\nProfundidade: 0,36 CM<\/p>\n<p>&nbsp;<\/p>\n<p>Por apenas 10 x de <span style=\"color: #ff0000;\">R$ 299,90<\/span> sem juros no cart\u00e3o ou \u00e0 vista por<span style=\"color: #ff0000;\"> R$ 2.999,00.<\/span><\/p>\n","protected":false},"excerpt":{"rendered":"<p>Um produto que vai ser o destaque da sua sala de estar, com uma est\u00e9tica contempor\u00e2nea e muito elegante. Sua parte central conta com charmosos cantos arredondados e ilumina\u00e7\u00e3o em fitas de LED, que destacam os detalhes ripados atr\u00e1s do painel central, sendo que este abriga TV&#8217;s de at\u00e9 70&#8243;, garantindo o melhor do entretenimento &hellip; <a href=\"https:\/\/tudomoveisbelem.com.br\/v19\/produto\/painel-home-100-mdf-p-tv-ate-70-10-x-de-r24990\/\" class=\"more-link\">Continue lendo<span class=\"screen-reader-text\"> &#8220;Painel Home 100% MDF para TV at\u00e9 70&#8243;&#8221;<\/span><\/a><\/p>\n","protected":false},"featured_media":28805,"comment_status":"closed","ping_status":"closed","template":"","meta":[],"product_brand":[],"product_cat":[45],"product_tag":[],"class_list":{"0":"post-28804","1":"product","2":"type-product","3":"status-publish","4":"has-post-thumbnail","6":"product_cat-estante-home","8":"first","9":"instock","10":"shipping-taxable","11":"product-type-simple"},"_links":{"self":[{"href":"https:\/\/tudomoveisbelem.com.br\/v19\/wp-json\/wp\/v2\/product\/28804","targetHints":{"allow":["GET"]}}],"collection":[{"href":"https:\/\/tudomoveisbelem.com.br\/v19\/wp-json\/wp\/v2\/product"}],"about":[{"href":"https:\/\/tudomoveisbelem.com.br\/v19\/wp-json\/wp\/v2\/types\/product"}],"replies":[{"embeddable":true,"href":"https:\/\/tudomoveisbelem.com.br\/v19\/wp-json\/wp\/v2\/comments?post=28804"}],"version-history":[{"count":8,"href":"https:\/\/tudomoveisbelem.com.br\/v19\/wp-json\/wp\/v2\/product\/28804\/revisions"}],"predecessor-version":[{"id":34903,"href":"https:\/\/tudomoveisbelem.com.br\/v19\/wp-json\/wp\/v2\/product\/28804\/revisions\/34903"}],"wp:featuredmedia":[{"embeddable":true,"href":"https:\/\/tudomoveisbelem.com.br\/v19\/wp-json\/wp\/v2\/media\/28805"}],"wp:attachment":[{"href":"https:\/\/tudomoveisbelem.com.br\/v19\/wp-json\/wp\/v2\/media?parent=28804"}],"wp:term":[{"taxonomy":"product_brand","embeddable":true,"href":"https:\/\/tudomoveisbelem.com.br\/v19\/wp-json\/wp\/v2\/product_brand?post=28804"},{"taxonomy":"product_cat","embeddable":true,"href":"https:\/\/tudomoveisbelem.com.br\/v19\/wp-json\/wp\/v2\/product_cat?post=28804"},{"taxonomy":"product_tag","embeddable":true,"href":"https:\/\/tudomoveisbelem.com.br\/v19\/wp-json\/wp\/v2\/product_tag?post=28804"}],"curies":[{"name":"wp","href":"https:\/\/api.w.org\/{rel}","templated":true}]}}