{"id":28387,"date":"2024-04-30T14:46:13","date_gmt":"2024-04-30T14:46:13","guid":{"rendered":"https:\/\/tudomoveisbelem.com.br\/v19\/?post_type=product&#038;p=28387"},"modified":"2025-08-31T13:56:17","modified_gmt":"2025-08-31T13:56:17","slug":"sala-de-jantar-com-tampo-de-mdf-laqueado-sem-vidro-com-4-cadeiras-10x-de-r17990","status":"publish","type":"product","link":"https:\/\/tudomoveisbelem.com.br\/v19\/produto\/sala-de-jantar-com-tampo-de-mdf-laqueado-sem-vidro-com-4-cadeiras-10x-de-r17990\/","title":{"rendered":"Sala de Jantar com Tampo de MDF Laqueado sem Vidro com 4 Cadeiras"},"content":{"rendered":"<p>Momentos em fam\u00edlia ou com amigos, s\u00e3o momentos que pode se tornar inesquec\u00edveis e muito agrad\u00e1vel, quando feito saboreando uma saborosa comida.<\/p>\n<p>A mesa DORA \u00e9 ideal para esses momentos, com design moderno e sofisticado, e muita qualidade proporcionando beleza para o ambiente e conforto para sua fam\u00edlia e amigos.<\/p>\n<p>A mesa possui tampo quadrado em MDF 25mm com pintura especial a fim de garantir mais durabilidade ao produto.<\/p>\n<p>A cadeira Bella possui um design moderno e sofisticado, com dimens\u00f5es espa\u00e7osas proporcionando maior conforto e beleza. Seu tecido \u00e9 confeccionado em suede dublado 100% Poli\u00e9ster, a Densidade da espuma do assento \u00e9 D18 e a densidade da espuma do encosto \u00e9 D15.<\/p>\n<p>&#8211; Sem tampo de vidro.<\/p>\n<p>Dimens\u00f5es das Cadeiras:<br \/>\nAltura: 1.02 M<br \/>\nLargura: 0,43 CM<br \/>\nProfundidade: 0,56 CM<\/p>\n<p>Dimens\u00f5es da Mesa:<br \/>\nAltura: 0,80 CM<br \/>\nLargura: 0,90 CM<br \/>\nProfundidade: 0,90 CM<\/p>\n<p>&nbsp;<\/p>\n<p>Por apenas 10x de <span style=\"color: #ff0000;\">R$ 189,9<\/span><strong><span style=\"color: #ff0000;\">0<\/span><\/strong> sem juros no cart\u00e3o ou \u00e0 vista por <span style=\"color: #ff0000;\">R$ 1.899,00<\/span><\/p>\n","protected":false},"excerpt":{"rendered":"<p>Momentos em fam\u00edlia ou com amigos, s\u00e3o momentos que pode se tornar inesquec\u00edveis e muito agrad\u00e1vel, quando feito saboreando uma saborosa comida. A mesa DORA \u00e9 ideal para esses momentos, com design moderno e sofisticado, e muita qualidade proporcionando beleza para o ambiente e conforto para sua fam\u00edlia e amigos. A mesa possui tampo quadrado &hellip; <a href=\"https:\/\/tudomoveisbelem.com.br\/v19\/produto\/sala-de-jantar-com-tampo-de-mdf-laqueado-sem-vidro-com-4-cadeiras-10x-de-r17990\/\" class=\"more-link\">Continue lendo<span class=\"screen-reader-text\"> &#8220;Sala de Jantar com Tampo de MDF Laqueado sem Vidro com 4 Cadeiras&#8221;<\/span><\/a><\/p>\n","protected":false},"featured_media":28388,"comment_status":"closed","ping_status":"closed","template":"","meta":[],"product_brand":[],"product_cat":[40],"product_tag":[],"class_list":{"0":"post-28387","1":"product","2":"type-product","3":"status-publish","4":"has-post-thumbnail","6":"product_cat-mesas","8":"first","9":"instock","10":"shipping-taxable","11":"product-type-simple"},"_links":{"self":[{"href":"https:\/\/tudomoveisbelem.com.br\/v19\/wp-json\/wp\/v2\/product\/28387","targetHints":{"allow":["GET"]}}],"collection":[{"href":"https:\/\/tudomoveisbelem.com.br\/v19\/wp-json\/wp\/v2\/product"}],"about":[{"href":"https:\/\/tudomoveisbelem.com.br\/v19\/wp-json\/wp\/v2\/types\/product"}],"replies":[{"embeddable":true,"href":"https:\/\/tudomoveisbelem.com.br\/v19\/wp-json\/wp\/v2\/comments?post=28387"}],"version-history":[{"count":6,"href":"https:\/\/tudomoveisbelem.com.br\/v19\/wp-json\/wp\/v2\/product\/28387\/revisions"}],"predecessor-version":[{"id":34968,"href":"https:\/\/tudomoveisbelem.com.br\/v19\/wp-json\/wp\/v2\/product\/28387\/revisions\/34968"}],"wp:featuredmedia":[{"embeddable":true,"href":"https:\/\/tudomoveisbelem.com.br\/v19\/wp-json\/wp\/v2\/media\/28388"}],"wp:attachment":[{"href":"https:\/\/tudomoveisbelem.com.br\/v19\/wp-json\/wp\/v2\/media?parent=28387"}],"wp:term":[{"taxonomy":"product_brand","embeddable":true,"href":"https:\/\/tudomoveisbelem.com.br\/v19\/wp-json\/wp\/v2\/product_brand?post=28387"},{"taxonomy":"product_cat","embeddable":true,"href":"https:\/\/tudomoveisbelem.com.br\/v19\/wp-json\/wp\/v2\/product_cat?post=28387"},{"taxonomy":"product_tag","embeddable":true,"href":"https:\/\/tudomoveisbelem.com.br\/v19\/wp-json\/wp\/v2\/product_tag?post=28387"}],"curies":[{"name":"wp","href":"https:\/\/api.w.org\/{rel}","templated":true}]}}