{"id":28379,"date":"2024-04-30T14:37:40","date_gmt":"2024-04-30T14:37:40","guid":{"rendered":"https:\/\/tudomoveisbelem.com.br\/v19\/?post_type=product&#038;p=28379"},"modified":"2026-03-19T10:06:59","modified_gmt":"2026-03-19T10:06:59","slug":"colchao-solteiro-espuma-ortobom-d28-10x-de-r7290","status":"publish","type":"product","link":"https:\/\/tudomoveisbelem.com.br\/v19\/produto\/colchao-solteiro-espuma-ortobom-d28-10x-de-r7290\/","title":{"rendered":"Colch\u00e3o Solteiro Espuma Ortobom D-28 12x de R$ 83,25."},"content":{"rendered":"<p>PROMO\u00c7\u00c3O<br \/>\nDe R$ 1.200,00<br \/>\nPor 12x de R$ 83,25 sem juros no cart\u00e3o ou \u00e0 vista por R$ 999,00.<\/p>\n<p>&nbsp;<\/p>\n<p>\ud83d\udecf\ufe0f SONO DE QUALIDADE COME\u00c7A AQUI!<br \/>\nSeu descanso merece o melhor! O Colch\u00e3o Solteiro Ortobom Fit D28 foi pensado para garantir conforto, suporte e bem-estar todas as noites.<\/p>\n<p>\ud83c\udf19 Destaques que fazem a diferen\u00e7a:<br \/>\n\u2714\ufe0f Espuma D28 Pr\u00f3 Aditivada \u2013 sustenta\u00e7\u00e3o ideal para at\u00e9 80kg com durabilidade e conforto<br \/>\n\u2714\ufe0f Tampo Bordado em Matelass\u00ea \u2013 toque extra de maciez e aconchego<br \/>\n\u2714\ufe0f Revestimento em Viscopoli \u2013 com tratamento antial\u00e9rgico e anti\u00e1caro<br \/>\n\u2714\ufe0f Estrutura firme, perfeita para quem busca mais ergonomia no descanso<\/p>\n<p>\ud83d\udccf Medidas:<br \/>\nLargura: 88cm<br \/>\nComprimento: 1,88m<br \/>\nAltura: 20cm<\/p>\n<p>\ud83d\ude9a ENTREGA GR\u00c1TIS em Bel\u00e9m, Ananindeua e Marituba<br \/>\n\ud83d\udecd\ufe0f Compre em nossas lojas ou pelo WhatsApp<br \/>\n\ud83d\udcb0 Pague no ato da entrega<br \/>\n\u2705 Produto NOVO com garantia do fabricante<\/p>\n<p>\ud83d\ude34 Durma melhor. Acorde renovado.<br \/>\nVem pra Tudo M\u00f3veis, onde o conforto do seu lar \u00e9 prioridade!<\/p>\n","protected":false},"excerpt":{"rendered":"<p><span style=\"color: #ff0000;\">Promo\u00e7\u00e3o!<\/span><br \/>\nDe <del><span style=\"color: #ff0000;\">R$1.100,00<\/span><\/del><br \/>\nPor apenas 10x de <span style=\"color: #ff0000;\">R$89,90<\/span> sem juros no cart\u00e3o ou \u00e0 vista por <span style=\"color: #ff0000;\">R$899,00.<\/span><\/p>\n","protected":false},"featured_media":28383,"comment_status":"closed","ping_status":"closed","template":"","meta":[],"product_brand":[],"product_cat":[39],"product_tag":[],"class_list":{"0":"post-28379","1":"product","2":"type-product","3":"status-publish","4":"has-post-thumbnail","6":"product_cat-camas","8":"first","9":"instock","10":"shipping-taxable","11":"product-type-simple"},"_links":{"self":[{"href":"https:\/\/tudomoveisbelem.com.br\/v19\/wp-json\/wp\/v2\/product\/28379","targetHints":{"allow":["GET"]}}],"collection":[{"href":"https:\/\/tudomoveisbelem.com.br\/v19\/wp-json\/wp\/v2\/product"}],"about":[{"href":"https:\/\/tudomoveisbelem.com.br\/v19\/wp-json\/wp\/v2\/types\/product"}],"replies":[{"embeddable":true,"href":"https:\/\/tudomoveisbelem.com.br\/v19\/wp-json\/wp\/v2\/comments?post=28379"}],"version-history":[{"count":8,"href":"https:\/\/tudomoveisbelem.com.br\/v19\/wp-json\/wp\/v2\/product\/28379\/revisions"}],"predecessor-version":[{"id":37111,"href":"https:\/\/tudomoveisbelem.com.br\/v19\/wp-json\/wp\/v2\/product\/28379\/revisions\/37111"}],"wp:featuredmedia":[{"embeddable":true,"href":"https:\/\/tudomoveisbelem.com.br\/v19\/wp-json\/wp\/v2\/media\/28383"}],"wp:attachment":[{"href":"https:\/\/tudomoveisbelem.com.br\/v19\/wp-json\/wp\/v2\/media?parent=28379"}],"wp:term":[{"taxonomy":"product_brand","embeddable":true,"href":"https:\/\/tudomoveisbelem.com.br\/v19\/wp-json\/wp\/v2\/product_brand?post=28379"},{"taxonomy":"product_cat","embeddable":true,"href":"https:\/\/tudomoveisbelem.com.br\/v19\/wp-json\/wp\/v2\/product_cat?post=28379"},{"taxonomy":"product_tag","embeddable":true,"href":"https:\/\/tudomoveisbelem.com.br\/v19\/wp-json\/wp\/v2\/product_tag?post=28379"}],"curies":[{"name":"wp","href":"https:\/\/api.w.org\/{rel}","templated":true}]}}