{"id":28192,"date":"2024-04-19T15:31:48","date_gmt":"2024-04-19T15:31:48","guid":{"rendered":"https:\/\/tudomoveisbelem.com.br\/v19\/?post_type=product&#038;p=28192"},"modified":"2024-06-06T14:43:07","modified_gmt":"2024-06-06T14:43:07","slug":"multi-comoda-10x-sem-juros-de-r11000","status":"publish","type":"product","link":"https:\/\/tudomoveisbelem.com.br\/v19\/produto\/multi-comoda-10x-sem-juros-de-r11000\/","title":{"rendered":"Multi C\u00f4moda 10x de R$ 110,00"},"content":{"rendered":"<p>A C\u00f4moda Multiuso Marab\u00e1 da Santos Andir\u00e1 \u00e9 um m\u00f3vel incr\u00edvel que pode ser utilizado em v\u00e1rios ambientes da casa: na cozinha, na garagem, no quarto ou at\u00e9m mesmo na lavandeira. Suas in\u00fameras utilidades permitem guardar muitos objetos, roupas, utens\u00edlios entre outros. Possui 6 amplas gavetas com corredi\u00e7as met\u00e1licas, 1 prateleira externa que pode ser usada para decorar com porta retratos ou vaso de flores. Al\u00e9m disso, tem 1 porta com 3 prateleiras para voc\u00ea deixar tudo bem organizado e arrumado. \u00c9 muito espa\u00e7o para guardar tudo que precisa! Sua estrutura em MDP, com revestimento em pintura UV na cor Jatob\u00e1 e Areia deixa a pe\u00e7a elegante, moderna e perfeita para qualquer ambiente. A c\u00f4moda permite instalar p\u00e9s, para que o m\u00f3vel fique elevado e facilite a limpeza embaixo dele.<\/p>\n<p>Largura: 96,2 CM<br \/>\nAltura: 163,5 M<br \/>\nProfundidade: 40 CM<\/p>\n","protected":false},"excerpt":{"rendered":"<p>Por apenas 10x sem juros de <strong><span style=\"color: #ff0000;\">R$ 110,00<\/span> <\/strong>no cart\u00e3o ou \u00e0 vista por <strong><span style=\"color: #ff0000;\">R$ 1.100,00.<\/span><\/strong><\/p>\n","protected":false},"featured_media":28193,"comment_status":"closed","ping_status":"closed","template":"","meta":[],"product_brand":[],"product_cat":[74],"product_tag":[],"class_list":{"0":"post-28192","1":"product","2":"type-product","3":"status-publish","4":"has-post-thumbnail","6":"product_cat-comoda","8":"first","9":"instock","10":"shipping-taxable","11":"product-type-simple"},"_links":{"self":[{"href":"https:\/\/tudomoveisbelem.com.br\/v19\/wp-json\/wp\/v2\/product\/28192","targetHints":{"allow":["GET"]}}],"collection":[{"href":"https:\/\/tudomoveisbelem.com.br\/v19\/wp-json\/wp\/v2\/product"}],"about":[{"href":"https:\/\/tudomoveisbelem.com.br\/v19\/wp-json\/wp\/v2\/types\/product"}],"replies":[{"embeddable":true,"href":"https:\/\/tudomoveisbelem.com.br\/v19\/wp-json\/wp\/v2\/comments?post=28192"}],"version-history":[{"count":4,"href":"https:\/\/tudomoveisbelem.com.br\/v19\/wp-json\/wp\/v2\/product\/28192\/revisions"}],"predecessor-version":[{"id":29675,"href":"https:\/\/tudomoveisbelem.com.br\/v19\/wp-json\/wp\/v2\/product\/28192\/revisions\/29675"}],"wp:featuredmedia":[{"embeddable":true,"href":"https:\/\/tudomoveisbelem.com.br\/v19\/wp-json\/wp\/v2\/media\/28193"}],"wp:attachment":[{"href":"https:\/\/tudomoveisbelem.com.br\/v19\/wp-json\/wp\/v2\/media?parent=28192"}],"wp:term":[{"taxonomy":"product_brand","embeddable":true,"href":"https:\/\/tudomoveisbelem.com.br\/v19\/wp-json\/wp\/v2\/product_brand?post=28192"},{"taxonomy":"product_cat","embeddable":true,"href":"https:\/\/tudomoveisbelem.com.br\/v19\/wp-json\/wp\/v2\/product_cat?post=28192"},{"taxonomy":"product_tag","embeddable":true,"href":"https:\/\/tudomoveisbelem.com.br\/v19\/wp-json\/wp\/v2\/product_tag?post=28192"}],"curies":[{"name":"wp","href":"https:\/\/api.w.org\/{rel}","templated":true}]}}