{"id":28051,"date":"2024-04-12T14:48:24","date_gmt":"2024-04-12T14:48:24","guid":{"rendered":"https:\/\/tudomoveisbelem.com.br\/v19\/?post_type=product&#038;p=28051"},"modified":"2025-08-26T17:02:28","modified_gmt":"2025-08-26T17:02:28","slug":"puff-em-linho-e-couro-com-pes-em-madeira-10-x-r4990","status":"publish","type":"product","link":"https:\/\/tudomoveisbelem.com.br\/v19\/produto\/puff-em-linho-e-couro-com-pes-em-madeira-10-x-r4990\/","title":{"rendered":"Puff em Linho e Couro com P\u00e9s em Madeira"},"content":{"rendered":"<p>Puff Miami, confort\u00e1vel e resistente, p\u00e9s em madeira maci\u00e7a, revestimento em linho com o assento de alta qualidade, estrutura em madeira de florestamento, ja vai montado pronto para utilizar.<\/p>\n<p>Dimens\u00f5es:<br \/>\nLargura: 0,42 CM<br \/>\nAltura: 0,41 CM<br \/>\nProfundidade: 0,26 CM<\/p>\n<p>&nbsp;<\/p>\n<p>&nbsp;<\/p>\n<p>Por apenas 10x sem juros de R$49,90 no cart\u00e3o ou \u00e0 vista por R$499,00<\/p>\n","protected":false},"excerpt":{"rendered":"<p>Puff Miami, confort\u00e1vel e resistente, p\u00e9s em madeira maci\u00e7a, revestimento em linho com o assento de alta qualidade, estrutura em madeira de florestamento, ja vai montado pronto para utilizar. Dimens\u00f5es: Largura: 0,42 CM Altura: 0,41 CM Profundidade: 0,26 CM &nbsp; &nbsp; Por apenas 10x sem juros de R$49,90 no cart\u00e3o ou \u00e0 vista por R$499,00<\/p>\n","protected":false},"featured_media":28053,"comment_status":"closed","ping_status":"closed","template":"","meta":[],"product_brand":[],"product_cat":[154],"product_tag":[],"class_list":{"0":"post-28051","1":"product","2":"type-product","3":"status-publish","4":"has-post-thumbnail","6":"product_cat-aparadores-buffets","8":"first","9":"instock","10":"shipping-taxable","11":"product-type-simple"},"_links":{"self":[{"href":"https:\/\/tudomoveisbelem.com.br\/v19\/wp-json\/wp\/v2\/product\/28051","targetHints":{"allow":["GET"]}}],"collection":[{"href":"https:\/\/tudomoveisbelem.com.br\/v19\/wp-json\/wp\/v2\/product"}],"about":[{"href":"https:\/\/tudomoveisbelem.com.br\/v19\/wp-json\/wp\/v2\/types\/product"}],"replies":[{"embeddable":true,"href":"https:\/\/tudomoveisbelem.com.br\/v19\/wp-json\/wp\/v2\/comments?post=28051"}],"version-history":[{"count":5,"href":"https:\/\/tudomoveisbelem.com.br\/v19\/wp-json\/wp\/v2\/product\/28051\/revisions"}],"predecessor-version":[{"id":34847,"href":"https:\/\/tudomoveisbelem.com.br\/v19\/wp-json\/wp\/v2\/product\/28051\/revisions\/34847"}],"wp:featuredmedia":[{"embeddable":true,"href":"https:\/\/tudomoveisbelem.com.br\/v19\/wp-json\/wp\/v2\/media\/28053"}],"wp:attachment":[{"href":"https:\/\/tudomoveisbelem.com.br\/v19\/wp-json\/wp\/v2\/media?parent=28051"}],"wp:term":[{"taxonomy":"product_brand","embeddable":true,"href":"https:\/\/tudomoveisbelem.com.br\/v19\/wp-json\/wp\/v2\/product_brand?post=28051"},{"taxonomy":"product_cat","embeddable":true,"href":"https:\/\/tudomoveisbelem.com.br\/v19\/wp-json\/wp\/v2\/product_cat?post=28051"},{"taxonomy":"product_tag","embeddable":true,"href":"https:\/\/tudomoveisbelem.com.br\/v19\/wp-json\/wp\/v2\/product_tag?post=28051"}],"curies":[{"name":"wp","href":"https:\/\/api.w.org\/{rel}","templated":true}]}}