{"id":28030,"date":"2024-04-04T00:19:21","date_gmt":"2024-04-04T00:19:21","guid":{"rendered":"https:\/\/tudomoveisbelem.com.br\/v19\/?post_type=product&#038;p=28030"},"modified":"2025-03-19T17:15:28","modified_gmt":"2025-03-19T17:15:28","slug":"base-box-sommier-ortobom-camurca-super-king-10-x-r9490","status":"publish","type":"product","link":"https:\/\/tudomoveisbelem.com.br\/v19\/produto\/base-box-sommier-ortobom-camurca-super-king-10-x-r9490\/","title":{"rendered":"Base Box Sommier Ortobom Camur\u00e7a Super King 10x de R$ 119,90"},"content":{"rendered":"<p>Que tal a Base Box Camur\u00e7a? Um bom colch\u00e3o pede uma base pronta para oferecer um \u00f3timo descanso, n\u00e3o \u00e9? E se voc\u00ea est\u00e1 procurando uma nova op\u00e7\u00e3o para o seu companheiro das horas de sono, o que acha de apostar na Base Box Camur\u00e7a? Estruturada em madeira eucalipto, ela oferece seguran\u00e7a para as suas noites ou para aqueles momentos de soneca, al\u00e9m de contar com revestimento na cor creme para deixar a sua decora\u00e7\u00e3o sofisticada e aconchegante. Ah, ela possui detalhes bordados para elevar o chBra\u00e7oe do seu lar-style. Bom, n\u00e9?<\/p>\n<p>Dimens\u00f5es da Base:<br \/>\nLargura: 2.03 M<br \/>\nProfundidade: 1.93 M<br \/>\nAltura: 0,43 CM<\/p>\n","protected":false},"excerpt":{"rendered":"<p>Promo\u00e7\u00e3o!<br \/>\nDe <del><span style=\"color: #ff0000;\">R$1.400,00<\/span><\/del><br \/>\nPor apenas 10x de <span style=\"color: #ff0000;\">R$119,90<\/span> sem juros no cart\u00e3o ou \u00e0 vista por <span style=\"color: #ff0000;\">R$1.199,00.<\/span><\/p>\n","protected":false},"featured_media":28034,"comment_status":"closed","ping_status":"closed","template":"","meta":[],"product_brand":[],"product_cat":[39],"product_tag":[],"class_list":{"0":"post-28030","1":"product","2":"type-product","3":"status-publish","4":"has-post-thumbnail","6":"product_cat-camas","8":"first","9":"instock","10":"shipping-taxable","11":"product-type-simple"},"_links":{"self":[{"href":"https:\/\/tudomoveisbelem.com.br\/v19\/wp-json\/wp\/v2\/product\/28030","targetHints":{"allow":["GET"]}}],"collection":[{"href":"https:\/\/tudomoveisbelem.com.br\/v19\/wp-json\/wp\/v2\/product"}],"about":[{"href":"https:\/\/tudomoveisbelem.com.br\/v19\/wp-json\/wp\/v2\/types\/product"}],"replies":[{"embeddable":true,"href":"https:\/\/tudomoveisbelem.com.br\/v19\/wp-json\/wp\/v2\/comments?post=28030"}],"version-history":[{"count":5,"href":"https:\/\/tudomoveisbelem.com.br\/v19\/wp-json\/wp\/v2\/product\/28030\/revisions"}],"predecessor-version":[{"id":32881,"href":"https:\/\/tudomoveisbelem.com.br\/v19\/wp-json\/wp\/v2\/product\/28030\/revisions\/32881"}],"wp:featuredmedia":[{"embeddable":true,"href":"https:\/\/tudomoveisbelem.com.br\/v19\/wp-json\/wp\/v2\/media\/28034"}],"wp:attachment":[{"href":"https:\/\/tudomoveisbelem.com.br\/v19\/wp-json\/wp\/v2\/media?parent=28030"}],"wp:term":[{"taxonomy":"product_brand","embeddable":true,"href":"https:\/\/tudomoveisbelem.com.br\/v19\/wp-json\/wp\/v2\/product_brand?post=28030"},{"taxonomy":"product_cat","embeddable":true,"href":"https:\/\/tudomoveisbelem.com.br\/v19\/wp-json\/wp\/v2\/product_cat?post=28030"},{"taxonomy":"product_tag","embeddable":true,"href":"https:\/\/tudomoveisbelem.com.br\/v19\/wp-json\/wp\/v2\/product_tag?post=28030"}],"curies":[{"name":"wp","href":"https:\/\/api.w.org\/{rel}","templated":true}]}}