{"id":27821,"date":"2024-03-20T14:30:18","date_gmt":"2024-03-20T14:30:18","guid":{"rendered":"https:\/\/tudomoveisbelem.com.br\/v19\/?post_type=product&#038;p=27821"},"modified":"2026-03-30T16:19:06","modified_gmt":"2026-03-30T16:19:06","slug":"sofa-retratil-reclinavel-2-30-com-molas-e-carregador-usb-10x-sem-juros-de-r34990","status":"publish","type":"product","link":"https:\/\/tudomoveisbelem.com.br\/v19\/produto\/sofa-retratil-reclinavel-2-30-com-molas-e-carregador-usb-10x-sem-juros-de-r34990\/","title":{"rendered":"Sof\u00e1 Retr\u00e1til Reclin\u00e1vel 2.30 M com Molas e USB 12x de R$366,58."},"content":{"rendered":"<p>\ud83d\udecb\ufe0f\u26a1 CONFORTO E TECNOLOGIA NO MESMO SOF\u00c1!<br \/>\nJ\u00e1 imaginou assistir \u00e0 sua s\u00e9rie favorita ou tirar aquele cochilo perfeito num sof\u00e1 ultra confort\u00e1vel que ainda carrega seu celular? \ud83d\ude0d<br \/>\nO Sof\u00e1 Caribe Retr\u00e1til e Reclin\u00e1vel 2,30m \u00e9 puro luxo, conforto e funcionalidade!<\/p>\n<p>\u2728 Destaques imperd\u00edveis:<br \/>\n\u2714\ufe0f Carregador USB integrado \ud83d\udd0c<br \/>\n\u2714\ufe0f 6 posi\u00e7\u00f5es de encosto reclin\u00e1vel<br \/>\n\u2714\ufe0f Assento retr\u00e1til com molas para m\u00e1ximo conforto<br \/>\n\u2714\ufe0f Encosto com fibra siliconada<br \/>\n\u2714\ufe0f Madeira de eucalipto + persintas italianas<br \/>\n\u2714\ufe0f Rod\u00edzios de silicone + costura pespontada = durabilidade e eleg\u00e2ncia<\/p>\n<p>\ud83d\udccf Medidas:<br \/>\nLargura: 2,33m | Altura: 1,02m<br \/>\nProfundidade: 1,17m (fechado) e 1,57m (aberto)<\/p>\n<p>\ud83d\udcb0 De<del><strong> R$5.500,00<\/strong><\/del><br \/>\n\u27a1\ufe0f S\u00f3 <span style=\"color: #ff0000;\"><strong>12x de R$366,58<\/strong><\/span> sem juros ou R$4.399,00 \u00e0 vista<\/p>\n<p>\ud83d\ude9b Entrega e montagem 100% GR\u00c1TIS em Bel\u00e9m, Ananindeua e Marituba<br \/>\n\ud83d\udcb3 Pagamento facilitado no cart\u00e3o ou na entrega<\/p>\n<p>\ud83d\udcf2 Chama no WhatsApp ou venha at\u00e9 uma de nossas lojas e garanta o seu!<br \/>\nTudo M\u00f3veis \u2013 Conforto de verdade, com qualidade e praticidade!<\/p>\n","protected":false},"excerpt":{"rendered":"<p>\ud83d\udecb\ufe0f\u26a1 CONFORTO E TECNOLOGIA NO MESMO SOF\u00c1! J\u00e1 imaginou assistir \u00e0 sua s\u00e9rie favorita ou tirar aquele cochilo perfeito num sof\u00e1 ultra confort\u00e1vel que ainda carrega seu celular? \ud83d\ude0d O Sof\u00e1 Caribe Retr\u00e1til e Reclin\u00e1vel 2,30m \u00e9 puro luxo, conforto e funcionalidade! \u2728 Destaques imperd\u00edveis: \u2714\ufe0f Carregador USB integrado \ud83d\udd0c \u2714\ufe0f 6 posi\u00e7\u00f5es de encosto &hellip; <a href=\"https:\/\/tudomoveisbelem.com.br\/v19\/produto\/sofa-retratil-reclinavel-2-30-com-molas-e-carregador-usb-10x-sem-juros-de-r34990\/\" class=\"more-link\">Continue lendo<span class=\"screen-reader-text\"> &#8220;Sof\u00e1 Retr\u00e1til Reclin\u00e1vel 2.30 M com Molas e USB 12x de R$366,58.&#8221;<\/span><\/a><\/p>\n","protected":false},"featured_media":27825,"comment_status":"closed","ping_status":"closed","template":"","meta":[],"product_brand":[],"product_cat":[30],"product_tag":[],"class_list":{"0":"post-27821","1":"product","2":"type-product","3":"status-publish","4":"has-post-thumbnail","6":"product_cat-sofas","8":"first","9":"instock","10":"shipping-taxable","11":"product-type-simple"},"_links":{"self":[{"href":"https:\/\/tudomoveisbelem.com.br\/v19\/wp-json\/wp\/v2\/product\/27821","targetHints":{"allow":["GET"]}}],"collection":[{"href":"https:\/\/tudomoveisbelem.com.br\/v19\/wp-json\/wp\/v2\/product"}],"about":[{"href":"https:\/\/tudomoveisbelem.com.br\/v19\/wp-json\/wp\/v2\/types\/product"}],"replies":[{"embeddable":true,"href":"https:\/\/tudomoveisbelem.com.br\/v19\/wp-json\/wp\/v2\/comments?post=27821"}],"version-history":[{"count":15,"href":"https:\/\/tudomoveisbelem.com.br\/v19\/wp-json\/wp\/v2\/product\/27821\/revisions"}],"predecessor-version":[{"id":37155,"href":"https:\/\/tudomoveisbelem.com.br\/v19\/wp-json\/wp\/v2\/product\/27821\/revisions\/37155"}],"wp:featuredmedia":[{"embeddable":true,"href":"https:\/\/tudomoveisbelem.com.br\/v19\/wp-json\/wp\/v2\/media\/27825"}],"wp:attachment":[{"href":"https:\/\/tudomoveisbelem.com.br\/v19\/wp-json\/wp\/v2\/media?parent=27821"}],"wp:term":[{"taxonomy":"product_brand","embeddable":true,"href":"https:\/\/tudomoveisbelem.com.br\/v19\/wp-json\/wp\/v2\/product_brand?post=27821"},{"taxonomy":"product_cat","embeddable":true,"href":"https:\/\/tudomoveisbelem.com.br\/v19\/wp-json\/wp\/v2\/product_cat?post=27821"},{"taxonomy":"product_tag","embeddable":true,"href":"https:\/\/tudomoveisbelem.com.br\/v19\/wp-json\/wp\/v2\/product_tag?post=27821"}],"curies":[{"name":"wp","href":"https:\/\/api.w.org\/{rel}","templated":true}]}}