{"id":27812,"date":"2024-03-16T18:03:58","date_gmt":"2024-03-16T18:03:58","guid":{"rendered":"https:\/\/tudomoveisbelem.com.br\/v19\/?post_type=product&#038;p=27812"},"modified":"2026-03-30T16:14:56","modified_gmt":"2026-03-30T16:14:56","slug":"sofa-retratil-e-reclinavel-2-50-m-c-usb-10x-r38990","status":"publish","type":"product","link":"https:\/\/tudomoveisbelem.com.br\/v19\/produto\/sofa-retratil-e-reclinavel-2-50-m-c-usb-10x-r38990\/","title":{"rendered":"Sof\u00e1 Retr\u00e1til e Reclin\u00e1vel 2.50 M com USB 12x sem juros de R$391,58."},"content":{"rendered":"<p>SOF\u00c1 2,50M RETR\u00c1TIL E RECLIN\u00c1VEL COM USB E MOLAS NO ASSENTO<\/p>\n<p>A escolha ideal para quem busca tecnologia, conforto e eleg\u00e2ncia na sala de estar. Um sof\u00e1 moderno, espa\u00e7oso e pensado para proporcionar momentos de descanso com ainda mais praticidade no dia a dia.<\/p>\n<p>Destaques que fazem toda a diferen\u00e7a:<br \/>\n\u2014 Revestido em veludo: toque macio, visual elegante e f\u00e1cil de combinar com qualquer ambiente.<br \/>\n\u2014 Carregador USB integrado: mais praticidade para carregar seus dispositivos enquanto relaxa.<br \/>\n\u2014 Encosto reclin\u00e1vel e assento retr\u00e1til com pillow top: muito mais conforto para os momentos de descanso.<br \/>\n\u2014 Espuma D28 com molas bonnel: sustenta\u00e7\u00e3o e conforto equilibrado.<br \/>\n\u2014 Suporta at\u00e9 150 kg por pessoa: estrutura resistente e dur\u00e1vel.<br \/>\n\u2014 Rod\u00edzios de silicone e p\u00e9s em madeira maci\u00e7a: mais estabilidade, mobilidade e acabamento sofisticado.<\/p>\n<p>Medidas:<br \/>\nLargura: 2,50m<br \/>\nProfundidade: 1,23m (fechado) | 1,75m (aberto)<br \/>\nAltura: 1,03m<\/p>\n<p>De R$5.800,00<br \/>\nPor apenas 12x sem juros de R$391,58 no cart\u00e3o<br \/>\nou \u00e0 vista por R$4.699,00.<\/p>\n<p>Entrega e montagem GR\u00c1TIS no mesmo dia em Bel\u00e9m, Ananindeua e Marituba.<br \/>\nProduto novo, direto da loja para o seu lar, com garantia de f\u00e1brica.<\/p>\n<p>Compre agora pelo WhatsApp ou visite uma de nossas lojas f\u00edsicas.<\/p>\n","protected":false},"excerpt":{"rendered":"<p>SOF\u00c1 2,50M RETR\u00c1TIL E RECLIN\u00c1VEL COM USB E MOLAS NO ASSENTO A escolha ideal para quem busca tecnologia, conforto e eleg\u00e2ncia na sala de estar. Um sof\u00e1 moderno, espa\u00e7oso e pensado para proporcionar momentos de descanso com ainda mais praticidade no dia a dia. Destaques que fazem toda a diferen\u00e7a: \u2014 Revestido em veludo: toque &hellip; <a href=\"https:\/\/tudomoveisbelem.com.br\/v19\/produto\/sofa-retratil-e-reclinavel-2-50-m-c-usb-10x-r38990\/\" class=\"more-link\">Continue lendo<span class=\"screen-reader-text\"> &#8220;Sof\u00e1 Retr\u00e1til e Reclin\u00e1vel 2.50 M com USB 12x sem juros de R$391,58.&#8221;<\/span><\/a><\/p>\n","protected":false},"featured_media":27817,"comment_status":"closed","ping_status":"closed","template":"","meta":[],"product_brand":[],"product_cat":[30],"product_tag":[],"class_list":{"0":"post-27812","1":"product","2":"type-product","3":"status-publish","4":"has-post-thumbnail","6":"product_cat-sofas","8":"first","9":"instock","10":"shipping-taxable","11":"product-type-simple"},"_links":{"self":[{"href":"https:\/\/tudomoveisbelem.com.br\/v19\/wp-json\/wp\/v2\/product\/27812","targetHints":{"allow":["GET"]}}],"collection":[{"href":"https:\/\/tudomoveisbelem.com.br\/v19\/wp-json\/wp\/v2\/product"}],"about":[{"href":"https:\/\/tudomoveisbelem.com.br\/v19\/wp-json\/wp\/v2\/types\/product"}],"replies":[{"embeddable":true,"href":"https:\/\/tudomoveisbelem.com.br\/v19\/wp-json\/wp\/v2\/comments?post=27812"}],"version-history":[{"count":12,"href":"https:\/\/tudomoveisbelem.com.br\/v19\/wp-json\/wp\/v2\/product\/27812\/revisions"}],"predecessor-version":[{"id":37150,"href":"https:\/\/tudomoveisbelem.com.br\/v19\/wp-json\/wp\/v2\/product\/27812\/revisions\/37150"}],"wp:featuredmedia":[{"embeddable":true,"href":"https:\/\/tudomoveisbelem.com.br\/v19\/wp-json\/wp\/v2\/media\/27817"}],"wp:attachment":[{"href":"https:\/\/tudomoveisbelem.com.br\/v19\/wp-json\/wp\/v2\/media?parent=27812"}],"wp:term":[{"taxonomy":"product_brand","embeddable":true,"href":"https:\/\/tudomoveisbelem.com.br\/v19\/wp-json\/wp\/v2\/product_brand?post=27812"},{"taxonomy":"product_cat","embeddable":true,"href":"https:\/\/tudomoveisbelem.com.br\/v19\/wp-json\/wp\/v2\/product_cat?post=27812"},{"taxonomy":"product_tag","embeddable":true,"href":"https:\/\/tudomoveisbelem.com.br\/v19\/wp-json\/wp\/v2\/product_tag?post=27812"}],"curies":[{"name":"wp","href":"https:\/\/api.w.org\/{rel}","templated":true}]}}