{"id":27766,"date":"2024-03-15T19:38:35","date_gmt":"2024-03-15T19:38:35","guid":{"rendered":"https:\/\/tudomoveisbelem.com.br\/v19\/?post_type=product&#038;p=27766"},"modified":"2025-08-26T18:04:19","modified_gmt":"2025-08-26T18:04:19","slug":"buffet-elegance-4-portas-c-detalhes-curvos-1-60m-10x-r9990","status":"publish","type":"product","link":"https:\/\/tudomoveisbelem.com.br\/v19\/produto\/buffet-elegance-4-portas-c-detalhes-curvos-1-60m-10x-r9990\/","title":{"rendered":"Buffet Elegance 4 Portas 1.60 M"},"content":{"rendered":"<p>Se voc\u00ea est\u00e1 procurando por um buffet elegante e funcional, ent\u00e3o o Buffet Elegance \u00e9 a escolha certa para voc\u00ea. Com um design moderno e sofisticado, este m\u00f3vel \u00e9 perfeito para ser usado como bancada para acomodar bebidas e objetos decorativos, ou para guardar lou\u00e7as e talheres, tamb\u00e9m podendo ser usado como cantinho do caf\u00e9, aparador, ou um excelente apoio em seu hall de entrada. Ele oferece todo o espa\u00e7o necess\u00e1rio para decorar e organizar seus utens\u00edlios, da melhor maneira poss\u00edvel.<br \/>\nO Buffet Elegance \u00e9 fabricado com materiais de alta qualidade, garantindo durabilidade e resist\u00eancia ao longo do tempo. Al\u00e9m disso, possui um design curvo moderno e elegante, que vai deixar sua sala de estar ou de jantar muito mais bonita e atual.<br \/>\nE o melhor \u00e9 que o Buffet Elegance \u00e9 perfeito para ser combinado com outros m\u00f3veis da linha Elegance, formando um ambiente completo e elegante.<\/p>\n<p>Diferenciais<br \/>\n&#8211; Elegantes detalhes curvos;<br \/>\n&#8211; Quatro portas com dobradi\u00e7as met\u00e1licas;<br \/>\n&#8211; Duas prateleiras fixas;<br \/>\n&#8211; P\u00e9s de MDF 25mm;<br \/>\n&#8211; O acabamento madeirado do m\u00f3vel \u00e9 feito em pintura UV texturizada, e o Off White \u00e9 feito em pintura UV alto brilho, ambos de longa durabilidade e f\u00e1cil limpeza.<\/p>\n<p>Dimens\u00f5es<br \/>\nLargura: 1.60 M<br \/>\nAltura: 0,77 CM<br \/>\nProfundidade: 0,46 CM<\/p>\n<p>&nbsp;<\/p>\n<p>&nbsp;<\/p>\n<p>Por apenas 10x de <span style=\"color: #ff0000;\">R$119,90<\/span> sem juros no cart\u00e3o ou \u00e0 vista por <span style=\"color: #ff0000;\">R$1.199,00.<\/span><\/p>\n","protected":false},"excerpt":{"rendered":"<p>Se voc\u00ea est\u00e1 procurando por um buffet elegante e funcional, ent\u00e3o o Buffet Elegance \u00e9 a escolha certa para voc\u00ea. Com um design moderno e sofisticado, este m\u00f3vel \u00e9 perfeito para ser usado como bancada para acomodar bebidas e objetos decorativos, ou para guardar lou\u00e7as e talheres, tamb\u00e9m podendo ser usado como cantinho do caf\u00e9, &hellip; <a href=\"https:\/\/tudomoveisbelem.com.br\/v19\/produto\/buffet-elegance-4-portas-c-detalhes-curvos-1-60m-10x-r9990\/\" class=\"more-link\">Continue lendo<span class=\"screen-reader-text\"> &#8220;Buffet Elegance 4 Portas 1.60 M&#8221;<\/span><\/a><\/p>\n","protected":false},"featured_media":27768,"comment_status":"closed","ping_status":"closed","template":"","meta":[],"product_brand":[],"product_cat":[155],"product_tag":[],"class_list":{"0":"post-27766","1":"product","2":"type-product","3":"status-publish","4":"has-post-thumbnail","6":"product_cat-aparadores-buffets-2","8":"first","9":"instock","10":"shipping-taxable","11":"product-type-simple"},"_links":{"self":[{"href":"https:\/\/tudomoveisbelem.com.br\/v19\/wp-json\/wp\/v2\/product\/27766","targetHints":{"allow":["GET"]}}],"collection":[{"href":"https:\/\/tudomoveisbelem.com.br\/v19\/wp-json\/wp\/v2\/product"}],"about":[{"href":"https:\/\/tudomoveisbelem.com.br\/v19\/wp-json\/wp\/v2\/types\/product"}],"replies":[{"embeddable":true,"href":"https:\/\/tudomoveisbelem.com.br\/v19\/wp-json\/wp\/v2\/comments?post=27766"}],"version-history":[{"count":7,"href":"https:\/\/tudomoveisbelem.com.br\/v19\/wp-json\/wp\/v2\/product\/27766\/revisions"}],"predecessor-version":[{"id":34865,"href":"https:\/\/tudomoveisbelem.com.br\/v19\/wp-json\/wp\/v2\/product\/27766\/revisions\/34865"}],"wp:featuredmedia":[{"embeddable":true,"href":"https:\/\/tudomoveisbelem.com.br\/v19\/wp-json\/wp\/v2\/media\/27768"}],"wp:attachment":[{"href":"https:\/\/tudomoveisbelem.com.br\/v19\/wp-json\/wp\/v2\/media?parent=27766"}],"wp:term":[{"taxonomy":"product_brand","embeddable":true,"href":"https:\/\/tudomoveisbelem.com.br\/v19\/wp-json\/wp\/v2\/product_brand?post=27766"},{"taxonomy":"product_cat","embeddable":true,"href":"https:\/\/tudomoveisbelem.com.br\/v19\/wp-json\/wp\/v2\/product_cat?post=27766"},{"taxonomy":"product_tag","embeddable":true,"href":"https:\/\/tudomoveisbelem.com.br\/v19\/wp-json\/wp\/v2\/product_tag?post=27766"}],"curies":[{"name":"wp","href":"https:\/\/api.w.org\/{rel}","templated":true}]}}