{"id":27754,"date":"2024-03-15T19:28:36","date_gmt":"2024-03-15T19:28:36","guid":{"rendered":"https:\/\/tudomoveisbelem.com.br\/v19\/?post_type=product&#038;p=27754"},"modified":"2025-03-13T19:10:44","modified_gmt":"2025-03-13T19:10:44","slug":"rack-p-tv-ate-86-polegadas-2-portas-e-7-nichos-10x-r-10990","status":"publish","type":"product","link":"https:\/\/tudomoveisbelem.com.br\/v19\/produto\/rack-p-tv-ate-86-polegadas-2-portas-e-7-nichos-10x-r-10990\/","title":{"rendered":"Rack para TV at\u00e9 86&#8243; 2 Portas e 7 Nichos 10x de R$ 119,90"},"content":{"rendered":"<p>O Rack Elegance \u00e9 o m\u00f3vel perfeito para quem tem um amplo espa\u00e7o e ama assistir filmes, s\u00e9ries, not\u00edcias e jogos em grande estilo. Com elegantes detalhes curvos e seus v\u00e1rios nichos, voc\u00ea poder\u00e1 exibir sua decora\u00e7\u00e3o com sofistica\u00e7\u00e3o e deixar sua sala de estar ainda mais bonita. E o melhor de tudo, \u00e9 que o Rack Elegance pode ser combinado com o\u00a0Painel Elegance, formando um ambiente incr\u00edvel e completo para sua sala de estar. Imagine assistir ao seu filme favorito com a sensa\u00e7\u00e3o de estar em um cinema, tudo isso com muito estilo e eleg\u00e2ncia.<\/p>\n<p>Diferenciais:<br \/>\n&#8211; Suporta com seguran\u00e7a televisores widescreen e ultra widescreen de at\u00e9 86?;<br \/>\n&#8211; Portas com dobradi\u00e7as met\u00e1licas;<br \/>\n&#8211; Amplo espa\u00e7o;<br \/>\n&#8211; Diversos nichos;<br \/>\n&#8211; Elegantes detalhes curvos;<br \/>\n&#8211; O acabamento madeirado do m\u00f3vel \u00e9 feito em pintura UV texturizada, e o Off White \u00e9 feito em pintura UV alto brilho, ambos de longa durabilidade e f\u00e1cil limpeza.<\/p>\n<p>Dimens\u00f5es<br \/>\nLargura: 2.20 M<br \/>\nAltura: 0,61 CM<br \/>\nProfundidade: 0,44 CM<\/p>\n","protected":false},"excerpt":{"rendered":"<p>Por apenas 10x de <span style=\"color: #ff0000;\">R$119,90<\/span> sem juros no cart\u00e3o ou \u00e0 vista por <span style=\"color: #ff0000;\">R$1.199,00.<\/span><\/p>\n","protected":false},"featured_media":27758,"comment_status":"closed","ping_status":"closed","template":"","meta":[],"product_brand":[],"product_cat":[43],"product_tag":[],"class_list":{"0":"post-27754","1":"product","2":"type-product","3":"status-publish","4":"has-post-thumbnail","6":"product_cat-racks","8":"first","9":"instock","10":"shipping-taxable","11":"product-type-simple"},"_links":{"self":[{"href":"https:\/\/tudomoveisbelem.com.br\/v19\/wp-json\/wp\/v2\/product\/27754","targetHints":{"allow":["GET"]}}],"collection":[{"href":"https:\/\/tudomoveisbelem.com.br\/v19\/wp-json\/wp\/v2\/product"}],"about":[{"href":"https:\/\/tudomoveisbelem.com.br\/v19\/wp-json\/wp\/v2\/types\/product"}],"replies":[{"embeddable":true,"href":"https:\/\/tudomoveisbelem.com.br\/v19\/wp-json\/wp\/v2\/comments?post=27754"}],"version-history":[{"count":5,"href":"https:\/\/tudomoveisbelem.com.br\/v19\/wp-json\/wp\/v2\/product\/27754\/revisions"}],"predecessor-version":[{"id":32871,"href":"https:\/\/tudomoveisbelem.com.br\/v19\/wp-json\/wp\/v2\/product\/27754\/revisions\/32871"}],"wp:featuredmedia":[{"embeddable":true,"href":"https:\/\/tudomoveisbelem.com.br\/v19\/wp-json\/wp\/v2\/media\/27758"}],"wp:attachment":[{"href":"https:\/\/tudomoveisbelem.com.br\/v19\/wp-json\/wp\/v2\/media?parent=27754"}],"wp:term":[{"taxonomy":"product_brand","embeddable":true,"href":"https:\/\/tudomoveisbelem.com.br\/v19\/wp-json\/wp\/v2\/product_brand?post=27754"},{"taxonomy":"product_cat","embeddable":true,"href":"https:\/\/tudomoveisbelem.com.br\/v19\/wp-json\/wp\/v2\/product_cat?post=27754"},{"taxonomy":"product_tag","embeddable":true,"href":"https:\/\/tudomoveisbelem.com.br\/v19\/wp-json\/wp\/v2\/product_tag?post=27754"}],"curies":[{"name":"wp","href":"https:\/\/api.w.org\/{rel}","templated":true}]}}