{"id":27563,"date":"2024-03-11T19:33:15","date_gmt":"2024-03-11T19:33:15","guid":{"rendered":"https:\/\/tudomoveisbelem.com.br\/v19\/?post_type=product&#038;p=27563"},"modified":"2025-04-18T13:07:12","modified_gmt":"2025-04-18T13:07:12","slug":"conjunto-box-queen-springpocket-10x-r24980","status":"publish","type":"product","link":"https:\/\/tudomoveisbelem.com.br\/v19\/produto\/conjunto-box-queen-springpocket-10x-r24980\/","title":{"rendered":"Conjunto Box Queen Ortobom Springpocket 10x de R$ 329,80"},"content":{"rendered":"<p>O Colch\u00e3o Airtech Spring Pocket tem sua estrutura composta por Molas Superpocket ensacadas individualmente, que fazem o peso de um corpo n\u00e3o interferir no conforto do outro, proporcionando um perfeito suporte para a coluna e conforto para qualquer bi\u00f3tipo, possui Ortopillow e em sua camada de conforto espuma D26 Pr\u00f3 Aditivada de Alta Performance, bordado em matelass\u00ea e placa eps. Seu tampo \u00e9 em malha de alta qualidade e lateral em Camu\u00e7a, apresentando um toque refinado ao colch\u00e3o. Possui a tecnologia No Turn, que dispensa a necessidade de virar o colch\u00e3o. O Airtech Spring Pocket recebe tratamento antial\u00e9rgico e anti\u00e1caro, ajudando a reduzir os problemas respirat\u00f3rios. Ideal para suas confort\u00e1veis noites de sono.<\/p>\n<p>Caracter\u00edsticas:<br \/>\n&#8211; Estrutura em molas Superpocket (ensacadas individualmente), placa eps, Ortopillow, tampo em malha, bordado em Matelass\u00ea, manta de espuma D26 Pr\u00f3, faixa lateral em Camur\u00e7a, No Turn (n\u00e3o precisa virar), tratamento antial\u00e9rgico e anti\u00e1caro<\/p>\n<p>Dimens\u00f5es:<br \/>\nLargura: 1.98 M<br \/>\nProfundidade: 1.58 M<br \/>\nAltura: 0,73 CM<\/p>\n","protected":false},"excerpt":{"rendered":"<p><span style=\"color: #ff0000;\">Promo\u00e7\u00e3o!<\/span><br \/>\nDe <span style=\"color: #ff0000;\">R$4.100,00<\/span><br \/>\nPor apenas 10x de <span style=\"color: #ff0000;\">R$329,80<\/span> sem juros no cart\u00e3o ou \u00e0 vista por <span style=\"color: #ff0000;\">R$3.298,00.<\/span><\/p>\n","protected":false},"featured_media":27564,"comment_status":"closed","ping_status":"closed","template":"","meta":[],"product_brand":[],"product_cat":[39],"product_tag":[],"class_list":{"0":"post-27563","1":"product","2":"type-product","3":"status-publish","4":"has-post-thumbnail","6":"product_cat-camas","8":"first","9":"instock","10":"shipping-taxable","11":"product-type-simple"},"_links":{"self":[{"href":"https:\/\/tudomoveisbelem.com.br\/v19\/wp-json\/wp\/v2\/product\/27563","targetHints":{"allow":["GET"]}}],"collection":[{"href":"https:\/\/tudomoveisbelem.com.br\/v19\/wp-json\/wp\/v2\/product"}],"about":[{"href":"https:\/\/tudomoveisbelem.com.br\/v19\/wp-json\/wp\/v2\/types\/product"}],"replies":[{"embeddable":true,"href":"https:\/\/tudomoveisbelem.com.br\/v19\/wp-json\/wp\/v2\/comments?post=27563"}],"version-history":[{"count":7,"href":"https:\/\/tudomoveisbelem.com.br\/v19\/wp-json\/wp\/v2\/product\/27563\/revisions"}],"predecessor-version":[{"id":33399,"href":"https:\/\/tudomoveisbelem.com.br\/v19\/wp-json\/wp\/v2\/product\/27563\/revisions\/33399"}],"wp:featuredmedia":[{"embeddable":true,"href":"https:\/\/tudomoveisbelem.com.br\/v19\/wp-json\/wp\/v2\/media\/27564"}],"wp:attachment":[{"href":"https:\/\/tudomoveisbelem.com.br\/v19\/wp-json\/wp\/v2\/media?parent=27563"}],"wp:term":[{"taxonomy":"product_brand","embeddable":true,"href":"https:\/\/tudomoveisbelem.com.br\/v19\/wp-json\/wp\/v2\/product_brand?post=27563"},{"taxonomy":"product_cat","embeddable":true,"href":"https:\/\/tudomoveisbelem.com.br\/v19\/wp-json\/wp\/v2\/product_cat?post=27563"},{"taxonomy":"product_tag","embeddable":true,"href":"https:\/\/tudomoveisbelem.com.br\/v19\/wp-json\/wp\/v2\/product_tag?post=27563"}],"curies":[{"name":"wp","href":"https:\/\/api.w.org\/{rel}","templated":true}]}}