{"id":26930,"date":"2024-02-16T21:58:55","date_gmt":"2024-02-16T21:58:55","guid":{"rendered":"https:\/\/tudomoveisbelem.com.br\/v19\/?post_type=product&#038;p=26930"},"modified":"2026-01-07T17:37:13","modified_gmt":"2026-01-07T17:37:13","slug":"base-box-sommier-ortobom-camurca-1-38x1-88m-promocao-de-r80000-por-apenas-10x-sem-juros-de-r5990-no-cartao-ou-a-vista-por-r59900","status":"publish","type":"product","link":"https:\/\/tudomoveisbelem.com.br\/v19\/produto\/base-box-sommier-ortobom-camurca-1-38x1-88m-promocao-de-r80000-por-apenas-10x-sem-juros-de-r5990-no-cartao-ou-a-vista-por-r59900\/","title":{"rendered":"Base Box Sommier Ortobom Camur\u00e7a."},"content":{"rendered":"<p>\ud83d\udd25 LAN\u00c7AMENTO EXCLUSIVO \u2013 BASE BOX SOMMIER ORTOBOM CAMUR\u00c7A\ud83d\udd25<\/p>\n<p>Conforto, resist\u00eancia e acabamento premium para completar o seu colch\u00e3o Ortobom com perfei\u00e7\u00e3o! \ud83d\udecf\ufe0f\u2728<\/p>\n<p>\u2728 Diferenciais que fazem a diferen\u00e7a:<br \/>\n\u2714\ufe0f Estrutura em madeira de eucalipto domus com bactericida natural \ud83c\udf33<br \/>\n\u2714\ufe0f Revestimento em camur\u00e7a \u2014 elegante e sofisticado<br \/>\n\u2714\ufe0f Espuma pr\u00f3 aditivada com poliol \u00e0 base de soja<br \/>\n\u2714\ufe0f Suporta at\u00e9 150kg por pessoa<br \/>\n\u2714\ufe0f Tratamento antial\u00e9rgico e anti\u00e1caro<br \/>\n\u2714\ufe0f Acompanha jogo de p\u00e9s em PVC<\/p>\n<p>\ud83d\udcd0 Dimens\u00f5es:<br \/>\nAltura: 43 cm (30 cm base + 13 cm p\u00e9s)<br \/>\nLargura: 1,88 m<br \/>\nProfundidade: 1,38 m<\/p>\n<p>\ud83d\ude9a\ud83d\udee0\ufe0f Entrega e montagem GR\u00c1TIS<br \/>\n\ud83d\udccd Bel\u00e9m, Ananindeua e Marituba<\/p>\n<p>\ud83d\udcb3 PROMO\u00c7\u00c3O LAN\u00c7AMENTO EXCLUSIVO<br \/>\n\ud83d\udd25 De <del>R$ 1.000,00<\/del><br \/>\n\ud83d\udc49 Por apenas 12x de <span style=\"color: #ff0000;\"><strong>R$ 66,58<\/strong><\/span> sem juros<br \/>\n\ud83d\udca5 Ou \u00e0 vista por R$ 799,00<\/p>\n<p>\u2728 Uma base firme transforma qualquer colch\u00e3o em descanso de verdade. \ud83d\udc99<\/p>\n","protected":false},"excerpt":{"rendered":"<p>De <del><span style=\"color: #ff0000;\">R$900,00<\/span><\/del><br \/>\nPor apenas 10x de <span style=\"color: #ff0000;\">R$69,90<\/span> sem juros no cart\u00e3o ou \u00e0 vista por <span style=\"color: #ff0000;\">R$699,00.<\/span><\/p>\n","protected":false},"featured_media":26932,"comment_status":"closed","ping_status":"closed","template":"","meta":[],"product_brand":[],"product_cat":[39],"product_tag":[],"class_list":{"0":"post-26930","1":"product","2":"type-product","3":"status-publish","4":"has-post-thumbnail","6":"product_cat-camas","8":"first","9":"instock","10":"shipping-taxable","11":"product-type-simple"},"_links":{"self":[{"href":"https:\/\/tudomoveisbelem.com.br\/v19\/wp-json\/wp\/v2\/product\/26930","targetHints":{"allow":["GET"]}}],"collection":[{"href":"https:\/\/tudomoveisbelem.com.br\/v19\/wp-json\/wp\/v2\/product"}],"about":[{"href":"https:\/\/tudomoveisbelem.com.br\/v19\/wp-json\/wp\/v2\/types\/product"}],"replies":[{"embeddable":true,"href":"https:\/\/tudomoveisbelem.com.br\/v19\/wp-json\/wp\/v2\/comments?post=26930"}],"version-history":[{"count":9,"href":"https:\/\/tudomoveisbelem.com.br\/v19\/wp-json\/wp\/v2\/product\/26930\/revisions"}],"predecessor-version":[{"id":29394,"href":"https:\/\/tudomoveisbelem.com.br\/v19\/wp-json\/wp\/v2\/product\/26930\/revisions\/29394"}],"wp:featuredmedia":[{"embeddable":true,"href":"https:\/\/tudomoveisbelem.com.br\/v19\/wp-json\/wp\/v2\/media\/26932"}],"wp:attachment":[{"href":"https:\/\/tudomoveisbelem.com.br\/v19\/wp-json\/wp\/v2\/media?parent=26930"}],"wp:term":[{"taxonomy":"product_brand","embeddable":true,"href":"https:\/\/tudomoveisbelem.com.br\/v19\/wp-json\/wp\/v2\/product_brand?post=26930"},{"taxonomy":"product_cat","embeddable":true,"href":"https:\/\/tudomoveisbelem.com.br\/v19\/wp-json\/wp\/v2\/product_cat?post=26930"},{"taxonomy":"product_tag","embeddable":true,"href":"https:\/\/tudomoveisbelem.com.br\/v19\/wp-json\/wp\/v2\/product_tag?post=26930"}],"curies":[{"name":"wp","href":"https:\/\/api.w.org\/{rel}","templated":true}]}}