{"id":26886,"date":"2024-02-03T19:54:23","date_gmt":"2024-02-03T19:54:23","guid":{"rendered":"https:\/\/tudomoveisbelem.com.br\/v19\/?post_type=product&#038;p=26886"},"modified":"2025-02-13T19:46:28","modified_gmt":"2025-02-13T19:46:28","slug":"base-bau-casal-phys-camurca-ortobom-1-38m-x-1-88m-por-apenas-10x-sem-juros-de-r14990-no-cartao-ou-a-vista-por-r1-49900","status":"publish","type":"product","link":"https:\/\/tudomoveisbelem.com.br\/v19\/produto\/base-bau-casal-phys-camurca-ortobom-1-38m-x-1-88m-por-apenas-10x-sem-juros-de-r14990-no-cartao-ou-a-vista-por-r1-49900\/","title":{"rendered":"Base Ba\u00fa Casal Ortobom 1.38 M x 1.88 M 10x de R$ 159,90"},"content":{"rendered":"<p>A Base Ba\u00fa Phys Camur\u00e7a Marrom Casal \u00e9 o produto ideal para quem busca maximizar espa\u00e7o em seus ambientes, possui um excelente Ba\u00fa interno que \u00e9 capaz de guardar toda a roupa de base e tudo mais que desejar sem ocupar outros moveis do quarto. O produto \u00e9 composto 100% com madeira de reflorestamento e espuma Pr\u00f3 Aditivada com Poliol a base de Soja, preocupa\u00e7\u00e3o da Ortobom com a sustentabilidade e com o meio ambiente. seu revestimento \u00e9 em camur\u00e7a. A base ba\u00fa physical acompanha jogo de p\u00e9s em PVC e sistema de suporte e amortecimento. \u00c9 a combina\u00e7\u00e3o perfeita de Modernidade e Praticidade em um s\u00f3 produto.<\/p>\n<p>Caracter\u00edsticas:<br \/>\n&#8211; Anti\u00e1caro;<br \/>\n&#8211; Antial\u00e9rgico;<br \/>\n&#8211; Sistema de amortecimento em pist\u00e3o a g\u00e1s;<br \/>\n&#8211; Estrutura em madeira de reflorestamento; &#8211; Revestido em Material Sint\u00e9tico;<br \/>\n&#8211; Acompanha jogo de p\u00e9s em PVC;<br \/>\n-Capacidade de suporte: At\u00e9 150kg por pessoa al\u00e9m do Colch\u00e3o.<\/p>\n<p>Dimens\u00f5es:<br \/>\nProfundidade: 1.88 M<br \/>\nLargura: 1.38 M<br \/>\nAltura: 0,39 CM<br \/>\nProfundidade interna: 0,29 CM<\/p>\n","protected":false},"excerpt":{"rendered":"<p>De <del><span style=\"color: #ff0000;\">R$2.000,00<\/span><\/del><br \/>\nPor apenas 10x de <span style=\"color: #ff0000;\">R$159,90<\/span> sem juros no cart\u00e3o ou \u00e0 vista por <span style=\"color: #ff0000;\">R$1.599,00.<\/span><\/p>\n","protected":false},"featured_media":26887,"comment_status":"closed","ping_status":"closed","template":"","meta":[],"product_brand":[],"product_cat":[39],"product_tag":[],"class_list":{"0":"post-26886","1":"product","2":"type-product","3":"status-publish","4":"has-post-thumbnail","6":"product_cat-camas","8":"first","9":"instock","10":"shipping-taxable","11":"product-type-simple"},"_links":{"self":[{"href":"https:\/\/tudomoveisbelem.com.br\/v19\/wp-json\/wp\/v2\/product\/26886","targetHints":{"allow":["GET"]}}],"collection":[{"href":"https:\/\/tudomoveisbelem.com.br\/v19\/wp-json\/wp\/v2\/product"}],"about":[{"href":"https:\/\/tudomoveisbelem.com.br\/v19\/wp-json\/wp\/v2\/types\/product"}],"replies":[{"embeddable":true,"href":"https:\/\/tudomoveisbelem.com.br\/v19\/wp-json\/wp\/v2\/comments?post=26886"}],"version-history":[{"count":8,"href":"https:\/\/tudomoveisbelem.com.br\/v19\/wp-json\/wp\/v2\/product\/26886\/revisions"}],"predecessor-version":[{"id":32517,"href":"https:\/\/tudomoveisbelem.com.br\/v19\/wp-json\/wp\/v2\/product\/26886\/revisions\/32517"}],"wp:featuredmedia":[{"embeddable":true,"href":"https:\/\/tudomoveisbelem.com.br\/v19\/wp-json\/wp\/v2\/media\/26887"}],"wp:attachment":[{"href":"https:\/\/tudomoveisbelem.com.br\/v19\/wp-json\/wp\/v2\/media?parent=26886"}],"wp:term":[{"taxonomy":"product_brand","embeddable":true,"href":"https:\/\/tudomoveisbelem.com.br\/v19\/wp-json\/wp\/v2\/product_brand?post=26886"},{"taxonomy":"product_cat","embeddable":true,"href":"https:\/\/tudomoveisbelem.com.br\/v19\/wp-json\/wp\/v2\/product_cat?post=26886"},{"taxonomy":"product_tag","embeddable":true,"href":"https:\/\/tudomoveisbelem.com.br\/v19\/wp-json\/wp\/v2\/product_tag?post=26886"}],"curies":[{"name":"wp","href":"https:\/\/api.w.org\/{rel}","templated":true}]}}