{"id":26734,"date":"2024-01-27T20:36:44","date_gmt":"2024-01-27T20:36:44","guid":{"rendered":"https:\/\/tudomoveisbelem.com.br\/v19\/?post_type=product&#038;p=26734"},"modified":"2026-03-30T15:59:10","modified_gmt":"2026-03-30T15:59:10","slug":"sofa-com-porta-copos-e-carregador-usb-retratil-e-reclinavel-2-30m-por-apenas-10x-sem-juros-de-r23990-no-cartao-ou-a-vista-por-r2-39900","status":"publish","type":"product","link":"https:\/\/tudomoveisbelem.com.br\/v19\/produto\/sofa-com-porta-copos-e-carregador-usb-retratil-e-reclinavel-2-30m-por-apenas-10x-sem-juros-de-r23990-no-cartao-ou-a-vista-por-r2-39900\/","title":{"rendered":"Sof\u00e1 2.30 M com Porta Copos e Carregador USB 10x de R$266,58."},"content":{"rendered":"<p>Sof\u00e1 Retr\u00e1til e Reclin\u00e1vel 2,30m com Porta-Copos e Carregador USB!<\/p>\n<p>Perfeito para quem ama curtir momentos relaxantes com estilo e funcionalidade:<br \/>\n\u2714\ufe0f Revestimento em velosuede macio e elegante<br \/>\n\u2714\ufe0f Porta-copos embutido para sua bebida favorita \ud83c\udf77<br \/>\n\u2714\ufe0f Carregador USB integrado \u2013 nunca mais fique sem bateria \ud83d\udd0b<br \/>\n\u2714\ufe0f Estrutura em madeira de eucalipto de reflorestamento \ud83c\udf31<br \/>\n\u2714\ufe0f Assento com Espuma D-24 + Percinta El\u00e1stica<br \/>\n\u2714\ufe0f Encosto superconfort\u00e1vel com flocos de espuma e fibra siliconada<\/p>\n<p>\ud83d\udcd0 Dimens\u00f5es:<br \/>\nLargura: 2,30m<br \/>\nAltura: 1,00m<br \/>\nProfundidade (fechado): 85cm<br \/>\nProfundidade (aberto): 1,22m<\/p>\n<p>\ud83d\udcb3 Promo\u00e7\u00e3o de lan\u00e7amento:<br \/>\nDe <del>R$3.600,00<\/del><br \/>\nPor apenas 10x de <span style=\"color: #ff0000;\">R$266,580<\/span> sem juros no cart\u00e3o \ud83d\udcb3<br \/>\nOu <span style=\"color: #ff0000;\">R$3.199,00<\/span> \u00e0 vista \ud83d\udcb0<\/p>\n<p>\ud83d\ude9a Na Tudo M\u00f3veis \u00e9 diferente:<br \/>\n\u2705 Entrega + montagem GR\u00c1TIS<br \/>\n\u2705 Produto 100% novo com garantia oficial do fabricante<br \/>\n\u2705 Compre na loja f\u00edsica ou pelo WhatsApp e pague s\u00f3 na entrega!<\/p>\n<p>\ud83d\udc49 N\u00e3o perca esse lan\u00e7amento incr\u00edvel! Viva a experi\u00eancia de um sof\u00e1 completo, moderno e superconfort\u00e1vel com quem entende de m\u00f3veis!<\/p>\n","protected":false},"excerpt":{"rendered":"<p>Sof\u00e1 Retr\u00e1til e Reclin\u00e1vel 2,30m com Porta-Copos e Carregador USB! Perfeito para quem ama curtir momentos relaxantes com estilo e funcionalidade: \u2714\ufe0f Revestimento em velosuede macio e elegante \u2714\ufe0f Porta-copos embutido para sua bebida favorita \ud83c\udf77 \u2714\ufe0f Carregador USB integrado \u2013 nunca mais fique sem bateria \ud83d\udd0b \u2714\ufe0f Estrutura em madeira de eucalipto de reflorestamento &hellip; <a href=\"https:\/\/tudomoveisbelem.com.br\/v19\/produto\/sofa-com-porta-copos-e-carregador-usb-retratil-e-reclinavel-2-30m-por-apenas-10x-sem-juros-de-r23990-no-cartao-ou-a-vista-por-r2-39900\/\" class=\"more-link\">Continue lendo<span class=\"screen-reader-text\"> &#8220;Sof\u00e1 2.30 M com Porta Copos e Carregador USB 10x de R$266,58.&#8221;<\/span><\/a><\/p>\n","protected":false},"featured_media":35136,"comment_status":"closed","ping_status":"closed","template":"","meta":[],"product_brand":[],"product_cat":[30],"product_tag":[],"class_list":{"0":"post-26734","1":"product","2":"type-product","3":"status-publish","4":"has-post-thumbnail","6":"product_cat-sofas","8":"first","9":"instock","10":"shipping-taxable","11":"product-type-simple"},"_links":{"self":[{"href":"https:\/\/tudomoveisbelem.com.br\/v19\/wp-json\/wp\/v2\/product\/26734","targetHints":{"allow":["GET"]}}],"collection":[{"href":"https:\/\/tudomoveisbelem.com.br\/v19\/wp-json\/wp\/v2\/product"}],"about":[{"href":"https:\/\/tudomoveisbelem.com.br\/v19\/wp-json\/wp\/v2\/types\/product"}],"replies":[{"embeddable":true,"href":"https:\/\/tudomoveisbelem.com.br\/v19\/wp-json\/wp\/v2\/comments?post=26734"}],"version-history":[{"count":15,"href":"https:\/\/tudomoveisbelem.com.br\/v19\/wp-json\/wp\/v2\/product\/26734\/revisions"}],"predecessor-version":[{"id":37131,"href":"https:\/\/tudomoveisbelem.com.br\/v19\/wp-json\/wp\/v2\/product\/26734\/revisions\/37131"}],"wp:featuredmedia":[{"embeddable":true,"href":"https:\/\/tudomoveisbelem.com.br\/v19\/wp-json\/wp\/v2\/media\/35136"}],"wp:attachment":[{"href":"https:\/\/tudomoveisbelem.com.br\/v19\/wp-json\/wp\/v2\/media?parent=26734"}],"wp:term":[{"taxonomy":"product_brand","embeddable":true,"href":"https:\/\/tudomoveisbelem.com.br\/v19\/wp-json\/wp\/v2\/product_brand?post=26734"},{"taxonomy":"product_cat","embeddable":true,"href":"https:\/\/tudomoveisbelem.com.br\/v19\/wp-json\/wp\/v2\/product_cat?post=26734"},{"taxonomy":"product_tag","embeddable":true,"href":"https:\/\/tudomoveisbelem.com.br\/v19\/wp-json\/wp\/v2\/product_tag?post=26734"}],"curies":[{"name":"wp","href":"https:\/\/api.w.org\/{rel}","templated":true}]}}