{"id":26690,"date":"2024-01-23T20:35:09","date_gmt":"2024-01-23T20:35:09","guid":{"rendered":"https:\/\/tudomoveisbelem.com.br\/v19\/?post_type=product&#038;p=26690"},"modified":"2024-08-22T18:50:15","modified_gmt":"2024-08-22T18:50:15","slug":"estante-escrivaninha-estilo-industrial-1-porta-por-apenas-10x-de-r7990-sem-juros-no-cartao-ou-a-vista-por-r79900","status":"publish","type":"product","link":"https:\/\/tudomoveisbelem.com.br\/v19\/produto\/estante-escrivaninha-estilo-industrial-1-porta-por-apenas-10x-de-r7990-sem-juros-no-cartao-ou-a-vista-por-r79900\/","title":{"rendered":"Estante Escrivaninha Estilo Industrial 1 Porta 10x de R$ 89,90"},"content":{"rendered":"<p>A escrivaninha industrial 100% MDF \u00e9 perfeita para voc\u00ea que quer praticidade em um ambiente moderno. O produto conta com uma mesa no tamanho ideal para estudos e trabalho, possui prateleiras superiores, onde voc\u00ea pode guardar cadernos, livros e revistas, e ainda conta com nichos inferiores e uma porta. Espa\u00e7o \u00e9 o que n\u00e3o falta para voc\u00ea colocar tudo que precisa em seu dia a dia, e assim n\u00e3o precisar se preocupar com mais nada, al\u00e9m de sua produtividade! O detalhe que faz toda a diferen\u00e7a \u00e9 o design industrial, produzido em material 100% MDF.<\/p>\n<p>Dimens\u00f5es:<br \/>\nLargura: 1.35 M<br \/>\nAltura: 1.20 M<br \/>\nProfundidade: 0,44 CM<\/p>\n","protected":false},"excerpt":{"rendered":"<p>Por apenas 10x de <span style=\"color: #ff0000;\">R$ 89,90<\/span> sem juros no cart\u00e3o ou \u00e0 vista por <span style=\"color: #ff0000;\">R$ 899,00<\/span><\/p>\n","protected":false},"featured_media":26693,"comment_status":"closed","ping_status":"closed","template":"","meta":[],"product_brand":[],"product_cat":[32],"product_tag":[],"class_list":{"0":"post-26690","1":"product","2":"type-product","3":"status-publish","4":"has-post-thumbnail","6":"product_cat-escritorio","8":"first","9":"instock","10":"shipping-taxable","11":"product-type-simple"},"_links":{"self":[{"href":"https:\/\/tudomoveisbelem.com.br\/v19\/wp-json\/wp\/v2\/product\/26690","targetHints":{"allow":["GET"]}}],"collection":[{"href":"https:\/\/tudomoveisbelem.com.br\/v19\/wp-json\/wp\/v2\/product"}],"about":[{"href":"https:\/\/tudomoveisbelem.com.br\/v19\/wp-json\/wp\/v2\/types\/product"}],"replies":[{"embeddable":true,"href":"https:\/\/tudomoveisbelem.com.br\/v19\/wp-json\/wp\/v2\/comments?post=26690"}],"version-history":[{"count":4,"href":"https:\/\/tudomoveisbelem.com.br\/v19\/wp-json\/wp\/v2\/product\/26690\/revisions"}],"predecessor-version":[{"id":30706,"href":"https:\/\/tudomoveisbelem.com.br\/v19\/wp-json\/wp\/v2\/product\/26690\/revisions\/30706"}],"wp:featuredmedia":[{"embeddable":true,"href":"https:\/\/tudomoveisbelem.com.br\/v19\/wp-json\/wp\/v2\/media\/26693"}],"wp:attachment":[{"href":"https:\/\/tudomoveisbelem.com.br\/v19\/wp-json\/wp\/v2\/media?parent=26690"}],"wp:term":[{"taxonomy":"product_brand","embeddable":true,"href":"https:\/\/tudomoveisbelem.com.br\/v19\/wp-json\/wp\/v2\/product_brand?post=26690"},{"taxonomy":"product_cat","embeddable":true,"href":"https:\/\/tudomoveisbelem.com.br\/v19\/wp-json\/wp\/v2\/product_cat?post=26690"},{"taxonomy":"product_tag","embeddable":true,"href":"https:\/\/tudomoveisbelem.com.br\/v19\/wp-json\/wp\/v2\/product_tag?post=26690"}],"curies":[{"name":"wp","href":"https:\/\/api.w.org\/{rel}","templated":true}]}}