{"id":26662,"date":"2024-01-17T18:57:56","date_gmt":"2024-01-17T18:57:56","guid":{"rendered":"https:\/\/tudomoveisbelem.com.br\/v19\/?post_type=product&#038;p=26662"},"modified":"2025-03-27T13:33:27","modified_gmt":"2025-03-27T13:33:27","slug":"comoda-com-espelho-4-gavetas-1-porta-por-apenas-10x-sem-juros-de-r10990-no-cartao-ou-a-vista-por-r1-09900","status":"publish","type":"product","link":"https:\/\/tudomoveisbelem.com.br\/v19\/produto\/comoda-com-espelho-4-gavetas-1-porta-por-apenas-10x-sem-juros-de-r10990-no-cartao-ou-a-vista-por-r1-09900\/","title":{"rendered":"C\u00f4moda com Espelho 4 Gaveta e 1 Porta 10x de R$ 139,90"},"content":{"rendered":"<p>Esta C\u00f4moda disp\u00f5e de um espa\u00e7o incr\u00edvel para o seu quarto, seja ele de casal, solteiro ou juvenil! No estilo moderno, conta com um design \u00fanico, al\u00e9m de ser muito pr\u00e1tica. Possui 1 porta com espelho, perfeito, que d\u00e1 para se olhar de corpo inteiro na hora de se vestir. Tamb\u00e9m conta com 4 amplas gavetas com corredi\u00e7as met\u00e1licas que permitem guardar roupas, toalhas de banho, len\u00e7\u00f3is e outros com muita organiza\u00e7\u00e3o. E na parte interna, tem 4 prateleiras para guardar sapatos, caixas, decora\u00e7\u00e3o e demais objetos. No tampo \u00e9 poss\u00edvel apoiar mais objetos, maquiagem, etc. Para as aberturas, puxadores estilosos em ABS. S\u00e3o muitas fun\u00e7\u00f5es em um s\u00f3 m\u00f3vel!<\/p>\n<p>SOBRE O PRODUTO<br \/>\n&#8211; 01 porta com espelho e 4 prateleiras;<br \/>\n&#8211; 04 amplas gavetas com corredi\u00e7as met\u00e1licas;<br \/>\n&#8211; Puxadores em ABS na cor dourada;<br \/>\n&#8211; Tampo suporta at\u00e9 15 kg;<br \/>\n&#8211; Medida do espelho: 1610 x 350 mm;<br \/>\n&#8211; Possui p\u00e9s.<\/p>\n<p>Dimens\u00f5es:<br \/>\nAltura: 1.80 M<br \/>\nLargura: 1.06 M<br \/>\nProfundidade: 0,40 CM<\/p>\n","protected":false},"excerpt":{"rendered":"<p>Por apenas 10x de <span style=\"color: #ff0000;\">R$139,90<\/span> sem juros no cart\u00e3o ou \u00e0 vista por <span style=\"color: #ff0000;\">R$1.399,00.<\/span><\/p>\n","protected":false},"featured_media":26664,"comment_status":"closed","ping_status":"closed","template":"","meta":[],"product_brand":[],"product_cat":[74],"product_tag":[],"class_list":{"0":"post-26662","1":"product","2":"type-product","3":"status-publish","4":"has-post-thumbnail","6":"product_cat-comoda","8":"first","9":"instock","10":"shipping-taxable","11":"product-type-simple"},"_links":{"self":[{"href":"https:\/\/tudomoveisbelem.com.br\/v19\/wp-json\/wp\/v2\/product\/26662","targetHints":{"allow":["GET"]}}],"collection":[{"href":"https:\/\/tudomoveisbelem.com.br\/v19\/wp-json\/wp\/v2\/product"}],"about":[{"href":"https:\/\/tudomoveisbelem.com.br\/v19\/wp-json\/wp\/v2\/types\/product"}],"replies":[{"embeddable":true,"href":"https:\/\/tudomoveisbelem.com.br\/v19\/wp-json\/wp\/v2\/comments?post=26662"}],"version-history":[{"count":4,"href":"https:\/\/tudomoveisbelem.com.br\/v19\/wp-json\/wp\/v2\/product\/26662\/revisions"}],"predecessor-version":[{"id":33031,"href":"https:\/\/tudomoveisbelem.com.br\/v19\/wp-json\/wp\/v2\/product\/26662\/revisions\/33031"}],"wp:featuredmedia":[{"embeddable":true,"href":"https:\/\/tudomoveisbelem.com.br\/v19\/wp-json\/wp\/v2\/media\/26664"}],"wp:attachment":[{"href":"https:\/\/tudomoveisbelem.com.br\/v19\/wp-json\/wp\/v2\/media?parent=26662"}],"wp:term":[{"taxonomy":"product_brand","embeddable":true,"href":"https:\/\/tudomoveisbelem.com.br\/v19\/wp-json\/wp\/v2\/product_brand?post=26662"},{"taxonomy":"product_cat","embeddable":true,"href":"https:\/\/tudomoveisbelem.com.br\/v19\/wp-json\/wp\/v2\/product_cat?post=26662"},{"taxonomy":"product_tag","embeddable":true,"href":"https:\/\/tudomoveisbelem.com.br\/v19\/wp-json\/wp\/v2\/product_tag?post=26662"}],"curies":[{"name":"wp","href":"https:\/\/api.w.org\/{rel}","templated":true}]}}