{"id":26398,"date":"2023-12-29T18:23:53","date_gmt":"2023-12-29T18:23:53","guid":{"rendered":"https:\/\/tudomoveisbelem.com.br\/v19\/?post_type=product&#038;p=26398"},"modified":"2025-08-27T22:18:23","modified_gmt":"2025-08-27T22:18:23","slug":"conjunto-bistro-tampo-em-ardosia-mesa-com-3-banquetas-por-apenas-10x-sem-juros-de-r9990-no-cartao-ou-a-vista-por-r99900","status":"publish","type":"product","link":"https:\/\/tudomoveisbelem.com.br\/v19\/produto\/conjunto-bistro-tampo-em-ardosia-mesa-com-3-banquetas-por-apenas-10x-sem-juros-de-r9990-no-cartao-ou-a-vista-por-r99900\/","title":{"rendered":"Conjunto Bistr\u00f4 Tampo em MDF Mesa com 3 Banquetas"},"content":{"rendered":"<p>\ud83d\udea8 LAN\u00c7AMENTO EXCLUSIVO TUDO M\u00d3VEIS!<\/p>\n<p>\ud83c\udf77 CONJUNTO BISTR\u00d4 \u2013 MESA + 3 BANQUETAS<br \/>\nUm toque moderno, pr\u00e1tico e descontra\u00eddo para o seu ambiente! Ideal para receber amigos com estilo, seja em um canto da cozinha, varanda ou espa\u00e7o gourmet.<\/p>\n<p>\u2728 Destaques que encantam:<br \/>\n\u2714\ufe0f Tampo em MDF resistente<br \/>\n\ud83d\udcac Durabilidade e visual moderno para combinar com qualquer decora\u00e7\u00e3o!<\/p>\n<p>\u2714\ufe0f 3 banquetas confort\u00e1veis<br \/>\n\ud83d\udcac Use juntas ou separadas, de acordo com a ocasi\u00e3o!<\/p>\n<p>\u2714\ufe0f Design ideal para eventos informais<br \/>\n\ud83d\udcac Perfeito para apoiar petiscos, bebidas ou criar um espa\u00e7o funcional!<\/p>\n<p>\ud83d\udccf Medidas da mesa:<br \/>\nAltura: 1,00 m<br \/>\nLargura: 60 cm<br \/>\nProfundidade: 60 cm<\/p>\n<p>\ud83d\udccf Medidas da banqueta:<br \/>\nAltura: 89 cm<br \/>\nLargura: 36 cm<br \/>\nProfundidade: 36 cm<\/p>\n<p>\ud83d\ude9b Entrega + montagem gr\u00e1tis em Bel\u00e9m, Ananindeua e Marituba!<br \/>\n\ud83d\udecd\ufe0f Compre nas lojas f\u00edsicas ou chame no WhatsApp e pague na entrega!<\/p>\n<p>&nbsp;<\/p>\n<p>Por apenas 10x de <span style=\"color: #ff0000;\">R$119,90<\/span> sem juros no cart\u00e3o ou \u00e0 vista por<span style=\"color: #ff0000;\"> R$1.199,00.<\/span><\/p>\n","protected":false},"excerpt":{"rendered":"<p>\ud83d\udea8 LAN\u00c7AMENTO EXCLUSIVO TUDO M\u00d3VEIS! \ud83c\udf77 CONJUNTO BISTR\u00d4 \u2013 MESA + 3 BANQUETAS Um toque moderno, pr\u00e1tico e descontra\u00eddo para o seu ambiente! Ideal para receber amigos com estilo, seja em um canto da cozinha, varanda ou espa\u00e7o gourmet. \u2728 Destaques que encantam: \u2714\ufe0f Tampo em MDF resistente \ud83d\udcac Durabilidade e visual moderno para combinar &hellip; <a href=\"https:\/\/tudomoveisbelem.com.br\/v19\/produto\/conjunto-bistro-tampo-em-ardosia-mesa-com-3-banquetas-por-apenas-10x-sem-juros-de-r9990-no-cartao-ou-a-vista-por-r99900\/\" class=\"more-link\">Continue lendo<span class=\"screen-reader-text\"> &#8220;Conjunto Bistr\u00f4 Tampo em MDF Mesa com 3 Banquetas&#8221;<\/span><\/a><\/p>\n","protected":false},"featured_media":26400,"comment_status":"closed","ping_status":"closed","template":"","meta":[],"product_brand":[],"product_cat":[40],"product_tag":[],"class_list":{"0":"post-26398","1":"product","2":"type-product","3":"status-publish","4":"has-post-thumbnail","6":"product_cat-mesas","8":"first","9":"instock","10":"shipping-taxable","11":"product-type-simple"},"_links":{"self":[{"href":"https:\/\/tudomoveisbelem.com.br\/v19\/wp-json\/wp\/v2\/product\/26398","targetHints":{"allow":["GET"]}}],"collection":[{"href":"https:\/\/tudomoveisbelem.com.br\/v19\/wp-json\/wp\/v2\/product"}],"about":[{"href":"https:\/\/tudomoveisbelem.com.br\/v19\/wp-json\/wp\/v2\/types\/product"}],"replies":[{"embeddable":true,"href":"https:\/\/tudomoveisbelem.com.br\/v19\/wp-json\/wp\/v2\/comments?post=26398"}],"version-history":[{"count":8,"href":"https:\/\/tudomoveisbelem.com.br\/v19\/wp-json\/wp\/v2\/product\/26398\/revisions"}],"predecessor-version":[{"id":34906,"href":"https:\/\/tudomoveisbelem.com.br\/v19\/wp-json\/wp\/v2\/product\/26398\/revisions\/34906"}],"wp:featuredmedia":[{"embeddable":true,"href":"https:\/\/tudomoveisbelem.com.br\/v19\/wp-json\/wp\/v2\/media\/26400"}],"wp:attachment":[{"href":"https:\/\/tudomoveisbelem.com.br\/v19\/wp-json\/wp\/v2\/media?parent=26398"}],"wp:term":[{"taxonomy":"product_brand","embeddable":true,"href":"https:\/\/tudomoveisbelem.com.br\/v19\/wp-json\/wp\/v2\/product_brand?post=26398"},{"taxonomy":"product_cat","embeddable":true,"href":"https:\/\/tudomoveisbelem.com.br\/v19\/wp-json\/wp\/v2\/product_cat?post=26398"},{"taxonomy":"product_tag","embeddable":true,"href":"https:\/\/tudomoveisbelem.com.br\/v19\/wp-json\/wp\/v2\/product_tag?post=26398"}],"curies":[{"name":"wp","href":"https:\/\/api.w.org\/{rel}","templated":true}]}}