{"id":24203,"date":"2023-06-23T21:08:34","date_gmt":"2023-06-23T21:08:34","guid":{"rendered":"https:\/\/tudomoveisbelem.com.br\/v19\/?post_type=product&#038;p=24203"},"modified":"2023-06-23T21:08:35","modified_gmt":"2023-06-23T21:08:35","slug":"kit-4-almofadas-decorativas-jacquard-por-apenas-10x-de-r1499-sem-juros-no-cartao-ou-a-vista-por-r14990","status":"publish","type":"product","link":"https:\/\/tudomoveisbelem.com.br\/v19\/produto\/kit-4-almofadas-decorativas-jacquard-por-apenas-10x-de-r1499-sem-juros-no-cartao-ou-a-vista-por-r14990\/","title":{"rendered":"KIT 4 ALMOFADAS DECORATIVAS JACQUARD. Por apenas 10x de  R$14,99 sem juros no cart\u00e3o ou \u00e0 vista por R$149,90"},"content":{"rendered":"<p>KIT 4 ALMOFADAS DECORATIVAS JACQUARD<\/p>\n<p>Por apenas 10x de R$14,99 sem juros no cart\u00e3o ou \u00e0 vista por R$149,90<\/p>\n<p>Este kit com 4 almofadas de tecido Jacquar \u00e9 perfeito para v\u00e1rios ambientes, incluindo sala, quarto, \u00e1reas externas, entre outros. Seu tecido Jacquar \u00e9 um dos melhores e mais procurados no mercado por sua versatilidade e apar\u00eancia que \u00e9 r\u00fastico e ao mesmo tempo elegante.<\/p>\n<p>Descri\u00e7\u00e3o:<br \/>\nEnchimento: Refil de Flocos de Espuma<br \/>\nZ\u00edper Invis\u00edvel: Sim<\/p>\n<p>Dimens\u00f5es<br \/>\nComprimento: 0,45 CM<br \/>\nLargura: 0,45 CM<br \/>\nDi\u00e2metro: 0,16 CM<\/p>\n","protected":false},"excerpt":{"rendered":"<p>KIT 4 ALMOFADAS DECORATIVAS JACQUARD Por apenas 10x de R$14,99 sem juros no cart\u00e3o ou \u00e0 vista por R$149,90 Este kit com 4 almofadas de tecido Jacquar \u00e9 perfeito para v\u00e1rios ambientes, incluindo sala, quarto, \u00e1reas externas, entre outros. Seu tecido Jacquar \u00e9 um dos melhores e mais procurados no mercado por sua versatilidade e &hellip; <a href=\"https:\/\/tudomoveisbelem.com.br\/v19\/produto\/kit-4-almofadas-decorativas-jacquard-por-apenas-10x-de-r1499-sem-juros-no-cartao-ou-a-vista-por-r14990\/\" class=\"more-link\">Continue lendo<span class=\"screen-reader-text\"> &#8220;KIT 4 ALMOFADAS DECORATIVAS JACQUARD. Por apenas 10x de  R$14,99 sem juros no cart\u00e3o ou \u00e0 vista por R$149,90&#8221;<\/span><\/a><\/p>\n","protected":false},"featured_media":24204,"comment_status":"closed","ping_status":"closed","template":"","meta":[],"product_brand":[],"product_cat":[133],"product_tag":[],"class_list":{"0":"post-24203","1":"product","2":"type-product","3":"status-publish","4":"has-post-thumbnail","6":"product_cat-decoracao","8":"first","9":"instock","10":"shipping-taxable","11":"product-type-simple"},"_links":{"self":[{"href":"https:\/\/tudomoveisbelem.com.br\/v19\/wp-json\/wp\/v2\/product\/24203","targetHints":{"allow":["GET"]}}],"collection":[{"href":"https:\/\/tudomoveisbelem.com.br\/v19\/wp-json\/wp\/v2\/product"}],"about":[{"href":"https:\/\/tudomoveisbelem.com.br\/v19\/wp-json\/wp\/v2\/types\/product"}],"replies":[{"embeddable":true,"href":"https:\/\/tudomoveisbelem.com.br\/v19\/wp-json\/wp\/v2\/comments?post=24203"}],"version-history":[{"count":1,"href":"https:\/\/tudomoveisbelem.com.br\/v19\/wp-json\/wp\/v2\/product\/24203\/revisions"}],"predecessor-version":[{"id":24207,"href":"https:\/\/tudomoveisbelem.com.br\/v19\/wp-json\/wp\/v2\/product\/24203\/revisions\/24207"}],"wp:featuredmedia":[{"embeddable":true,"href":"https:\/\/tudomoveisbelem.com.br\/v19\/wp-json\/wp\/v2\/media\/24204"}],"wp:attachment":[{"href":"https:\/\/tudomoveisbelem.com.br\/v19\/wp-json\/wp\/v2\/media?parent=24203"}],"wp:term":[{"taxonomy":"product_brand","embeddable":true,"href":"https:\/\/tudomoveisbelem.com.br\/v19\/wp-json\/wp\/v2\/product_brand?post=24203"},{"taxonomy":"product_cat","embeddable":true,"href":"https:\/\/tudomoveisbelem.com.br\/v19\/wp-json\/wp\/v2\/product_cat?post=24203"},{"taxonomy":"product_tag","embeddable":true,"href":"https:\/\/tudomoveisbelem.com.br\/v19\/wp-json\/wp\/v2\/product_tag?post=24203"}],"curies":[{"name":"wp","href":"https:\/\/api.w.org\/{rel}","templated":true}]}}