{"id":23679,"date":"2023-05-27T21:44:34","date_gmt":"2023-05-27T21:44:34","guid":{"rendered":"https:\/\/tudomoveisbelem.com.br\/v19\/?post_type=product&#038;p=23679"},"modified":"2024-05-31T19:54:16","modified_gmt":"2024-05-31T19:54:16","slug":"puff-decorativo-redondo-com-pes-em-madeira-macica-por-apenas-10x-sem-juros-de-r2490-no-cartao-ou-a-vista-por-r24990","status":"publish","type":"product","link":"https:\/\/tudomoveisbelem.com.br\/v19\/produto\/puff-decorativo-redondo-com-pes-em-madeira-macica-por-apenas-10x-sem-juros-de-r2490-no-cartao-ou-a-vista-por-r24990\/","title":{"rendered":"Puff Decorativo Redondo com P\u00e9s em Madeira Maci\u00e7a 10x\u00a0de R$ 24,90\u00a0"},"content":{"rendered":"<p>Pra quem gosta de decorar a casa e est\u00e1 sempre em busca de m\u00f3veis e pe\u00e7as decorativas, os puffs s\u00e3o vers\u00e1teis, funcionais, divertidos e ainda tem um baixo custo, \u00e9 um item que vai bem em qualquer ambiente, n\u00e3o se limitando apenas a um assento emergencial. Al\u00e9m de serem \u00fateis, podem estar em todos os c\u00f4modos da casa, sala de estar, hall de entrada, quartos, podendo ser usados at\u00e9 mesmo como mesa de cabeceira ou para dividir ambientes. Abuse da sua criatividade!<\/p>\n<p>Dimens\u00f5es<br \/>\nAltura: 0,45 CM<br \/>\nLargura: 0,34 CM<br \/>\nProfundidade: 0,34 CM<\/p>\n","protected":false},"excerpt":{"rendered":"<p>Por\u00a0<span style=\"color: #ff0000;\"><strong>10x<\/strong>\u00a0<strong>R$ 24,90<\/strong><\/span>\u00a0sem juros<br \/>\nNo cart\u00e3o ou \u00e0 vista por<strong>\u00a0<span style=\"color: #ff0000;\">R$ 249,00.<\/span><\/strong><\/p>\n","protected":false},"featured_media":23682,"comment_status":"closed","ping_status":"closed","template":"","meta":[],"product_brand":[],"product_cat":[29],"product_tag":[],"class_list":{"0":"post-23679","1":"product","2":"type-product","3":"status-publish","4":"has-post-thumbnail","6":"product_cat-sala","8":"first","9":"instock","10":"shipping-taxable","11":"product-type-simple"},"_links":{"self":[{"href":"https:\/\/tudomoveisbelem.com.br\/v19\/wp-json\/wp\/v2\/product\/23679","targetHints":{"allow":["GET"]}}],"collection":[{"href":"https:\/\/tudomoveisbelem.com.br\/v19\/wp-json\/wp\/v2\/product"}],"about":[{"href":"https:\/\/tudomoveisbelem.com.br\/v19\/wp-json\/wp\/v2\/types\/product"}],"replies":[{"embeddable":true,"href":"https:\/\/tudomoveisbelem.com.br\/v19\/wp-json\/wp\/v2\/comments?post=23679"}],"version-history":[{"count":6,"href":"https:\/\/tudomoveisbelem.com.br\/v19\/wp-json\/wp\/v2\/product\/23679\/revisions"}],"predecessor-version":[{"id":29204,"href":"https:\/\/tudomoveisbelem.com.br\/v19\/wp-json\/wp\/v2\/product\/23679\/revisions\/29204"}],"wp:featuredmedia":[{"embeddable":true,"href":"https:\/\/tudomoveisbelem.com.br\/v19\/wp-json\/wp\/v2\/media\/23682"}],"wp:attachment":[{"href":"https:\/\/tudomoveisbelem.com.br\/v19\/wp-json\/wp\/v2\/media?parent=23679"}],"wp:term":[{"taxonomy":"product_brand","embeddable":true,"href":"https:\/\/tudomoveisbelem.com.br\/v19\/wp-json\/wp\/v2\/product_brand?post=23679"},{"taxonomy":"product_cat","embeddable":true,"href":"https:\/\/tudomoveisbelem.com.br\/v19\/wp-json\/wp\/v2\/product_cat?post=23679"},{"taxonomy":"product_tag","embeddable":true,"href":"https:\/\/tudomoveisbelem.com.br\/v19\/wp-json\/wp\/v2\/product_tag?post=23679"}],"curies":[{"name":"wp","href":"https:\/\/api.w.org\/{rel}","templated":true}]}}