{"id":23668,"date":"2023-05-27T21:19:49","date_gmt":"2023-05-27T21:19:49","guid":{"rendered":"https:\/\/tudomoveisbelem.com.br\/v19\/?post_type=product&#038;p=23668"},"modified":"2024-05-31T19:07:43","modified_gmt":"2024-05-31T19:07:43","slug":"esteira-porta-copos-de-madeira-ripada-por-apenas-10x-sem-juros-de-r599-no-cartao-ou-a-vista-por-r5990","status":"publish","type":"product","link":"https:\/\/tudomoveisbelem.com.br\/v19\/produto\/esteira-porta-copos-de-madeira-ripada-por-apenas-10x-sem-juros-de-r599-no-cartao-ou-a-vista-por-r5990\/","title":{"rendered":"Esteira Porta Copos de Madeira Ripada 10x\u00a0de R$ 5,90"},"content":{"rendered":"<p>Esteira Porta Copos de Madeira Ripada para Bra\u00e7o Sof\u00e1.<br \/>\nCaracter\u00edsticas<br \/>\n&#8211; Cor: Tabaco ou Imbuia<br \/>\n&#8211; Design moderno e elegante.<br \/>\n&#8211; Devido sua flexibilidade, permite apoiar v\u00e1rios objetos no bra\u00e7o do sof\u00e1.<\/p>\n<p>Dimens\u00f5es<br \/>\nLargura: 0,42 CM<br \/>\nProfundidade: 0,32 CM<br \/>\nEspessura: 6 mm<\/p>\n","protected":false},"excerpt":{"rendered":"<p>Por\u00a0<span style=\"color: #ff0000;\"><strong>10x<\/strong>\u00a0<strong>R$ 5,90<\/strong><\/span>\u00a0sem juros<br \/>\nNo cart\u00e3o ou \u00e0 vista por<span style=\"color: #ff0000;\"><strong>\u00a0R$ 59,00.<\/strong><\/span><\/p>\n","protected":false},"featured_media":23670,"comment_status":"closed","ping_status":"closed","template":"","meta":[],"product_brand":[],"product_cat":[133,29],"product_tag":[],"class_list":{"0":"post-23668","1":"product","2":"type-product","3":"status-publish","4":"has-post-thumbnail","6":"product_cat-decoracao","7":"product_cat-sala","9":"first","10":"instock","11":"shipping-taxable","12":"product-type-simple"},"_links":{"self":[{"href":"https:\/\/tudomoveisbelem.com.br\/v19\/wp-json\/wp\/v2\/product\/23668","targetHints":{"allow":["GET"]}}],"collection":[{"href":"https:\/\/tudomoveisbelem.com.br\/v19\/wp-json\/wp\/v2\/product"}],"about":[{"href":"https:\/\/tudomoveisbelem.com.br\/v19\/wp-json\/wp\/v2\/types\/product"}],"replies":[{"embeddable":true,"href":"https:\/\/tudomoveisbelem.com.br\/v19\/wp-json\/wp\/v2\/comments?post=23668"}],"version-history":[{"count":4,"href":"https:\/\/tudomoveisbelem.com.br\/v19\/wp-json\/wp\/v2\/product\/23668\/revisions"}],"predecessor-version":[{"id":29156,"href":"https:\/\/tudomoveisbelem.com.br\/v19\/wp-json\/wp\/v2\/product\/23668\/revisions\/29156"}],"wp:featuredmedia":[{"embeddable":true,"href":"https:\/\/tudomoveisbelem.com.br\/v19\/wp-json\/wp\/v2\/media\/23670"}],"wp:attachment":[{"href":"https:\/\/tudomoveisbelem.com.br\/v19\/wp-json\/wp\/v2\/media?parent=23668"}],"wp:term":[{"taxonomy":"product_brand","embeddable":true,"href":"https:\/\/tudomoveisbelem.com.br\/v19\/wp-json\/wp\/v2\/product_brand?post=23668"},{"taxonomy":"product_cat","embeddable":true,"href":"https:\/\/tudomoveisbelem.com.br\/v19\/wp-json\/wp\/v2\/product_cat?post=23668"},{"taxonomy":"product_tag","embeddable":true,"href":"https:\/\/tudomoveisbelem.com.br\/v19\/wp-json\/wp\/v2\/product_tag?post=23668"}],"curies":[{"name":"wp","href":"https:\/\/api.w.org\/{rel}","templated":true}]}}