{"id":23664,"date":"2023-05-27T21:11:56","date_gmt":"2023-05-27T21:11:56","guid":{"rendered":"https:\/\/tudomoveisbelem.com.br\/v19\/?post_type=product&#038;p=23664"},"modified":"2024-05-31T19:07:28","modified_gmt":"2024-05-31T19:07:28","slug":"bandeja-esteira-para-braco-de-sofa-com-porta-controle-por-apenas-10x-sem-juros-de-r799-no-cartao-ou-a-vista-por-r7990","status":"publish","type":"product","link":"https:\/\/tudomoveisbelem.com.br\/v19\/produto\/bandeja-esteira-para-braco-de-sofa-com-porta-controle-por-apenas-10x-sem-juros-de-r799-no-cartao-ou-a-vista-por-r7990\/","title":{"rendered":"Esteira para Bra\u00e7o de Sof\u00e1 com Porta Controle 10x\u00a0de R$ 7,90"},"content":{"rendered":"<p>Bandeja Esteira para Bra\u00e7o de Sof\u00e1 de Couro com Porta Controle. A Bandeja para Sof\u00e1 \u00e9 um item hoje indispens\u00e1vel em sua casa! Al\u00e9m de ser um lindo objeto de decora\u00e7\u00e3o, \u00e9 super funcional, serve para colocar copos, pratos, ta\u00e7as, notebook.<\/p>\n<p>Dimens\u00f5es<br \/>\nLargura: 0,51 CM<br \/>\nProfundidade: 0,30 CM<\/p>\n","protected":false},"excerpt":{"rendered":"<p>Por\u00a0<span style=\"color: #ff0000;\"><strong>10x<\/strong>\u00a0<strong>R$ 7,90<\/strong><\/span>\u00a0sem juros<br \/>\nNo cart\u00e3o ou \u00e0 vista por<strong>\u00a0<span style=\"color: #ff0000;\">R$ 79,00.<\/span><\/strong><\/p>\n","protected":false},"featured_media":23665,"comment_status":"closed","ping_status":"closed","template":"","meta":[],"product_brand":[],"product_cat":[133,29],"product_tag":[],"class_list":{"0":"post-23664","1":"product","2":"type-product","3":"status-publish","4":"has-post-thumbnail","6":"product_cat-decoracao","7":"product_cat-sala","9":"first","10":"instock","11":"shipping-taxable","12":"product-type-simple"},"_links":{"self":[{"href":"https:\/\/tudomoveisbelem.com.br\/v19\/wp-json\/wp\/v2\/product\/23664","targetHints":{"allow":["GET"]}}],"collection":[{"href":"https:\/\/tudomoveisbelem.com.br\/v19\/wp-json\/wp\/v2\/product"}],"about":[{"href":"https:\/\/tudomoveisbelem.com.br\/v19\/wp-json\/wp\/v2\/types\/product"}],"replies":[{"embeddable":true,"href":"https:\/\/tudomoveisbelem.com.br\/v19\/wp-json\/wp\/v2\/comments?post=23664"}],"version-history":[{"count":4,"href":"https:\/\/tudomoveisbelem.com.br\/v19\/wp-json\/wp\/v2\/product\/23664\/revisions"}],"predecessor-version":[{"id":29155,"href":"https:\/\/tudomoveisbelem.com.br\/v19\/wp-json\/wp\/v2\/product\/23664\/revisions\/29155"}],"wp:featuredmedia":[{"embeddable":true,"href":"https:\/\/tudomoveisbelem.com.br\/v19\/wp-json\/wp\/v2\/media\/23665"}],"wp:attachment":[{"href":"https:\/\/tudomoveisbelem.com.br\/v19\/wp-json\/wp\/v2\/media?parent=23664"}],"wp:term":[{"taxonomy":"product_brand","embeddable":true,"href":"https:\/\/tudomoveisbelem.com.br\/v19\/wp-json\/wp\/v2\/product_brand?post=23664"},{"taxonomy":"product_cat","embeddable":true,"href":"https:\/\/tudomoveisbelem.com.br\/v19\/wp-json\/wp\/v2\/product_cat?post=23664"},{"taxonomy":"product_tag","embeddable":true,"href":"https:\/\/tudomoveisbelem.com.br\/v19\/wp-json\/wp\/v2\/product_tag?post=23664"}],"curies":[{"name":"wp","href":"https:\/\/api.w.org\/{rel}","templated":true}]}}