{"id":23455,"date":"2023-05-04T14:43:29","date_gmt":"2023-05-04T14:43:29","guid":{"rendered":"https:\/\/tudomoveisbelem.com.br\/v19\/?post_type=product&#038;p=23455"},"modified":"2024-06-03T20:56:41","modified_gmt":"2024-06-03T20:56:41","slug":"cadeira-diretor-giratoria-c270-por-apenas-10x-de-r5990-sem-juros-no-cartao-ou-a-vista-por-r59900","status":"publish","type":"product","link":"https:\/\/tudomoveisbelem.com.br\/v19\/produto\/cadeira-diretor-giratoria-c270-por-apenas-10x-de-r5990-sem-juros-no-cartao-ou-a-vista-por-r59900\/","title":{"rendered":"Cadeira Diretor Girat\u00f3ria C270 10x de R$ 69,90"},"content":{"rendered":"<p>Uma cadeira para quem gosta de conforto e beleza. A Cadeira Diretor Best C270 \u00e9 uma mob\u00edlia sofisticada para compor qualquer tipo de ambiente, seja ele profissional ou particular. Serve tanto como cadeira de escrit\u00f3rio ou como cadeira para computador.<\/p>\n<p>Seu material \u00e9 resistente, com base em a\u00e7o cromado, revestimento em Tela Mesh, espuma laminada, apoio para bra\u00e7os com eleva\u00e7\u00e3o e regulagem de altura e amortecimento a g\u00e1s e sistema relax com travas.<\/p>\n<p>Uma cadeira girat\u00f3ria que ir\u00e1 dar conforto que voc\u00ea precisa.<\/p>\n<p>&#8211; Base girat\u00f3ria cromada com rod\u00edzios (300mm).<br \/>\n&#8211; Regulagem de altura e amortecimento a g\u00e1s.<br \/>\n&#8211; Suporte m\u00e1ximo de 100kg.<br \/>\n&#8211; Encosto em tela mesh.<br \/>\n&#8211; Estofamento em espuma laminada.<br \/>\n&#8211; Sistema relax com travas.<br \/>\n&#8211; 3 meses de garantia.<br \/>\n&#8211; Embalagem \u00fanica.<\/p>\n<p>Dimens\u00f5es:<br \/>\nAltura: 1.02 M<br \/>\nLargura: 0,44 CM<br \/>\nProfundidade: 0,49 CM<\/p>\n","protected":false},"excerpt":{"rendered":"<p>Por apenas 10x sem juros de <strong><span style=\"color: #ff0000;\">R$ 69,90<\/span><\/strong> no cart\u00e3o ou \u00e0 vista por <strong><span style=\"color: #ff0000;\">R$ 699,90.<\/span><\/strong><\/p>\n","protected":false},"featured_media":23460,"comment_status":"closed","ping_status":"closed","template":"","meta":[],"product_brand":[],"product_cat":[32],"product_tag":[],"class_list":{"0":"post-23455","1":"product","2":"type-product","3":"status-publish","4":"has-post-thumbnail","6":"product_cat-escritorio","8":"first","9":"instock","10":"shipping-taxable","11":"product-type-simple"},"_links":{"self":[{"href":"https:\/\/tudomoveisbelem.com.br\/v19\/wp-json\/wp\/v2\/product\/23455","targetHints":{"allow":["GET"]}}],"collection":[{"href":"https:\/\/tudomoveisbelem.com.br\/v19\/wp-json\/wp\/v2\/product"}],"about":[{"href":"https:\/\/tudomoveisbelem.com.br\/v19\/wp-json\/wp\/v2\/types\/product"}],"replies":[{"embeddable":true,"href":"https:\/\/tudomoveisbelem.com.br\/v19\/wp-json\/wp\/v2\/comments?post=23455"}],"version-history":[{"count":4,"href":"https:\/\/tudomoveisbelem.com.br\/v19\/wp-json\/wp\/v2\/product\/23455\/revisions"}],"predecessor-version":[{"id":29462,"href":"https:\/\/tudomoveisbelem.com.br\/v19\/wp-json\/wp\/v2\/product\/23455\/revisions\/29462"}],"wp:featuredmedia":[{"embeddable":true,"href":"https:\/\/tudomoveisbelem.com.br\/v19\/wp-json\/wp\/v2\/media\/23460"}],"wp:attachment":[{"href":"https:\/\/tudomoveisbelem.com.br\/v19\/wp-json\/wp\/v2\/media?parent=23455"}],"wp:term":[{"taxonomy":"product_brand","embeddable":true,"href":"https:\/\/tudomoveisbelem.com.br\/v19\/wp-json\/wp\/v2\/product_brand?post=23455"},{"taxonomy":"product_cat","embeddable":true,"href":"https:\/\/tudomoveisbelem.com.br\/v19\/wp-json\/wp\/v2\/product_cat?post=23455"},{"taxonomy":"product_tag","embeddable":true,"href":"https:\/\/tudomoveisbelem.com.br\/v19\/wp-json\/wp\/v2\/product_tag?post=23455"}],"curies":[{"name":"wp","href":"https:\/\/api.w.org\/{rel}","templated":true}]}}