{"id":23434,"date":"2023-05-03T20:34:17","date_gmt":"2023-05-03T20:34:17","guid":{"rendered":"https:\/\/tudomoveisbelem.com.br\/v19\/?post_type=product&#038;p=23434"},"modified":"2024-11-11T20:02:24","modified_gmt":"2024-11-11T20:02:24","slug":"cadeira-secretaria-eames-com-rodinhas-por-apenas-10x-de-r3990-sem-juros-no-cartao-ou-a-vista-por-r39900","status":"publish","type":"product","link":"https:\/\/tudomoveisbelem.com.br\/v19\/produto\/cadeira-secretaria-eames-com-rodinhas-por-apenas-10x-de-r3990-sem-juros-no-cartao-ou-a-vista-por-r39900\/","title":{"rendered":"Cadeira Secret\u00e1ria Eames com Rodinhas 10x de R$ 39,90"},"content":{"rendered":"<p>Deixe seu ambiente moderno, bonito e confort\u00e1vel com a Cadeira Secret\u00e1ria Eames Best C50. Essa Cadeira possui regulagem de altura e amortecimento a g\u00e1s, base cromada e est\u00e1 dispon\u00edvel em 4 cores: rosa azul, preta e branca.<br \/>\nUm objeto que ir\u00e1 dar um destaque extra e modernizar seu ambiente.<\/p>\n<p>Diferenciais<br \/>\n&#8211; Base girat\u00f3ria cromada com rod\u00edzios (25Omm).<br \/>\n&#8211; Regulagem de altura e amortecimento a g\u00e1s.<br \/>\n&#8211; Suporte m\u00e1ximo de 100kg.<br \/>\n&#8211; Encosto em pl\u00e1stico ABS.<br \/>\n&#8211; Estofamento interno do assento em espuma laminada.<br \/>\n&#8211; Revestimento do assento em material sint\u00e9tico (PU).<br \/>\n&#8211; Dispon\u00edvel nas cores preta, azul, branca e rosa.<br \/>\n3 meses de garantia.<br \/>\nEmbalagem com 4 unidades.<\/p>\n<p>Dimens\u00f5es:<br \/>\nAltura: 0,92 CM<br \/>\nLargura: 0,47 CM<br \/>\nProfundidade: 0,43 CM<\/p>\n","protected":false},"excerpt":{"rendered":"<p>Por apenas 10x de <span style=\"color: #ff0000;\">R$ 39,90<\/span> sem juros no cart\u00e3o ou \u00e0 vista por <span style=\"color: #ff0000;\">R$ 399,00.<\/span><\/p>\n","protected":false},"featured_media":23439,"comment_status":"closed","ping_status":"closed","template":"","meta":[],"product_brand":[],"product_cat":[32],"product_tag":[],"class_list":{"0":"post-23434","1":"product","2":"type-product","3":"status-publish","4":"has-post-thumbnail","6":"product_cat-escritorio","8":"first","9":"instock","10":"shipping-taxable","11":"product-type-simple"},"_links":{"self":[{"href":"https:\/\/tudomoveisbelem.com.br\/v19\/wp-json\/wp\/v2\/product\/23434","targetHints":{"allow":["GET"]}}],"collection":[{"href":"https:\/\/tudomoveisbelem.com.br\/v19\/wp-json\/wp\/v2\/product"}],"about":[{"href":"https:\/\/tudomoveisbelem.com.br\/v19\/wp-json\/wp\/v2\/types\/product"}],"replies":[{"embeddable":true,"href":"https:\/\/tudomoveisbelem.com.br\/v19\/wp-json\/wp\/v2\/comments?post=23434"}],"version-history":[{"count":4,"href":"https:\/\/tudomoveisbelem.com.br\/v19\/wp-json\/wp\/v2\/product\/23434\/revisions"}],"predecessor-version":[{"id":31363,"href":"https:\/\/tudomoveisbelem.com.br\/v19\/wp-json\/wp\/v2\/product\/23434\/revisions\/31363"}],"wp:featuredmedia":[{"embeddable":true,"href":"https:\/\/tudomoveisbelem.com.br\/v19\/wp-json\/wp\/v2\/media\/23439"}],"wp:attachment":[{"href":"https:\/\/tudomoveisbelem.com.br\/v19\/wp-json\/wp\/v2\/media?parent=23434"}],"wp:term":[{"taxonomy":"product_brand","embeddable":true,"href":"https:\/\/tudomoveisbelem.com.br\/v19\/wp-json\/wp\/v2\/product_brand?post=23434"},{"taxonomy":"product_cat","embeddable":true,"href":"https:\/\/tudomoveisbelem.com.br\/v19\/wp-json\/wp\/v2\/product_cat?post=23434"},{"taxonomy":"product_tag","embeddable":true,"href":"https:\/\/tudomoveisbelem.com.br\/v19\/wp-json\/wp\/v2\/product_tag?post=23434"}],"curies":[{"name":"wp","href":"https:\/\/api.w.org\/{rel}","templated":true}]}}