{"id":23137,"date":"2023-04-21T21:53:13","date_gmt":"2023-04-21T21:53:13","guid":{"rendered":"https:\/\/tudomoveisbelem.com.br\/v19\/?post_type=product&#038;p=23137"},"modified":"2024-06-11T17:12:10","modified_gmt":"2024-06-11T17:12:10","slug":"quadro-com-espelho-detalhe-ripado-por-apenas-10x-sem-juros-de-r4990-no-cartao-ou-a-vista-por-r49900","status":"publish","type":"product","link":"https:\/\/tudomoveisbelem.com.br\/v19\/produto\/quadro-com-espelho-detalhe-ripado-por-apenas-10x-sem-juros-de-r4990-no-cartao-ou-a-vista-por-r49900\/","title":{"rendered":"Quadro com Espelho e Detalhe Ripado 10x\u00a0de R$ 49,90"},"content":{"rendered":"<p>Com o Quadro Espelho Aldo, sua sala de jantar ficar\u00e1 muito mais ampla e valorizada. \u00c9 uma \u00f3tima aposta para renovar e dar vida para os ambientes, levando muito estilo e personalidade.<\/p>\n<p>Diferenciais:<br \/>\n&#8211; Vidro espelhado;<br \/>\n&#8211; Detalhe ripado na lateral;<br \/>\n&#8211; Possui fixador de parede.<\/p>\n<p>Dimens\u00f5es<br \/>\nLargura: 900 MM<br \/>\nAltura: 600 MM<br \/>\nProfundidade: 30 MM<\/p>\n","protected":false},"excerpt":{"rendered":"<p>Por\u00a0<span style=\"color: #ff0000;\"><strong>10x<\/strong>\u00a0<strong>R$ 49,90<\/strong><\/span>\u00a0sem juros<br \/>\nNo cart\u00e3o ou \u00e0 vista por<strong>\u00a0<span style=\"color: #ff0000;\">R$ 499,00.<\/span><\/strong><\/p>\n","protected":false},"featured_media":23139,"comment_status":"closed","ping_status":"closed","template":"","meta":[],"product_brand":[],"product_cat":[148],"product_tag":[],"class_list":{"0":"post-23137","1":"product","2":"type-product","3":"status-publish","4":"has-post-thumbnail","6":"product_cat-quadros-espelhados","8":"first","9":"instock","10":"shipping-taxable","11":"product-type-simple"},"_links":{"self":[{"href":"https:\/\/tudomoveisbelem.com.br\/v19\/wp-json\/wp\/v2\/product\/23137","targetHints":{"allow":["GET"]}}],"collection":[{"href":"https:\/\/tudomoveisbelem.com.br\/v19\/wp-json\/wp\/v2\/product"}],"about":[{"href":"https:\/\/tudomoveisbelem.com.br\/v19\/wp-json\/wp\/v2\/types\/product"}],"replies":[{"embeddable":true,"href":"https:\/\/tudomoveisbelem.com.br\/v19\/wp-json\/wp\/v2\/comments?post=23137"}],"version-history":[{"count":4,"href":"https:\/\/tudomoveisbelem.com.br\/v19\/wp-json\/wp\/v2\/product\/23137\/revisions"}],"predecessor-version":[{"id":29705,"href":"https:\/\/tudomoveisbelem.com.br\/v19\/wp-json\/wp\/v2\/product\/23137\/revisions\/29705"}],"wp:featuredmedia":[{"embeddable":true,"href":"https:\/\/tudomoveisbelem.com.br\/v19\/wp-json\/wp\/v2\/media\/23139"}],"wp:attachment":[{"href":"https:\/\/tudomoveisbelem.com.br\/v19\/wp-json\/wp\/v2\/media?parent=23137"}],"wp:term":[{"taxonomy":"product_brand","embeddable":true,"href":"https:\/\/tudomoveisbelem.com.br\/v19\/wp-json\/wp\/v2\/product_brand?post=23137"},{"taxonomy":"product_cat","embeddable":true,"href":"https:\/\/tudomoveisbelem.com.br\/v19\/wp-json\/wp\/v2\/product_cat?post=23137"},{"taxonomy":"product_tag","embeddable":true,"href":"https:\/\/tudomoveisbelem.com.br\/v19\/wp-json\/wp\/v2\/product_tag?post=23137"}],"curies":[{"name":"wp","href":"https:\/\/api.w.org\/{rel}","templated":true}]}}