{"id":23121,"date":"2023-04-21T21:23:28","date_gmt":"2023-04-21T21:23:28","guid":{"rendered":"https:\/\/tudomoveisbelem.com.br\/v19\/?post_type=product&#038;p=23121"},"modified":"2026-03-12T13:32:00","modified_gmt":"2026-03-12T13:32:00","slug":"guarda-roupa-casal-6-portas-e-4-gavetas-por-apenas-10x-sem-juros-de-r26990-no-cartao-ou-a-vista-por-r2-69900","status":"publish","type":"product","link":"https:\/\/tudomoveisbelem.com.br\/v19\/produto\/guarda-roupa-casal-6-portas-e-4-gavetas-por-apenas-10x-sem-juros-de-r26990-no-cartao-ou-a-vista-por-r2-69900\/","title":{"rendered":"Guarda Roupa Casal 6 Portas e 4 Gavetas. Por apenas 12x de R$ 316,58 sem juros no cart\u00e3o"},"content":{"rendered":"<p>O Guarda-roupa 6 Portas d\u00e1 muita eleg\u00e2ncia ao ambiente. Com sua apar\u00eancia alongada, ele deixa o dormit\u00f3rio com muito mais beleza e personalidade. Sua divis\u00e3o interna permite acomodar itens de modo bem definido, com espa\u00e7o para roupas, sapatos, acess\u00f3rios, cosm\u00e9ticos e o que mais for pertinente \u00e0 sua rotina.<\/p>\n<p>Diferenciais:<br \/>\n&#8211; Produto em MDF;<br \/>\n&#8211; Pintura U.V. e acabamento em micro textura;<br \/>\n&#8211; Puxadores em MDF;<br \/>\n&#8211; 06 portas com dobradi\u00e7as de 26mm;<br \/>\n&#8211; Interno diferenciado com 08 prateleiras;<br \/>\n&#8211; Maleiro sem divis\u00f3ria;<br \/>\n&#8211; 04 gavetas com corredi\u00e7as telesc\u00f3picas;<br \/>\n&#8211; Gavetas com distanciadores em MDF;<br \/>\n&#8211; Cabideiros em alum\u00ednio;<br \/>\n&#8211; Op\u00e7\u00e3o de p\u00e9s de espelhos;<br \/>\n&#8211; Espa\u00e7o para sapatos.<\/p>\n<p>Dimens\u00f5es<br \/>\nLargura: 2.30 M<br \/>\nAltura: 2.30 M<br \/>\nProfundidade: 0,47 CM<\/p>\n<p>&nbsp;<\/p>\n<p>&nbsp;<\/p>\n<p>Por apenas 12x de R$ 316,58 sem juros no cart\u00e3o ou \u00e0 vista por R$ 3.799,00.<\/p>\n","protected":false},"excerpt":{"rendered":"<p>O Guarda-roupa 6 Portas d\u00e1 muita eleg\u00e2ncia ao ambiente. Com sua apar\u00eancia alongada, ele deixa o dormit\u00f3rio com muito mais beleza e personalidade. Sua divis\u00e3o interna permite acomodar itens de modo bem definido, com espa\u00e7o para roupas, sapatos, acess\u00f3rios, cosm\u00e9ticos e o que mais for pertinente \u00e0 sua rotina. Diferenciais: &#8211; Produto em MDF; &#8211; &hellip; <a href=\"https:\/\/tudomoveisbelem.com.br\/v19\/produto\/guarda-roupa-casal-6-portas-e-4-gavetas-por-apenas-10x-sem-juros-de-r26990-no-cartao-ou-a-vista-por-r2-69900\/\" class=\"more-link\">Continue lendo<span class=\"screen-reader-text\"> &#8220;Guarda Roupa Casal 6 Portas e 4 Gavetas. Por apenas 12x de R$ 316,58 sem juros no cart\u00e3o&#8221;<\/span><\/a><\/p>\n","protected":false},"featured_media":23122,"comment_status":"closed","ping_status":"closed","template":"","meta":[],"product_brand":[],"product_cat":[41],"product_tag":[],"class_list":{"0":"post-23121","1":"product","2":"type-product","3":"status-publish","4":"has-post-thumbnail","6":"product_cat-roupeiros","8":"first","9":"instock","10":"shipping-taxable","11":"product-type-simple"},"_links":{"self":[{"href":"https:\/\/tudomoveisbelem.com.br\/v19\/wp-json\/wp\/v2\/product\/23121","targetHints":{"allow":["GET"]}}],"collection":[{"href":"https:\/\/tudomoveisbelem.com.br\/v19\/wp-json\/wp\/v2\/product"}],"about":[{"href":"https:\/\/tudomoveisbelem.com.br\/v19\/wp-json\/wp\/v2\/types\/product"}],"replies":[{"embeddable":true,"href":"https:\/\/tudomoveisbelem.com.br\/v19\/wp-json\/wp\/v2\/comments?post=23121"}],"version-history":[{"count":12,"href":"https:\/\/tudomoveisbelem.com.br\/v19\/wp-json\/wp\/v2\/product\/23121\/revisions"}],"predecessor-version":[{"id":37045,"href":"https:\/\/tudomoveisbelem.com.br\/v19\/wp-json\/wp\/v2\/product\/23121\/revisions\/37045"}],"wp:featuredmedia":[{"embeddable":true,"href":"https:\/\/tudomoveisbelem.com.br\/v19\/wp-json\/wp\/v2\/media\/23122"}],"wp:attachment":[{"href":"https:\/\/tudomoveisbelem.com.br\/v19\/wp-json\/wp\/v2\/media?parent=23121"}],"wp:term":[{"taxonomy":"product_brand","embeddable":true,"href":"https:\/\/tudomoveisbelem.com.br\/v19\/wp-json\/wp\/v2\/product_brand?post=23121"},{"taxonomy":"product_cat","embeddable":true,"href":"https:\/\/tudomoveisbelem.com.br\/v19\/wp-json\/wp\/v2\/product_cat?post=23121"},{"taxonomy":"product_tag","embeddable":true,"href":"https:\/\/tudomoveisbelem.com.br\/v19\/wp-json\/wp\/v2\/product_tag?post=23121"}],"curies":[{"name":"wp","href":"https:\/\/api.w.org\/{rel}","templated":true}]}}