{"id":23112,"date":"2023-04-21T17:47:09","date_gmt":"2023-04-21T17:47:09","guid":{"rendered":"https:\/\/tudomoveisbelem.com.br\/v19\/?post_type=product&#038;p=23112"},"modified":"2025-08-31T13:46:01","modified_gmt":"2025-08-31T13:46:01","slug":"mesa-1-20m-canto-arredondado-com-4-cadeiras-almofadadas-por-apenas-10x-sem-juros-de-r25990-no-cartao-ou-a-vista-por-r2-59900","status":"publish","type":"product","link":"https:\/\/tudomoveisbelem.com.br\/v19\/produto\/mesa-1-20m-canto-arredondado-com-4-cadeiras-almofadadas-por-apenas-10x-sem-juros-de-r25990-no-cartao-ou-a-vista-por-r2-59900\/","title":{"rendered":"Mesa 1.20 M Canto Arredondado com 4 Cadeiras Almofadadas"},"content":{"rendered":"<p>A Mesa de Jantar Celebrare \u00e9 um m\u00f3vel capaz de reunir beleza e praticidade sem perder a eleg\u00e2ncia. Ela acomoda at\u00e9 4 pessoas e vai garantir que suas refei\u00e7\u00f5es sejam ainda melhores. Com um design diferenciado ele garante um ambiente moderno e arrojado. J\u00e1 a Cadeira Exclusive com suas formas geom\u00e9tricas, conferem um charme \u00fanico, transformando sua sala de jantar em um ambiente aconchegante. E ainda conta com encosto curvo e ergon\u00f4mico proporcionando o conforto que voc\u00ea procura.<\/p>\n<p>Diferenciais:<br \/>\n&#8211; Acabamento P.U. na borda;<br \/>\n&#8211; Tampo e p\u00e9s em MDF;<br \/>\n&#8211;\u00a0Bordas do tampo chanfradas e arredondadas;<br \/>\n&#8211; As cadeiras Suportam at\u00e9 120kg;<br \/>\n&#8211; A Mesa\u00a0Suporta at\u00e9 50kg;<br \/>\n&#8211; Acomoda at\u00e9 4 pessoas;<br \/>\n&#8211; Acabamento em micro textura;<br \/>\n&#8211; Encosto curvo e ergon\u00f4mico;<br \/>\n&#8211; Revestimento em tecido;<br \/>\n&#8211;\u00a0Assento estofado em D-20;<br \/>\n&#8211; Design moderno e contempor\u00e2neo.<\/p>\n<p>Dimens\u00f5es Tamanho da Mesa:<br \/>\nLargura: 1.20 M<br \/>\nProfundidade: 0,80 CM<br \/>\nAltura: 0,79 CM<\/p>\n<p>Dimens\u00f5es da Cadeiras:<br \/>\nAltura: 1.04 M<br \/>\nProfundidade: 0,60 CM<br \/>\nLargura: 0,45 CM<\/p>\n<p>&nbsp;<\/p>\n<p>Por apenas 10x sem juros de <span style=\"color: #ff0000;\">R$ 299,90<\/span> no cart\u00e3o ou \u00e0 vista por <span style=\"color: #ff0000;\">R$ 2.999,00.<\/span><\/p>\n","protected":false},"excerpt":{"rendered":"<p>A Mesa de Jantar Celebrare \u00e9 um m\u00f3vel capaz de reunir beleza e praticidade sem perder a eleg\u00e2ncia. Ela acomoda at\u00e9 4 pessoas e vai garantir que suas refei\u00e7\u00f5es sejam ainda melhores. Com um design diferenciado ele garante um ambiente moderno e arrojado. J\u00e1 a Cadeira Exclusive com suas formas geom\u00e9tricas, conferem um charme \u00fanico, &hellip; <a href=\"https:\/\/tudomoveisbelem.com.br\/v19\/produto\/mesa-1-20m-canto-arredondado-com-4-cadeiras-almofadadas-por-apenas-10x-sem-juros-de-r25990-no-cartao-ou-a-vista-por-r2-59900\/\" class=\"more-link\">Continue lendo<span class=\"screen-reader-text\"> &#8220;Mesa 1.20 M Canto Arredondado com 4 Cadeiras Almofadadas&#8221;<\/span><\/a><\/p>\n","protected":false},"featured_media":31720,"comment_status":"closed","ping_status":"closed","template":"","meta":[],"product_brand":[],"product_cat":[40],"product_tag":[],"class_list":{"0":"post-23112","1":"product","2":"type-product","3":"status-publish","4":"has-post-thumbnail","6":"product_cat-mesas","8":"first","9":"instock","10":"shipping-taxable","11":"product-type-simple"},"_links":{"self":[{"href":"https:\/\/tudomoveisbelem.com.br\/v19\/wp-json\/wp\/v2\/product\/23112","targetHints":{"allow":["GET"]}}],"collection":[{"href":"https:\/\/tudomoveisbelem.com.br\/v19\/wp-json\/wp\/v2\/product"}],"about":[{"href":"https:\/\/tudomoveisbelem.com.br\/v19\/wp-json\/wp\/v2\/types\/product"}],"replies":[{"embeddable":true,"href":"https:\/\/tudomoveisbelem.com.br\/v19\/wp-json\/wp\/v2\/comments?post=23112"}],"version-history":[{"count":7,"href":"https:\/\/tudomoveisbelem.com.br\/v19\/wp-json\/wp\/v2\/product\/23112\/revisions"}],"predecessor-version":[{"id":34965,"href":"https:\/\/tudomoveisbelem.com.br\/v19\/wp-json\/wp\/v2\/product\/23112\/revisions\/34965"}],"wp:featuredmedia":[{"embeddable":true,"href":"https:\/\/tudomoveisbelem.com.br\/v19\/wp-json\/wp\/v2\/media\/31720"}],"wp:attachment":[{"href":"https:\/\/tudomoveisbelem.com.br\/v19\/wp-json\/wp\/v2\/media?parent=23112"}],"wp:term":[{"taxonomy":"product_brand","embeddable":true,"href":"https:\/\/tudomoveisbelem.com.br\/v19\/wp-json\/wp\/v2\/product_brand?post=23112"},{"taxonomy":"product_cat","embeddable":true,"href":"https:\/\/tudomoveisbelem.com.br\/v19\/wp-json\/wp\/v2\/product_cat?post=23112"},{"taxonomy":"product_tag","embeddable":true,"href":"https:\/\/tudomoveisbelem.com.br\/v19\/wp-json\/wp\/v2\/product_tag?post=23112"}],"curies":[{"name":"wp","href":"https:\/\/api.w.org\/{rel}","templated":true}]}}