{"id":23107,"date":"2023-04-21T17:39:41","date_gmt":"2023-04-21T17:39:41","guid":{"rendered":"https:\/\/tudomoveisbelem.com.br\/v19\/?post_type=product&#038;p=23107"},"modified":"2026-03-30T17:11:34","modified_gmt":"2026-03-30T17:11:34","slug":"roupeiro-casal-3-portas-divisao-ele-e-ela-por-apenas-10x-sem-juros-de-r19990-no-cartao-ou-a-vista-por-r1-99900","status":"publish","type":"product","link":"https:\/\/tudomoveisbelem.com.br\/v19\/produto\/roupeiro-casal-3-portas-divisao-ele-e-ela-por-apenas-10x-sem-juros-de-r19990-no-cartao-ou-a-vista-por-r1-99900\/","title":{"rendered":"Roupeiro Casal 3 Portas Divis\u00e3o Ele e Ela  10x de R$259,90."},"content":{"rendered":"<p>Se voc\u00ea est\u00e1 procurando por um guarda-roupa que combine praticidade, design e qualidade, essa \u00e9 a escolha certa para voc\u00ea! Com suas 3 portas deslizantes, este guarda-roupa oferece amplo espa\u00e7o interno para guardar roupas, sapatos, acess\u00f3rios e muito mais. Al\u00e9m disso, conta com cabideiros em alum\u00ednio que s\u00e3o resistentes e dur\u00e1veis, garantindo a organiza\u00e7\u00e3o e conserva\u00e7\u00e3o das suas roupas. As quatro gavetas internas tamb\u00e9m s\u00e3o um grande diferencial, permitindo que voc\u00ea armazene suas roupas \u00edntimas, meias, len\u00e7os e outros itens menores com facilidade. O espelho amplo \u00e9 uma caracter\u00edstica que n\u00e3o pode passar despercebida. Com ele, voc\u00ea pode se ver por completo e conferir o look antes de sair de casa, tornando sua rotina mais pr\u00e1tica e eficiente.<\/p>\n<p>Al\u00e9m disso, o guarda-roupa \u00e9 produzido com materiais de alta qualidade, garantindo a resist\u00eancia e durabilidade que voc\u00ea precisa para um m\u00f3vel t\u00e3o importante como esse.<\/p>\n<p>DIFERENCIAIS:<br \/>\n&#8211;\u00a0Tr\u00eas portas deslizantes<br \/>\n&#8211; Cabideiros em alum\u00ednio<br \/>\n&#8211; Quatro gavetas internas<\/p>\n<p>Dimens\u00f5es<br \/>\nAltura:\u00a02.06 M<br \/>\nLargura:\u00a01.82 M<br \/>\nProfundidade:\u00a00,53 CM<\/p>\n<p>&nbsp;<\/p>\n<p>&nbsp;<\/p>\n<p>Por apenas 10x de <span style=\"color: #ff0000;\">R$259,90<\/span> sem juros no cart\u00e3o ou \u00e0 vista por <span style=\"color: #ff0000;\">R$2.599,00.<\/span><\/p>\n","protected":false},"excerpt":{"rendered":"<p>Se voc\u00ea est\u00e1 procurando por um guarda-roupa que combine praticidade, design e qualidade, essa \u00e9 a escolha certa para voc\u00ea! Com suas 3 portas deslizantes, este guarda-roupa oferece amplo espa\u00e7o interno para guardar roupas, sapatos, acess\u00f3rios e muito mais. Al\u00e9m disso, conta com cabideiros em alum\u00ednio que s\u00e3o resistentes e dur\u00e1veis, garantindo a organiza\u00e7\u00e3o e &hellip; <a href=\"https:\/\/tudomoveisbelem.com.br\/v19\/produto\/roupeiro-casal-3-portas-divisao-ele-e-ela-por-apenas-10x-sem-juros-de-r19990-no-cartao-ou-a-vista-por-r1-99900\/\" class=\"more-link\">Continue lendo<span class=\"screen-reader-text\"> &#8220;Roupeiro Casal 3 Portas Divis\u00e3o Ele e Ela  10x de R$259,90.&#8221;<\/span><\/a><\/p>\n","protected":false},"featured_media":23108,"comment_status":"closed","ping_status":"closed","template":"","meta":[],"product_brand":[],"product_cat":[41],"product_tag":[],"class_list":{"0":"post-23107","1":"product","2":"type-product","3":"status-publish","4":"has-post-thumbnail","6":"product_cat-roupeiros","8":"first","9":"instock","10":"shipping-taxable","11":"product-type-simple"},"_links":{"self":[{"href":"https:\/\/tudomoveisbelem.com.br\/v19\/wp-json\/wp\/v2\/product\/23107","targetHints":{"allow":["GET"]}}],"collection":[{"href":"https:\/\/tudomoveisbelem.com.br\/v19\/wp-json\/wp\/v2\/product"}],"about":[{"href":"https:\/\/tudomoveisbelem.com.br\/v19\/wp-json\/wp\/v2\/types\/product"}],"replies":[{"embeddable":true,"href":"https:\/\/tudomoveisbelem.com.br\/v19\/wp-json\/wp\/v2\/comments?post=23107"}],"version-history":[{"count":13,"href":"https:\/\/tudomoveisbelem.com.br\/v19\/wp-json\/wp\/v2\/product\/23107\/revisions"}],"predecessor-version":[{"id":37170,"href":"https:\/\/tudomoveisbelem.com.br\/v19\/wp-json\/wp\/v2\/product\/23107\/revisions\/37170"}],"wp:featuredmedia":[{"embeddable":true,"href":"https:\/\/tudomoveisbelem.com.br\/v19\/wp-json\/wp\/v2\/media\/23108"}],"wp:attachment":[{"href":"https:\/\/tudomoveisbelem.com.br\/v19\/wp-json\/wp\/v2\/media?parent=23107"}],"wp:term":[{"taxonomy":"product_brand","embeddable":true,"href":"https:\/\/tudomoveisbelem.com.br\/v19\/wp-json\/wp\/v2\/product_brand?post=23107"},{"taxonomy":"product_cat","embeddable":true,"href":"https:\/\/tudomoveisbelem.com.br\/v19\/wp-json\/wp\/v2\/product_cat?post=23107"},{"taxonomy":"product_tag","embeddable":true,"href":"https:\/\/tudomoveisbelem.com.br\/v19\/wp-json\/wp\/v2\/product_tag?post=23107"}],"curies":[{"name":"wp","href":"https:\/\/api.w.org\/{rel}","templated":true}]}}