{"id":22322,"date":"2023-01-25T19:30:03","date_gmt":"2023-01-25T19:30:03","guid":{"rendered":"https:\/\/tudomoveisbelem.com.br\/v19\/?post_type=product&#038;p=22322"},"modified":"2025-08-28T21:16:44","modified_gmt":"2025-08-28T21:16:44","slug":"painel-decorativo-escala-100-mdf-por-apenas-10x-de-r13990-sem-juros-no-cartao-ou-a-vista-por-r1-39900","status":"publish","type":"product","link":"https:\/\/tudomoveisbelem.com.br\/v19\/produto\/painel-decorativo-escala-100-mdf-por-apenas-10x-de-r13990-sem-juros-no-cartao-ou-a-vista-por-r1-39900\/","title":{"rendered":"Painel Decorativo Escala 100% MDF"},"content":{"rendered":"<p>O painel decorativo escala 3D com espelho TB 97 Dalla costa traz modernidade a qualquer ambiente com seu formato e superf\u00edcie espelhada. Ela \u00e9 produzida 100% em MDF com pintura ultra violeta, por isso ela \u00e9 mais leve e robusta. Adquira esse produto pr\u00e1tico e funcional que al\u00e9m de trazer uma decora\u00e7\u00e3o diferenciada traz comodidade e facilidade ao seu dia a dia.<\/p>\n<p>DIFERENCIAIS<br \/>\n&#8211; 100% MDF;<br \/>\n&#8211; ESPELHO;<\/p>\n<p>Dimens\u00f5es:<br \/>\nAltura:\u00a00,85 CM<br \/>\nLargura:\u00a01.70 M<br \/>\nProfundidade: 0,04 CM<\/p>\n<p>&nbsp;<\/p>\n<p>&nbsp;<\/p>\n<p>Por apenas 10x de <strong><span style=\"color: #ff0000;\">R$ 149,90<\/span><\/strong> sem juros no cart\u00e3o ou \u00e0 vista por <strong><span style=\"color: #ff0000;\">R$ 1.499,00.<\/span><\/strong><\/p>\n","protected":false},"excerpt":{"rendered":"<p>O painel decorativo escala 3D com espelho TB 97 Dalla costa traz modernidade a qualquer ambiente com seu formato e superf\u00edcie espelhada. Ela \u00e9 produzida 100% em MDF com pintura ultra violeta, por isso ela \u00e9 mais leve e robusta. Adquira esse produto pr\u00e1tico e funcional que al\u00e9m de trazer uma decora\u00e7\u00e3o diferenciada traz comodidade &hellip; <a href=\"https:\/\/tudomoveisbelem.com.br\/v19\/produto\/painel-decorativo-escala-100-mdf-por-apenas-10x-de-r13990-sem-juros-no-cartao-ou-a-vista-por-r1-39900\/\" class=\"more-link\">Continue lendo<span class=\"screen-reader-text\"> &#8220;Painel Decorativo Escala 100% MDF&#8221;<\/span><\/a><\/p>\n","protected":false},"featured_media":22325,"comment_status":"closed","ping_status":"closed","template":"","meta":[],"product_brand":[],"product_cat":[47,148,48],"product_tag":[],"class_list":{"0":"post-22322","1":"product","2":"type-product","3":"status-publish","4":"has-post-thumbnail","6":"product_cat-aparadores","7":"product_cat-quadros-espelhados","8":"product_cat-rack-painel","10":"first","11":"instock","12":"shipping-taxable","13":"product-type-simple"},"_links":{"self":[{"href":"https:\/\/tudomoveisbelem.com.br\/v19\/wp-json\/wp\/v2\/product\/22322","targetHints":{"allow":["GET"]}}],"collection":[{"href":"https:\/\/tudomoveisbelem.com.br\/v19\/wp-json\/wp\/v2\/product"}],"about":[{"href":"https:\/\/tudomoveisbelem.com.br\/v19\/wp-json\/wp\/v2\/types\/product"}],"replies":[{"embeddable":true,"href":"https:\/\/tudomoveisbelem.com.br\/v19\/wp-json\/wp\/v2\/comments?post=22322"}],"version-history":[{"count":7,"href":"https:\/\/tudomoveisbelem.com.br\/v19\/wp-json\/wp\/v2\/product\/22322\/revisions"}],"predecessor-version":[{"id":27452,"href":"https:\/\/tudomoveisbelem.com.br\/v19\/wp-json\/wp\/v2\/product\/22322\/revisions\/27452"}],"wp:featuredmedia":[{"embeddable":true,"href":"https:\/\/tudomoveisbelem.com.br\/v19\/wp-json\/wp\/v2\/media\/22325"}],"wp:attachment":[{"href":"https:\/\/tudomoveisbelem.com.br\/v19\/wp-json\/wp\/v2\/media?parent=22322"}],"wp:term":[{"taxonomy":"product_brand","embeddable":true,"href":"https:\/\/tudomoveisbelem.com.br\/v19\/wp-json\/wp\/v2\/product_brand?post=22322"},{"taxonomy":"product_cat","embeddable":true,"href":"https:\/\/tudomoveisbelem.com.br\/v19\/wp-json\/wp\/v2\/product_cat?post=22322"},{"taxonomy":"product_tag","embeddable":true,"href":"https:\/\/tudomoveisbelem.com.br\/v19\/wp-json\/wp\/v2\/product_tag?post=22322"}],"curies":[{"name":"wp","href":"https:\/\/api.w.org\/{rel}","templated":true}]}}