{"id":22262,"date":"2023-01-24T20:08:39","date_gmt":"2023-01-24T20:08:39","guid":{"rendered":"https:\/\/tudomoveisbelem.com.br\/v19\/?post_type=product&#038;p=22262"},"modified":"2024-05-31T19:17:38","modified_gmt":"2024-05-31T19:17:38","slug":"mesa-de-canto-retro-espelhada-por-apenas-10x-de-r4990-sem-juros-no-cartao-ou-a-vista-por-r49900","status":"publish","type":"product","link":"https:\/\/tudomoveisbelem.com.br\/v19\/produto\/mesa-de-canto-retro-espelhada-por-apenas-10x-de-r4990-sem-juros-no-cartao-ou-a-vista-por-r49900\/","title":{"rendered":"Mesa de Canto Retr\u00f4 Espelhada 10x\u00a0de R$ 59,90"},"content":{"rendered":"<p>Voc\u00ea h\u00e1 de concordar que os detalhes fazem a diferen\u00e7a em um ambiente. Principalmente, quando s\u00e3o complementos de decora\u00e7\u00e3o funcionais, como a Mesa Lateral Quadrada TB710E, da Dalla Costa. Confira!<br \/>\nO design quadrado desse modelo garante uma mesa lateral para sala ideal para quem quer criar um espa\u00e7o contempor\u00e2neo e cheio de estilo, ao passo que o revestimento espelhado d\u00e1 um toque sofisticado.\u00a0J\u00e1 medida de 45cm dessa mesa de apoio \u00e9 mais que suficiente para dispor itens decorativos ou at\u00e9 mesmo para servir aquele suco ou cafezinho r\u00e1pido.<\/p>\n<p>Ah, al\u00e9m da beleza e funcionalidade, essa mesa de apoio lateral \u00e9 fabricada 100% em MDF e possui acabamento com 6 camadas de prote\u00e7\u00e3o, tudo para garantir o m\u00e1ximo de resist\u00eancia e durabilidade.\u00a0Ent\u00e3o, que tal dar um up na sua sala com essa mesa lateral?!<\/p>\n<p>DIFERENCIAIS<br \/>\n&#8211; 100% MDF;<br \/>\n&#8211; ESPELHO;<br \/>\n&#8211; PINTURA COM 6 CAMADAS DE PROTE\u00c7\u00c3O.<\/p>\n<p>Dimens\u00f5es<br \/>\nAltura:\u00a00,59 CM<br \/>\nLargura:\u00a00,45 CM<br \/>\nProfundidade:\u00a00,45 CM.<\/p>\n","protected":false},"excerpt":{"rendered":"<p>Por\u00a0<span style=\"color: #ff0000;\"><strong>10x<\/strong>\u00a0<strong>R$ 59,90<\/strong><\/span>\u00a0sem juros<br \/>\nNo cart\u00e3o ou \u00e0 vista por<strong>\u00a0<span style=\"color: #ff0000;\">R$ 599,00.<\/span><\/strong><\/p>\n","protected":false},"featured_media":22550,"comment_status":"closed","ping_status":"closed","template":"","meta":[],"product_brand":[],"product_cat":[46],"product_tag":[],"class_list":{"0":"post-22262","1":"product","2":"type-product","3":"status-publish","4":"has-post-thumbnail","6":"product_cat-mesa-de-centro","8":"first","9":"instock","10":"shipping-taxable","11":"product-type-simple"},"_links":{"self":[{"href":"https:\/\/tudomoveisbelem.com.br\/v19\/wp-json\/wp\/v2\/product\/22262","targetHints":{"allow":["GET"]}}],"collection":[{"href":"https:\/\/tudomoveisbelem.com.br\/v19\/wp-json\/wp\/v2\/product"}],"about":[{"href":"https:\/\/tudomoveisbelem.com.br\/v19\/wp-json\/wp\/v2\/types\/product"}],"replies":[{"embeddable":true,"href":"https:\/\/tudomoveisbelem.com.br\/v19\/wp-json\/wp\/v2\/comments?post=22262"}],"version-history":[{"count":5,"href":"https:\/\/tudomoveisbelem.com.br\/v19\/wp-json\/wp\/v2\/product\/22262\/revisions"}],"predecessor-version":[{"id":29167,"href":"https:\/\/tudomoveisbelem.com.br\/v19\/wp-json\/wp\/v2\/product\/22262\/revisions\/29167"}],"wp:featuredmedia":[{"embeddable":true,"href":"https:\/\/tudomoveisbelem.com.br\/v19\/wp-json\/wp\/v2\/media\/22550"}],"wp:attachment":[{"href":"https:\/\/tudomoveisbelem.com.br\/v19\/wp-json\/wp\/v2\/media?parent=22262"}],"wp:term":[{"taxonomy":"product_brand","embeddable":true,"href":"https:\/\/tudomoveisbelem.com.br\/v19\/wp-json\/wp\/v2\/product_brand?post=22262"},{"taxonomy":"product_cat","embeddable":true,"href":"https:\/\/tudomoveisbelem.com.br\/v19\/wp-json\/wp\/v2\/product_cat?post=22262"},{"taxonomy":"product_tag","embeddable":true,"href":"https:\/\/tudomoveisbelem.com.br\/v19\/wp-json\/wp\/v2\/product_tag?post=22262"}],"curies":[{"name":"wp","href":"https:\/\/api.w.org\/{rel}","templated":true}]}}