{"id":22234,"date":"2023-01-21T20:56:35","date_gmt":"2023-01-21T20:56:35","guid":{"rendered":"https:\/\/tudomoveisbelem.com.br\/v19\/?post_type=product&#038;p=22234"},"modified":"2025-09-10T16:52:54","modified_gmt":"2025-09-10T16:52:54","slug":"mesa-de-canto-retro-100-mdf-60cm-por-apenas-10x-de-r3490-sem-juros-no-cartao-ou-a-vista-por-r34900","status":"publish","type":"product","link":"https:\/\/tudomoveisbelem.com.br\/v19\/produto\/mesa-de-canto-retro-100-mdf-60cm-por-apenas-10x-de-r3490-sem-juros-no-cartao-ou-a-vista-por-r34900\/","title":{"rendered":"Mesa de Canto Retr\u00f4 100% MDF 60 CM"},"content":{"rendered":"<p>\ud83d\udea8\u2728 LAN\u00c7AMENTO EXCLUSIVO TUDO M\u00d3VEIS! \u2728\ud83d\udea8<\/p>\n<p>A nova Mesa de Canto Retr\u00f4 TB38 \u2013 100% MDF chegou para transformar seu ambiente com muito estilo e sofistica\u00e7\u00e3o. \ud83e\ude91\ud83d\udcab<\/p>\n<p>\u2705 Design inspirado no estilo italiano \u2013 mistura moderna + toque cl\u00e1ssico<br \/>\n\u2705 100% MDF \u2013 mais resist\u00eancia e durabilidade<br \/>\n\u2705 Pintura UV com 6 camadas de prote\u00e7\u00e3o \u2013 acabamento premium<br \/>\n\u2705 F\u00e1cil montagem<br \/>\n\ud83d\udccf Dimens\u00f5es ideais:<\/p>\n<p>Largura: 0,60 M \/ Altura: 0,65 M \/ Profundidade: 0,60 M<\/p>\n<p>\ud83d\udcb3 Apenas 10x de<span style=\"color: #ff0000;\"> R$49,90<\/span> sem juros<br \/>\n\ud83d\udc49 ou <span style=\"color: #ff0000;\">R$499,00<\/span> \u00e0 vista<\/p>\n<p>\ud83d\ude9a Entrega e montagem gr\u00e1tis em Bel\u00e9m, Ananindeua e Marituba.<br \/>\n\ud83d\udcac Pe\u00e7a j\u00e1 pelo WhatsApp e pague s\u00f3 na entrega!<\/p>\n<p>\u2728 Um detalhe retr\u00f4 que traz eleg\u00e2ncia e aconchego para seu lar! \u2728<\/p>\n","protected":false},"excerpt":{"rendered":"<p>\ud83d\udea8\u2728 LAN\u00c7AMENTO EXCLUSIVO TUDO M\u00d3VEIS! \u2728\ud83d\udea8 A nova Mesa de Canto Retr\u00f4 TB38 \u2013 100% MDF chegou para transformar seu ambiente com muito estilo e sofistica\u00e7\u00e3o. \ud83e\ude91\ud83d\udcab \u2705 Design inspirado no estilo italiano \u2013 mistura moderna + toque cl\u00e1ssico \u2705 100% MDF \u2013 mais resist\u00eancia e durabilidade \u2705 Pintura UV com 6 camadas de prote\u00e7\u00e3o &hellip; <a href=\"https:\/\/tudomoveisbelem.com.br\/v19\/produto\/mesa-de-canto-retro-100-mdf-60cm-por-apenas-10x-de-r3490-sem-juros-no-cartao-ou-a-vista-por-r34900\/\" class=\"more-link\">Continue lendo<span class=\"screen-reader-text\"> &#8220;Mesa de Canto Retr\u00f4 100% MDF 60 CM&#8221;<\/span><\/a><\/p>\n","protected":false},"featured_media":22235,"comment_status":"closed","ping_status":"closed","template":"","meta":[],"product_brand":[],"product_cat":[46],"product_tag":[],"class_list":{"0":"post-22234","1":"product","2":"type-product","3":"status-publish","4":"has-post-thumbnail","6":"product_cat-mesa-de-centro","8":"first","9":"instock","10":"shipping-taxable","11":"product-type-simple"},"_links":{"self":[{"href":"https:\/\/tudomoveisbelem.com.br\/v19\/wp-json\/wp\/v2\/product\/22234","targetHints":{"allow":["GET"]}}],"collection":[{"href":"https:\/\/tudomoveisbelem.com.br\/v19\/wp-json\/wp\/v2\/product"}],"about":[{"href":"https:\/\/tudomoveisbelem.com.br\/v19\/wp-json\/wp\/v2\/types\/product"}],"replies":[{"embeddable":true,"href":"https:\/\/tudomoveisbelem.com.br\/v19\/wp-json\/wp\/v2\/comments?post=22234"}],"version-history":[{"count":6,"href":"https:\/\/tudomoveisbelem.com.br\/v19\/wp-json\/wp\/v2\/product\/22234\/revisions"}],"predecessor-version":[{"id":35114,"href":"https:\/\/tudomoveisbelem.com.br\/v19\/wp-json\/wp\/v2\/product\/22234\/revisions\/35114"}],"wp:featuredmedia":[{"embeddable":true,"href":"https:\/\/tudomoveisbelem.com.br\/v19\/wp-json\/wp\/v2\/media\/22235"}],"wp:attachment":[{"href":"https:\/\/tudomoveisbelem.com.br\/v19\/wp-json\/wp\/v2\/media?parent=22234"}],"wp:term":[{"taxonomy":"product_brand","embeddable":true,"href":"https:\/\/tudomoveisbelem.com.br\/v19\/wp-json\/wp\/v2\/product_brand?post=22234"},{"taxonomy":"product_cat","embeddable":true,"href":"https:\/\/tudomoveisbelem.com.br\/v19\/wp-json\/wp\/v2\/product_cat?post=22234"},{"taxonomy":"product_tag","embeddable":true,"href":"https:\/\/tudomoveisbelem.com.br\/v19\/wp-json\/wp\/v2\/product_tag?post=22234"}],"curies":[{"name":"wp","href":"https:\/\/api.w.org\/{rel}","templated":true}]}}