{"id":22229,"date":"2023-01-21T20:49:54","date_gmt":"2023-01-21T20:49:54","guid":{"rendered":"https:\/\/tudomoveisbelem.com.br\/v19\/?post_type=product&#038;p=22229"},"modified":"2025-09-10T16:51:22","modified_gmt":"2025-09-10T16:51:22","slug":"mesa-de-canto-retro-100-mdf-por-apenas-10x-de-r2490-sem-juros-no-cartao-ou-a-vista-por-r24900","status":"publish","type":"product","link":"https:\/\/tudomoveisbelem.com.br\/v19\/produto\/mesa-de-canto-retro-100-mdf-por-apenas-10x-de-r2490-sem-juros-no-cartao-ou-a-vista-por-r24900\/","title":{"rendered":"Mesa de Canto Retr\u00f4 100% MDF"},"content":{"rendered":"<p>\ud83d\udea8\u2728 LAN\u00c7AMENTO EXCLUSIVO TUDO M\u00d3VEIS! \u2728\ud83d\udea8<\/p>\n<p>A Mesa de Canto Retr\u00f4 chegou para elevar o charme da sua decora\u00e7\u00e3o! \ud83e\ude91\ud83d\udc8e<\/p>\n<p>\u2705 100% MDF \u2013 mais durabilidade e resist\u00eancia<br \/>\n\u2705 Pintura com 6 camadas de prote\u00e7\u00e3o \u2013 acabamento impec\u00e1vel<br \/>\n\u2705 Design retr\u00f4 moderno \u2013 combina com qualquer ambiente<br \/>\n\ud83d\udccf Dimens\u00f5es ideais: Largura: 0,50 M \/ Altura: 0,55 M \/ Profundidade: 0,50 M<\/p>\n<p>\ud83d\udcb3 S\u00f3 10x de <span style=\"color: #ff0000;\">R$39,90<\/span> sem juros<br \/>\n\ud83d\udc49 ou <span style=\"color: #ff0000;\">R$399,00<\/span> \u00e0 vista<\/p>\n<p>\ud83d\ude9a Entrega e montagem gr\u00e1tis em Bel\u00e9m, Ananindeua e Marituba.<br \/>\n\ud83d\udcac Pe\u00e7a j\u00e1 pelo WhatsApp e pague s\u00f3 na entrega!<\/p>\n<p>\u2728 Um detalhe pequeno que faz toda diferen\u00e7a no seu lar! \u2728<\/p>\n","protected":false},"excerpt":{"rendered":"<p>\ud83d\udea8\u2728 LAN\u00c7AMENTO EXCLUSIVO TUDO M\u00d3VEIS! \u2728\ud83d\udea8 A Mesa de Canto Retr\u00f4 chegou para elevar o charme da sua decora\u00e7\u00e3o! \ud83e\ude91\ud83d\udc8e \u2705 100% MDF \u2013 mais durabilidade e resist\u00eancia \u2705 Pintura com 6 camadas de prote\u00e7\u00e3o \u2013 acabamento impec\u00e1vel \u2705 Design retr\u00f4 moderno \u2013 combina com qualquer ambiente \ud83d\udccf Dimens\u00f5es ideais: Largura: 0,50 M \/ Altura: &hellip; <a href=\"https:\/\/tudomoveisbelem.com.br\/v19\/produto\/mesa-de-canto-retro-100-mdf-por-apenas-10x-de-r2490-sem-juros-no-cartao-ou-a-vista-por-r24900\/\" class=\"more-link\">Continue lendo<span class=\"screen-reader-text\"> &#8220;Mesa de Canto Retr\u00f4 100% MDF&#8221;<\/span><\/a><\/p>\n","protected":false},"featured_media":22230,"comment_status":"closed","ping_status":"closed","template":"","meta":[],"product_brand":[],"product_cat":[46],"product_tag":[],"class_list":{"0":"post-22229","1":"product","2":"type-product","3":"status-publish","4":"has-post-thumbnail","6":"product_cat-mesa-de-centro","8":"first","9":"instock","10":"shipping-taxable","11":"product-type-simple"},"_links":{"self":[{"href":"https:\/\/tudomoveisbelem.com.br\/v19\/wp-json\/wp\/v2\/product\/22229","targetHints":{"allow":["GET"]}}],"collection":[{"href":"https:\/\/tudomoveisbelem.com.br\/v19\/wp-json\/wp\/v2\/product"}],"about":[{"href":"https:\/\/tudomoveisbelem.com.br\/v19\/wp-json\/wp\/v2\/types\/product"}],"replies":[{"embeddable":true,"href":"https:\/\/tudomoveisbelem.com.br\/v19\/wp-json\/wp\/v2\/comments?post=22229"}],"version-history":[{"count":5,"href":"https:\/\/tudomoveisbelem.com.br\/v19\/wp-json\/wp\/v2\/product\/22229\/revisions"}],"predecessor-version":[{"id":35113,"href":"https:\/\/tudomoveisbelem.com.br\/v19\/wp-json\/wp\/v2\/product\/22229\/revisions\/35113"}],"wp:featuredmedia":[{"embeddable":true,"href":"https:\/\/tudomoveisbelem.com.br\/v19\/wp-json\/wp\/v2\/media\/22230"}],"wp:attachment":[{"href":"https:\/\/tudomoveisbelem.com.br\/v19\/wp-json\/wp\/v2\/media?parent=22229"}],"wp:term":[{"taxonomy":"product_brand","embeddable":true,"href":"https:\/\/tudomoveisbelem.com.br\/v19\/wp-json\/wp\/v2\/product_brand?post=22229"},{"taxonomy":"product_cat","embeddable":true,"href":"https:\/\/tudomoveisbelem.com.br\/v19\/wp-json\/wp\/v2\/product_cat?post=22229"},{"taxonomy":"product_tag","embeddable":true,"href":"https:\/\/tudomoveisbelem.com.br\/v19\/wp-json\/wp\/v2\/product_tag?post=22229"}],"curies":[{"name":"wp","href":"https:\/\/api.w.org\/{rel}","templated":true}]}}