{"id":21949,"date":"2022-12-20T18:13:37","date_gmt":"2022-12-20T18:13:37","guid":{"rendered":"https:\/\/tudomoveisbelem.com.br\/v19\/?post_type=product&#038;p=21949"},"modified":"2025-08-25T18:12:39","modified_gmt":"2025-08-25T18:12:39","slug":"roupeiro-casal-08-portas-04-gavetas-2-38-m-por-apenas-10x-sem-juros-de-r22990-no-cartao-ou-a-vista-por-r2-29900","status":"publish","type":"product","link":"https:\/\/tudomoveisbelem.com.br\/v19\/produto\/roupeiro-casal-08-portas-04-gavetas-2-38-m-por-apenas-10x-sem-juros-de-r22990-no-cartao-ou-a-vista-por-r2-29900\/","title":{"rendered":"Roupeiro Casal 8 Portas 2.38 M."},"content":{"rendered":"<p>O Guarda-Roupas Master Vip 8.4 \u00e9 um produto de amplo espa\u00e7o. Possui divis\u00e3o interna ideal para compor um quarto de casal, pois possui espa\u00e7o certo para ele e tamb\u00e9m para ela. Com 4 amplas gavetas que deslizam suavemente sobre corredi\u00e7as met\u00e1licas, 10 amplas prateleiras para acomodar as roupas que precisam ser dobradas, 4 cabideiros\/calceiros em alum\u00ednio para pendurar as roupas com organiza\u00e7\u00e3o. Sem falar em seu design moderno com puxadores em alum\u00ednio, dando ao produto mais charme e beleza.<\/p>\n<p>SOBRE O PRODUTO<br \/>\n04 cabideiros\/calceiros em alum\u00ednio<br \/>\nPuxadores em Alum\u00ednio<br \/>\n10 prateleiras<br \/>\n04 gavetas com corredi\u00e7as met\u00e1licas<br \/>\nAmplo maleiro<\/p>\n<p>Dimens\u00f5es:<br \/>\nAltura: 2.17 M<br \/>\nLargura: 2.38 M<br \/>\nProfundidade: 0,46 CM<\/p>\n<p>&nbsp;<\/p>\n<p>Por apenas 10x de <span style=\"color: #ff0000;\">R$299,90<\/span> sem juros no cart\u00e3o ou \u00e0 vista por <span style=\"color: #ff0000;\">R$2.999,00.<\/span><\/p>\n","protected":false},"excerpt":{"rendered":"<p>O Guarda-Roupas Master Vip 8.4 \u00e9 um produto de amplo espa\u00e7o. Possui divis\u00e3o interna ideal para compor um quarto de casal, pois possui espa\u00e7o certo para ele e tamb\u00e9m para ela. Com 4 amplas gavetas que deslizam suavemente sobre corredi\u00e7as met\u00e1licas, 10 amplas prateleiras para acomodar as roupas que precisam ser dobradas, 4 cabideiros\/calceiros em &hellip; <a href=\"https:\/\/tudomoveisbelem.com.br\/v19\/produto\/roupeiro-casal-08-portas-04-gavetas-2-38-m-por-apenas-10x-sem-juros-de-r22990-no-cartao-ou-a-vista-por-r2-29900\/\" class=\"more-link\">Continue lendo<span class=\"screen-reader-text\"> &#8220;Roupeiro Casal 8 Portas 2.38 M.&#8221;<\/span><\/a><\/p>\n","protected":false},"featured_media":25470,"comment_status":"closed","ping_status":"closed","template":"","meta":[],"product_brand":[],"product_cat":[41],"product_tag":[],"class_list":{"0":"post-21949","1":"product","2":"type-product","3":"status-publish","4":"has-post-thumbnail","6":"product_cat-roupeiros","8":"first","9":"instock","10":"shipping-taxable","11":"product-type-simple"},"_links":{"self":[{"href":"https:\/\/tudomoveisbelem.com.br\/v19\/wp-json\/wp\/v2\/product\/21949","targetHints":{"allow":["GET"]}}],"collection":[{"href":"https:\/\/tudomoveisbelem.com.br\/v19\/wp-json\/wp\/v2\/product"}],"about":[{"href":"https:\/\/tudomoveisbelem.com.br\/v19\/wp-json\/wp\/v2\/types\/product"}],"replies":[{"embeddable":true,"href":"https:\/\/tudomoveisbelem.com.br\/v19\/wp-json\/wp\/v2\/comments?post=21949"}],"version-history":[{"count":11,"href":"https:\/\/tudomoveisbelem.com.br\/v19\/wp-json\/wp\/v2\/product\/21949\/revisions"}],"predecessor-version":[{"id":34765,"href":"https:\/\/tudomoveisbelem.com.br\/v19\/wp-json\/wp\/v2\/product\/21949\/revisions\/34765"}],"wp:featuredmedia":[{"embeddable":true,"href":"https:\/\/tudomoveisbelem.com.br\/v19\/wp-json\/wp\/v2\/media\/25470"}],"wp:attachment":[{"href":"https:\/\/tudomoveisbelem.com.br\/v19\/wp-json\/wp\/v2\/media?parent=21949"}],"wp:term":[{"taxonomy":"product_brand","embeddable":true,"href":"https:\/\/tudomoveisbelem.com.br\/v19\/wp-json\/wp\/v2\/product_brand?post=21949"},{"taxonomy":"product_cat","embeddable":true,"href":"https:\/\/tudomoveisbelem.com.br\/v19\/wp-json\/wp\/v2\/product_cat?post=21949"},{"taxonomy":"product_tag","embeddable":true,"href":"https:\/\/tudomoveisbelem.com.br\/v19\/wp-json\/wp\/v2\/product_tag?post=21949"}],"curies":[{"name":"wp","href":"https:\/\/api.w.org\/{rel}","templated":true}]}}