{"id":21751,"date":"2022-12-03T18:59:47","date_gmt":"2022-12-03T18:59:47","guid":{"rendered":"https:\/\/tudomoveisbelem.com.br\/v19\/?post_type=product&#038;p=21751"},"modified":"2025-04-01T13:40:39","modified_gmt":"2025-04-01T13:40:39","slug":"painel-home-para-tv-ate-65-com-2-portas-ripadas-por-apenas-10x-sem-juros-de-r15990-no-cartao-ou-a-vista-por-r1-59900","status":"publish","type":"product","link":"https:\/\/tudomoveisbelem.com.br\/v19\/produto\/painel-home-para-tv-ate-65-com-2-portas-ripadas-por-apenas-10x-sem-juros-de-r15990-no-cartao-ou-a-vista-por-r1-59900\/","title":{"rendered":"Painel Home para TV at\u00e9 65&#8243; com 2 Portas Ripadas 10x\u00a0de R$ 219,90"},"content":{"rendered":"<p>O amplo espa\u00e7o para TV de at\u00e9 65 polegadas do Painel Home transforma sua sala em um verdadeiro cinema para fam\u00edlia e amigos! Al\u00e9m disso, ele possui nichos organizadores, ideais para colocar aparelhos eletr\u00f4nicos.<\/p>\n<p>Seu painel com detalhe ripado e prateleira deixa o m\u00f3vel ainda mais sofisticado e elegante. Possui ainda uma porta com detalhe ripado e puxador met\u00e1lico dourado.<\/p>\n<p>Ele tem duas portas basculantes enormes. Espa\u00e7o de sobra para voc\u00ea guardar todos os objetos que n\u00e3o devem aparecer na decora\u00e7\u00e3o. O puxador met\u00e1lico al\u00e9m de funcional \u00e9 um acess\u00f3rio que agrega muita beleza ao produto. Ele \u00e9 perfeito para quem quer beleza e funcionalidade.<\/p>\n<p>Dimens\u00f5es:<br \/>\nLargura: 2.00 M<br \/>\nAltura: 1.74 M<br \/>\nProfundidade: 0,32 CM<\/p>\n","protected":false},"excerpt":{"rendered":"<p>Por apenas 10x de <span style=\"color: #ff0000;\">R$219,90<\/span> sem juros no cart\u00e3o ou \u00e0 vista por <span style=\"color: #ff0000;\">R$2.199,00.<\/span><\/p>\n","protected":false},"featured_media":21752,"comment_status":"closed","ping_status":"closed","template":"","meta":[],"product_brand":[],"product_cat":[44],"product_tag":[],"class_list":{"0":"post-21751","1":"product","2":"type-product","3":"status-publish","4":"has-post-thumbnail","6":"product_cat-paineis","8":"first","9":"instock","10":"shipping-taxable","11":"product-type-simple"},"_links":{"self":[{"href":"https:\/\/tudomoveisbelem.com.br\/v19\/wp-json\/wp\/v2\/product\/21751","targetHints":{"allow":["GET"]}}],"collection":[{"href":"https:\/\/tudomoveisbelem.com.br\/v19\/wp-json\/wp\/v2\/product"}],"about":[{"href":"https:\/\/tudomoveisbelem.com.br\/v19\/wp-json\/wp\/v2\/types\/product"}],"replies":[{"embeddable":true,"href":"https:\/\/tudomoveisbelem.com.br\/v19\/wp-json\/wp\/v2\/comments?post=21751"}],"version-history":[{"count":8,"href":"https:\/\/tudomoveisbelem.com.br\/v19\/wp-json\/wp\/v2\/product\/21751\/revisions"}],"predecessor-version":[{"id":33142,"href":"https:\/\/tudomoveisbelem.com.br\/v19\/wp-json\/wp\/v2\/product\/21751\/revisions\/33142"}],"wp:featuredmedia":[{"embeddable":true,"href":"https:\/\/tudomoveisbelem.com.br\/v19\/wp-json\/wp\/v2\/media\/21752"}],"wp:attachment":[{"href":"https:\/\/tudomoveisbelem.com.br\/v19\/wp-json\/wp\/v2\/media?parent=21751"}],"wp:term":[{"taxonomy":"product_brand","embeddable":true,"href":"https:\/\/tudomoveisbelem.com.br\/v19\/wp-json\/wp\/v2\/product_brand?post=21751"},{"taxonomy":"product_cat","embeddable":true,"href":"https:\/\/tudomoveisbelem.com.br\/v19\/wp-json\/wp\/v2\/product_cat?post=21751"},{"taxonomy":"product_tag","embeddable":true,"href":"https:\/\/tudomoveisbelem.com.br\/v19\/wp-json\/wp\/v2\/product_tag?post=21751"}],"curies":[{"name":"wp","href":"https:\/\/api.w.org\/{rel}","templated":true}]}}