{"id":21734,"date":"2022-12-01T20:39:49","date_gmt":"2022-12-01T20:39:49","guid":{"rendered":"https:\/\/tudomoveisbelem.com.br\/v19\/?post_type=product&#038;p=21734"},"modified":"2025-08-26T17:59:31","modified_gmt":"2025-08-26T17:59:31","slug":"aparador-cantinho-do-cafe-com-pes-em-madeira-macica-por-apenas-10x-sem-juros-de-r5990-no-cartao-ou-a-vista-por-r59900","status":"publish","type":"product","link":"https:\/\/tudomoveisbelem.com.br\/v19\/produto\/aparador-cantinho-do-cafe-com-pes-em-madeira-macica-por-apenas-10x-sem-juros-de-r5990-no-cartao-ou-a-vista-por-r59900\/","title":{"rendered":"Aparador Cantinho do Caf\u00e9."},"content":{"rendered":"<p>O Aparador Cantinho do Cafe foi desenvolvido pensando em voce, o amante do caf\u00e9. Compacto e extremamente funcional, ele conta um Painel com duas prateleiras para, 5 Ganchos e nichos ideais para acomodar os mais variados tipos de objetos, desde xicaras, canecas, a potes com ingredientes, entre outros. Elaborado em MDP ele conta com pes de madeira maci\u00e7a com feltro protetor, garantindo com isso ainda mais qualidade e resist\u00eancia ao produto. Com tantas qualidades o Aparador Cantinho do Cafe \u00e9 perfeito para sua sala ou escrit\u00f3rio!<\/p>\n<p>Dimensoes:<br \/>\nAltura: 1.52 M<br \/>\nLargura: 0,70 CM<br \/>\nProfundidade: 0,36 CM<\/p>\n<p>&nbsp;<\/p>\n<p>&nbsp;<\/p>\n<p>Por apenas 10x sem juros de R$69,90 no cart\u00e3o ou \u00e0 vista por R$699,00.<\/p>\n","protected":false},"excerpt":{"rendered":"<p>O Aparador Cantinho do Cafe foi desenvolvido pensando em voce, o amante do caf\u00e9. Compacto e extremamente funcional, ele conta um Painel com duas prateleiras para, 5 Ganchos e nichos ideais para acomodar os mais variados tipos de objetos, desde xicaras, canecas, a potes com ingredientes, entre outros. Elaborado em MDP ele conta com pes &hellip; <a href=\"https:\/\/tudomoveisbelem.com.br\/v19\/produto\/aparador-cantinho-do-cafe-com-pes-em-madeira-macica-por-apenas-10x-sem-juros-de-r5990-no-cartao-ou-a-vista-por-r59900\/\" class=\"more-link\">Continue lendo<span class=\"screen-reader-text\"> &#8220;Aparador Cantinho do Caf\u00e9.&#8221;<\/span><\/a><\/p>\n","protected":false},"featured_media":21736,"comment_status":"closed","ping_status":"closed","template":"","meta":[],"product_brand":[],"product_cat":[155],"product_tag":[],"class_list":{"0":"post-21734","1":"product","2":"type-product","3":"status-publish","4":"has-post-thumbnail","6":"product_cat-aparadores-buffets-2","8":"first","9":"instock","10":"shipping-taxable","11":"product-type-simple"},"_links":{"self":[{"href":"https:\/\/tudomoveisbelem.com.br\/v19\/wp-json\/wp\/v2\/product\/21734","targetHints":{"allow":["GET"]}}],"collection":[{"href":"https:\/\/tudomoveisbelem.com.br\/v19\/wp-json\/wp\/v2\/product"}],"about":[{"href":"https:\/\/tudomoveisbelem.com.br\/v19\/wp-json\/wp\/v2\/types\/product"}],"replies":[{"embeddable":true,"href":"https:\/\/tudomoveisbelem.com.br\/v19\/wp-json\/wp\/v2\/comments?post=21734"}],"version-history":[{"count":6,"href":"https:\/\/tudomoveisbelem.com.br\/v19\/wp-json\/wp\/v2\/product\/21734\/revisions"}],"predecessor-version":[{"id":34792,"href":"https:\/\/tudomoveisbelem.com.br\/v19\/wp-json\/wp\/v2\/product\/21734\/revisions\/34792"}],"wp:featuredmedia":[{"embeddable":true,"href":"https:\/\/tudomoveisbelem.com.br\/v19\/wp-json\/wp\/v2\/media\/21736"}],"wp:attachment":[{"href":"https:\/\/tudomoveisbelem.com.br\/v19\/wp-json\/wp\/v2\/media?parent=21734"}],"wp:term":[{"taxonomy":"product_brand","embeddable":true,"href":"https:\/\/tudomoveisbelem.com.br\/v19\/wp-json\/wp\/v2\/product_brand?post=21734"},{"taxonomy":"product_cat","embeddable":true,"href":"https:\/\/tudomoveisbelem.com.br\/v19\/wp-json\/wp\/v2\/product_cat?post=21734"},{"taxonomy":"product_tag","embeddable":true,"href":"https:\/\/tudomoveisbelem.com.br\/v19\/wp-json\/wp\/v2\/product_tag?post=21734"}],"curies":[{"name":"wp","href":"https:\/\/api.w.org\/{rel}","templated":true}]}}