{"id":21661,"date":"2022-11-25T17:51:08","date_gmt":"2022-11-25T17:51:08","guid":{"rendered":"https:\/\/tudomoveisbelem.com.br\/v19\/?post_type=product&#038;p=21661"},"modified":"2025-02-24T19:16:14","modified_gmt":"2025-02-24T19:16:14","slug":"cozinha-100-mdf-9-portas-4-gavetas-completa-por-apenas-10x-sem-juros-de-r34990-no-cartao-ou-a-vista-por-r3-49900","status":"publish","type":"product","link":"https:\/\/tudomoveisbelem.com.br\/v19\/produto\/cozinha-100-mdf-9-portas-4-gavetas-completa-por-apenas-10x-sem-juros-de-r34990-no-cartao-ou-a-vista-por-r3-49900\/","title":{"rendered":"Cozinha 100% MDF 9 Portas 4 Gavetas Completa 10x de R$ 389,90"},"content":{"rendered":"<p>A cozinha Mait\u00ea possui 9 portas sendo uma com detalhe em vidro, prateleiras no espa\u00e7o interno, 4 gavetas para objetos menores, 2 nichos para decora\u00e7\u00f5es e uma adega. A cozinha \u00e9 produzida em MDF de \u00f3tima qualidade, garantindo durabilidade e mais vida \u00fatil ao produto.<\/p>\n<p>Dimens\u00f5es:<br \/>\nLargura: 2.59 M<br \/>\nAltura: 2.08 M<br \/>\nProfundidade: 0,45 CM<\/p>\n","protected":false},"excerpt":{"rendered":"<p>Por apenas 10x sem juros de<span style=\"color: #ff0000;\"> R$ 410,00<\/span>\u00a0no cart\u00e3o ou \u00e0 vista por <span style=\"color: #ff0000;\">R$ 4.100,00.<\/span><\/p>\n","protected":false},"featured_media":28074,"comment_status":"closed","ping_status":"closed","template":"","meta":[],"product_brand":[],"product_cat":[22],"product_tag":[],"class_list":{"0":"post-21661","1":"product","2":"type-product","3":"status-publish","4":"has-post-thumbnail","6":"product_cat-moveis","8":"first","9":"instock","10":"shipping-taxable","11":"product-type-simple"},"_links":{"self":[{"href":"https:\/\/tudomoveisbelem.com.br\/v19\/wp-json\/wp\/v2\/product\/21661","targetHints":{"allow":["GET"]}}],"collection":[{"href":"https:\/\/tudomoveisbelem.com.br\/v19\/wp-json\/wp\/v2\/product"}],"about":[{"href":"https:\/\/tudomoveisbelem.com.br\/v19\/wp-json\/wp\/v2\/types\/product"}],"replies":[{"embeddable":true,"href":"https:\/\/tudomoveisbelem.com.br\/v19\/wp-json\/wp\/v2\/comments?post=21661"}],"version-history":[{"count":7,"href":"https:\/\/tudomoveisbelem.com.br\/v19\/wp-json\/wp\/v2\/product\/21661\/revisions"}],"predecessor-version":[{"id":32675,"href":"https:\/\/tudomoveisbelem.com.br\/v19\/wp-json\/wp\/v2\/product\/21661\/revisions\/32675"}],"wp:featuredmedia":[{"embeddable":true,"href":"https:\/\/tudomoveisbelem.com.br\/v19\/wp-json\/wp\/v2\/media\/28074"}],"wp:attachment":[{"href":"https:\/\/tudomoveisbelem.com.br\/v19\/wp-json\/wp\/v2\/media?parent=21661"}],"wp:term":[{"taxonomy":"product_brand","embeddable":true,"href":"https:\/\/tudomoveisbelem.com.br\/v19\/wp-json\/wp\/v2\/product_brand?post=21661"},{"taxonomy":"product_cat","embeddable":true,"href":"https:\/\/tudomoveisbelem.com.br\/v19\/wp-json\/wp\/v2\/product_cat?post=21661"},{"taxonomy":"product_tag","embeddable":true,"href":"https:\/\/tudomoveisbelem.com.br\/v19\/wp-json\/wp\/v2\/product_tag?post=21661"}],"curies":[{"name":"wp","href":"https:\/\/api.w.org\/{rel}","templated":true}]}}