{"id":21147,"date":"2022-10-18T17:21:36","date_gmt":"2022-10-18T17:21:36","guid":{"rendered":"https:\/\/tudomoveisbelem.com.br\/v19\/?post_type=product&#038;p=21147"},"modified":"2026-03-12T13:33:03","modified_gmt":"2026-03-12T13:33:03","slug":"roupeiro-casal-100-mdf-3-portas-de-correr-4-gavetas-por-apenas-10x-sem-juros-de-r22990-no-cartao-ou-a-vista-por-r2-29900","status":"publish","type":"product","link":"https:\/\/tudomoveisbelem.com.br\/v19\/produto\/roupeiro-casal-100-mdf-3-portas-de-correr-4-gavetas-por-apenas-10x-sem-juros-de-r22990-no-cartao-ou-a-vista-por-r2-29900\/","title":{"rendered":"Roupeiro Casal 100% MDF 3 Portas de Correr Por apenas 12x de R$ 274,92 sem juros no cart\u00e3o"},"content":{"rendered":"<p>LAN\u00c7AMENTO NA TUDO M\u00d3VEIS!<br \/>\nFuncionalidade, divis\u00e3o inteligente e qualidade para o quarto do casal!<\/p>\n<p>\ud83e\ude9e ROUPEIRO CASAL B\u00daZIOS \u2014 3 PORTAS DE CORRER | 4 GAVETAS | 100% MDF!<\/p>\n<p>Produzido 100% em MDF \u2014 qualidade superior e mais durabilidade!<br \/>\n3 portas de correr \u2014 praticidade e economia de espa\u00e7o!<br \/>\nDivis\u00e3o interna espelhada \u2014 ideal para compartilhar sem brigas!<br \/>\n4 gavetas espa\u00e7osas \u2014 organiza\u00e7\u00e3o para roupas \u00edntimas, acess\u00f3rios e mais!<br \/>\nDesign compacto \u2014 perfeito para otimizar seu ambiente!<br \/>\nVisual moderno \u2014 valoriza ainda mais o quarto do casal!<\/p>\n<p>Dimens\u00f5es:<br \/>\nAltura: 2,14m | Largura: 1,99m | Profundidade: 52cm<\/p>\n<p>Por apenas 12x de R$ 274,92 sem juros no cart\u00e3o ou \u00e0 vista por R$ 3.299,00.<\/p>\n<p>Entrega e montagem gr\u00e1tis em Bel\u00e9m, Ananindeua e Marituba!<br \/>\nCompre na loja f\u00edsica ou pe\u00e7a pelo WhatsApp e pague s\u00f3 na entrega!<\/p>\n<p>M\u00f3veis novos direto da loja para sua casa, com garantia do fabricante!<\/p>\n<p>Garanta o seu agora mesmo e tenha mais praticidade e organiza\u00e7\u00e3o!<\/p>\n","protected":false},"excerpt":{"rendered":"<p>LAN\u00c7AMENTO NA TUDO M\u00d3VEIS! Funcionalidade, divis\u00e3o inteligente e qualidade para o quarto do casal! \ud83e\ude9e ROUPEIRO CASAL B\u00daZIOS \u2014 3 PORTAS DE CORRER | 4 GAVETAS | 100% MDF! Produzido 100% em MDF \u2014 qualidade superior e mais durabilidade! 3 portas de correr \u2014 praticidade e economia de espa\u00e7o! Divis\u00e3o interna espelhada \u2014 ideal para &hellip; <a href=\"https:\/\/tudomoveisbelem.com.br\/v19\/produto\/roupeiro-casal-100-mdf-3-portas-de-correr-4-gavetas-por-apenas-10x-sem-juros-de-r22990-no-cartao-ou-a-vista-por-r2-29900\/\" class=\"more-link\">Continue lendo<span class=\"screen-reader-text\"> &#8220;Roupeiro Casal 100% MDF 3 Portas de Correr Por apenas 12x de R$ 274,92 sem juros no cart\u00e3o&#8221;<\/span><\/a><\/p>\n","protected":false},"featured_media":21151,"comment_status":"closed","ping_status":"closed","template":"","meta":[],"product_brand":[],"product_cat":[41],"product_tag":[],"class_list":{"0":"post-21147","1":"product","2":"type-product","3":"status-publish","4":"has-post-thumbnail","6":"product_cat-roupeiros","8":"first","9":"instock","10":"shipping-taxable","11":"product-type-simple"},"_links":{"self":[{"href":"https:\/\/tudomoveisbelem.com.br\/v19\/wp-json\/wp\/v2\/product\/21147","targetHints":{"allow":["GET"]}}],"collection":[{"href":"https:\/\/tudomoveisbelem.com.br\/v19\/wp-json\/wp\/v2\/product"}],"about":[{"href":"https:\/\/tudomoveisbelem.com.br\/v19\/wp-json\/wp\/v2\/types\/product"}],"replies":[{"embeddable":true,"href":"https:\/\/tudomoveisbelem.com.br\/v19\/wp-json\/wp\/v2\/comments?post=21147"}],"version-history":[{"count":14,"href":"https:\/\/tudomoveisbelem.com.br\/v19\/wp-json\/wp\/v2\/product\/21147\/revisions"}],"predecessor-version":[{"id":37046,"href":"https:\/\/tudomoveisbelem.com.br\/v19\/wp-json\/wp\/v2\/product\/21147\/revisions\/37046"}],"wp:featuredmedia":[{"embeddable":true,"href":"https:\/\/tudomoveisbelem.com.br\/v19\/wp-json\/wp\/v2\/media\/21151"}],"wp:attachment":[{"href":"https:\/\/tudomoveisbelem.com.br\/v19\/wp-json\/wp\/v2\/media?parent=21147"}],"wp:term":[{"taxonomy":"product_brand","embeddable":true,"href":"https:\/\/tudomoveisbelem.com.br\/v19\/wp-json\/wp\/v2\/product_brand?post=21147"},{"taxonomy":"product_cat","embeddable":true,"href":"https:\/\/tudomoveisbelem.com.br\/v19\/wp-json\/wp\/v2\/product_cat?post=21147"},{"taxonomy":"product_tag","embeddable":true,"href":"https:\/\/tudomoveisbelem.com.br\/v19\/wp-json\/wp\/v2\/product_tag?post=21147"}],"curies":[{"name":"wp","href":"https:\/\/api.w.org\/{rel}","templated":true}]}}