{"id":21126,"date":"2022-10-17T18:33:14","date_gmt":"2022-10-17T18:33:14","guid":{"rendered":"https:\/\/tudomoveisbelem.com.br\/v19\/?post_type=product&#038;p=21126"},"modified":"2026-03-30T17:10:10","modified_gmt":"2026-03-30T17:10:10","slug":"roupeiro-casal-4-portas-6-gavetas-por-apenas-10x-sem-juros-de-r19990-no-cartao-ou-a-vista-por-r1-99900","status":"publish","type":"product","link":"https:\/\/tudomoveisbelem.com.br\/v19\/produto\/roupeiro-casal-4-portas-6-gavetas-por-apenas-10x-sem-juros-de-r19990-no-cartao-ou-a-vista-por-r1-99900\/","title":{"rendered":"Roupeiro Casal 4 Portas e 6 Gavetas 12x de R$224,92."},"content":{"rendered":"<p>\u2728 NOVIDADE IMPERD\u00cdVEL NA TUDO M\u00d3VEIS! \u2728<br \/>\nDesign moderno, praticidade e muito espa\u00e7o para o seu quarto!<\/p>\n<p>\ud83e\ude9e ROUPEIRO CASAL \u2014 4 PORTAS | 6 GAVETAS!<\/p>\n<p>\u2705 Design moderno \u2014 visual diferenciado que valoriza o ambiente!<br \/>\n\u2705 Espelhos centrais de s\u00e9rie \u2014 mais praticidade e charme!<br \/>\n\u2705 Portas centrais com puxadores em alum\u00ednio \u2014 resist\u00eancia e eleg\u00e2ncia!<br \/>\n\u2705 6 gavetas externas \u2014 mais organiza\u00e7\u00e3o para roupas \u00edntimas e acess\u00f3rios!<br \/>\n\u2705 Prateleiras internas bem distribu\u00eddas \u2014 m\u00e1ximo aproveitamento de espa\u00e7o!<br \/>\n\u2705 \u00d3tima profundidade \u2014 perfeito para cabides e roupas volumosas!<br \/>\n\u2705 P\u00e9s em PVC \u2014 mais prote\u00e7\u00e3o e facilidade na hora da limpeza!<br \/>\n\u2705 Produto embalado com isomanta \u2014 pe\u00e7as protegidas at\u00e9 a sua casa!<br \/>\n\u2705 Manual detalhado \u2014 montagem pr\u00e1tica e sem complica\u00e7\u00f5es!<\/p>\n<p>\ud83d\udccf Dimens\u00f5es:<br \/>\nAltura: 2,17m | Largura: 2,00m | Profundidade: 47cm<\/p>\n<p>\ud83d\udcb0 Por apenas 12x de <span style=\"color: #ff0000;\">R$224,92<\/span> sem juros no cart\u00e3o ou \u00e0 vista <span style=\"color: #ff0000;\">R$2.699,00<\/span>!<\/p>\n<p>\ud83d\ude9a Entrega e montagem gr\u00e1tis em Bel\u00e9m, Ananindeua e Marituba!<br \/>\n\ud83d\udcb3 Compre na loja f\u00edsica ou pe\u00e7a pelo WhatsApp e pague s\u00f3 na entrega!<\/p>\n<p>\ud83c\udfe0 M\u00f3veis novos direto da loja para sua casa, com garantia do fabricante!<\/p>\n<p>\ud83d\udc49 Garanta j\u00e1 o seu e tenha um quarto organizado e elegante!<\/p>\n","protected":false},"excerpt":{"rendered":"<p>\u2728 NOVIDADE IMPERD\u00cdVEL NA TUDO M\u00d3VEIS! \u2728 Design moderno, praticidade e muito espa\u00e7o para o seu quarto! \ud83e\ude9e ROUPEIRO CASAL \u2014 4 PORTAS | 6 GAVETAS! \u2705 Design moderno \u2014 visual diferenciado que valoriza o ambiente! \u2705 Espelhos centrais de s\u00e9rie \u2014 mais praticidade e charme! \u2705 Portas centrais com puxadores em alum\u00ednio \u2014 resist\u00eancia &hellip; <a href=\"https:\/\/tudomoveisbelem.com.br\/v19\/produto\/roupeiro-casal-4-portas-6-gavetas-por-apenas-10x-sem-juros-de-r19990-no-cartao-ou-a-vista-por-r1-99900\/\" class=\"more-link\">Continue lendo<span class=\"screen-reader-text\"> &#8220;Roupeiro Casal 4 Portas e 6 Gavetas 12x de R$224,92.&#8221;<\/span><\/a><\/p>\n","protected":false},"featured_media":28803,"comment_status":"closed","ping_status":"closed","template":"","meta":[],"product_brand":[],"product_cat":[41],"product_tag":[],"class_list":{"0":"post-21126","1":"product","2":"type-product","3":"status-publish","4":"has-post-thumbnail","6":"product_cat-roupeiros","8":"first","9":"instock","10":"shipping-taxable","11":"product-type-simple"},"_links":{"self":[{"href":"https:\/\/tudomoveisbelem.com.br\/v19\/wp-json\/wp\/v2\/product\/21126","targetHints":{"allow":["GET"]}}],"collection":[{"href":"https:\/\/tudomoveisbelem.com.br\/v19\/wp-json\/wp\/v2\/product"}],"about":[{"href":"https:\/\/tudomoveisbelem.com.br\/v19\/wp-json\/wp\/v2\/types\/product"}],"replies":[{"embeddable":true,"href":"https:\/\/tudomoveisbelem.com.br\/v19\/wp-json\/wp\/v2\/comments?post=21126"}],"version-history":[{"count":16,"href":"https:\/\/tudomoveisbelem.com.br\/v19\/wp-json\/wp\/v2\/product\/21126\/revisions"}],"predecessor-version":[{"id":37168,"href":"https:\/\/tudomoveisbelem.com.br\/v19\/wp-json\/wp\/v2\/product\/21126\/revisions\/37168"}],"wp:featuredmedia":[{"embeddable":true,"href":"https:\/\/tudomoveisbelem.com.br\/v19\/wp-json\/wp\/v2\/media\/28803"}],"wp:attachment":[{"href":"https:\/\/tudomoveisbelem.com.br\/v19\/wp-json\/wp\/v2\/media?parent=21126"}],"wp:term":[{"taxonomy":"product_brand","embeddable":true,"href":"https:\/\/tudomoveisbelem.com.br\/v19\/wp-json\/wp\/v2\/product_brand?post=21126"},{"taxonomy":"product_cat","embeddable":true,"href":"https:\/\/tudomoveisbelem.com.br\/v19\/wp-json\/wp\/v2\/product_cat?post=21126"},{"taxonomy":"product_tag","embeddable":true,"href":"https:\/\/tudomoveisbelem.com.br\/v19\/wp-json\/wp\/v2\/product_tag?post=21126"}],"curies":[{"name":"wp","href":"https:\/\/api.w.org\/{rel}","templated":true}]}}