{"id":19618,"date":"2022-04-07T02:56:03","date_gmt":"2022-04-07T02:56:03","guid":{"rendered":"https:\/\/tudomoveisbelem.com.br\/v19\/?post_type=product&#038;p=19618"},"modified":"2024-05-31T19:32:31","modified_gmt":"2024-05-31T19:32:31","slug":"painel-home-com-vidro-reflecta-para-tv-ate-65-por-apenas-10x-de-r11990-sem-juros-no-cartao-ou-a-vista-por-r1-19900","status":"publish","type":"product","link":"https:\/\/tudomoveisbelem.com.br\/v19\/produto\/painel-home-com-vidro-reflecta-para-tv-ate-65-por-apenas-10x-de-r11990-sem-juros-no-cartao-ou-a-vista-por-r1-19900\/","title":{"rendered":"Painel Home com Vidro Reflecta para TV at\u00e9 65&#8243; 10x de R$ 149,90"},"content":{"rendered":"<p>Esse Painel re\u00fane toda a beleza do vidro reflecta e do tampo flutuante. Possui capacidade de TV at\u00e9 65 Polegadas.<br \/>\nConta com duas portas deslizantes em vidro reflecta, proporcionam um efeito incr\u00edvel para sua sala!<br \/>\nPossui prateleira superior e tampo de 25 mm, proporcionando um design arrojado e podendo acomodar suas decora\u00e7\u00f5es com seguran\u00e7a. Com um design luxuoso e muito elegante, vai fazer voc\u00ea se fascinar em cada detalhe.<\/p>\n<p>Dimens\u00f5es:<br \/>\nLargura:\u00a01.80 M<br \/>\nAltura:\u00a01.61 M<br \/>\nProfundidade:\u00a00,33 CM<\/p>\n","protected":false},"excerpt":{"rendered":"<p>Por apenas 10x de <span style=\"color: #ff0000;\"><strong>R$ 149,90<\/strong><\/span> sem juros no cart\u00e3o ou \u00e0 vista por <strong><span style=\"color: #ff0000;\">R$1.499,00.<\/span><\/strong><\/p>\n","protected":false},"featured_media":19620,"comment_status":"closed","ping_status":"closed","template":"","meta":[],"product_brand":[],"product_cat":[44],"product_tag":[],"class_list":{"0":"post-19618","1":"product","2":"type-product","3":"status-publish","4":"has-post-thumbnail","6":"product_cat-paineis","8":"first","9":"instock","10":"shipping-taxable","11":"product-type-simple"},"_links":{"self":[{"href":"https:\/\/tudomoveisbelem.com.br\/v19\/wp-json\/wp\/v2\/product\/19618","targetHints":{"allow":["GET"]}}],"collection":[{"href":"https:\/\/tudomoveisbelem.com.br\/v19\/wp-json\/wp\/v2\/product"}],"about":[{"href":"https:\/\/tudomoveisbelem.com.br\/v19\/wp-json\/wp\/v2\/types\/product"}],"replies":[{"embeddable":true,"href":"https:\/\/tudomoveisbelem.com.br\/v19\/wp-json\/wp\/v2\/comments?post=19618"}],"version-history":[{"count":7,"href":"https:\/\/tudomoveisbelem.com.br\/v19\/wp-json\/wp\/v2\/product\/19618\/revisions"}],"predecessor-version":[{"id":29185,"href":"https:\/\/tudomoveisbelem.com.br\/v19\/wp-json\/wp\/v2\/product\/19618\/revisions\/29185"}],"wp:featuredmedia":[{"embeddable":true,"href":"https:\/\/tudomoveisbelem.com.br\/v19\/wp-json\/wp\/v2\/media\/19620"}],"wp:attachment":[{"href":"https:\/\/tudomoveisbelem.com.br\/v19\/wp-json\/wp\/v2\/media?parent=19618"}],"wp:term":[{"taxonomy":"product_brand","embeddable":true,"href":"https:\/\/tudomoveisbelem.com.br\/v19\/wp-json\/wp\/v2\/product_brand?post=19618"},{"taxonomy":"product_cat","embeddable":true,"href":"https:\/\/tudomoveisbelem.com.br\/v19\/wp-json\/wp\/v2\/product_cat?post=19618"},{"taxonomy":"product_tag","embeddable":true,"href":"https:\/\/tudomoveisbelem.com.br\/v19\/wp-json\/wp\/v2\/product_tag?post=19618"}],"curies":[{"name":"wp","href":"https:\/\/api.w.org\/{rel}","templated":true}]}}