{"id":19388,"date":"2022-03-06T22:17:35","date_gmt":"2022-03-06T22:17:35","guid":{"rendered":"https:\/\/tudomoveisbelem.com.br\/v19\/?post_type=product&#038;p=19388"},"modified":"2024-06-18T14:37:47","modified_gmt":"2024-06-18T14:37:47","slug":"tapete-peludo-alasca-1-00-m-x-1-50-m-por-apenas-10x-de-r2490-sem-juros-no-cartao-ou-a-vista-por-r24900","status":"publish","type":"product","link":"https:\/\/tudomoveisbelem.com.br\/v19\/produto\/tapete-peludo-alasca-1-00-m-x-1-50-m-por-apenas-10x-de-r2490-sem-juros-no-cartao-ou-a-vista-por-r24900\/","title":{"rendered":"Tapete Peludo Alasca 1.00 M x 1.50 M 10x de R$ 24,90"},"content":{"rendered":"<p>Se voc\u00ea pretende dar um toque de requinte, conforto e beleza, encontrou uma \u00f3tima alternativa. Os Tapetes s\u00e3o confeccionados em material de \u00f3tima qualidade e possuem um acabamento inquestion\u00e1vel. O Tapete Alasca , possui um design moderno e cores elegantes que dar\u00e1 classe e requinte ao seu lar. Deixe sua casa decorada com eleg\u00e2ncia e possui uma textura em Shaggy com 3 cm que traz todo o charme ao tapete. Sua base possui antiderrapante, que garante mais seguran\u00e7a e conforto para sua sala, de quem \u00e9 especialista em Tapetes. Seus Benef\u00edcios &#8211; Tapete antiderrapante &#8211; Design moderno &#8211; Cores Elegantes para sua Decora\u00e7\u00e3o &#8211; F\u00e1cil Para Higienizar.<\/p>\n<p>Dimens\u00f5es<br \/>\n1.00 M X 1.50 M<\/p>\n","protected":false},"excerpt":{"rendered":"<p>Por apenas 10x de <strong><span style=\"color: #ff0000;\">R$ 24,90<\/span><\/strong> sem juros no cart\u00e3o ou \u00e0 vista por <strong><span style=\"color: #ff0000;\">R$ 249,00.<\/span><\/strong><\/p>\n<p>&nbsp;<\/p>\n","protected":false},"featured_media":19390,"comment_status":"closed","ping_status":"closed","template":"","meta":[],"product_brand":[],"product_cat":[95],"product_tag":[],"class_list":{"0":"post-19388","1":"product","2":"type-product","3":"status-publish","4":"has-post-thumbnail","6":"product_cat-tapetes","8":"first","9":"instock","10":"shipping-taxable","11":"product-type-simple"},"_links":{"self":[{"href":"https:\/\/tudomoveisbelem.com.br\/v19\/wp-json\/wp\/v2\/product\/19388","targetHints":{"allow":["GET"]}}],"collection":[{"href":"https:\/\/tudomoveisbelem.com.br\/v19\/wp-json\/wp\/v2\/product"}],"about":[{"href":"https:\/\/tudomoveisbelem.com.br\/v19\/wp-json\/wp\/v2\/types\/product"}],"replies":[{"embeddable":true,"href":"https:\/\/tudomoveisbelem.com.br\/v19\/wp-json\/wp\/v2\/comments?post=19388"}],"version-history":[{"count":3,"href":"https:\/\/tudomoveisbelem.com.br\/v19\/wp-json\/wp\/v2\/product\/19388\/revisions"}],"predecessor-version":[{"id":29951,"href":"https:\/\/tudomoveisbelem.com.br\/v19\/wp-json\/wp\/v2\/product\/19388\/revisions\/29951"}],"wp:featuredmedia":[{"embeddable":true,"href":"https:\/\/tudomoveisbelem.com.br\/v19\/wp-json\/wp\/v2\/media\/19390"}],"wp:attachment":[{"href":"https:\/\/tudomoveisbelem.com.br\/v19\/wp-json\/wp\/v2\/media?parent=19388"}],"wp:term":[{"taxonomy":"product_brand","embeddable":true,"href":"https:\/\/tudomoveisbelem.com.br\/v19\/wp-json\/wp\/v2\/product_brand?post=19388"},{"taxonomy":"product_cat","embeddable":true,"href":"https:\/\/tudomoveisbelem.com.br\/v19\/wp-json\/wp\/v2\/product_cat?post=19388"},{"taxonomy":"product_tag","embeddable":true,"href":"https:\/\/tudomoveisbelem.com.br\/v19\/wp-json\/wp\/v2\/product_tag?post=19388"}],"curies":[{"name":"wp","href":"https:\/\/api.w.org\/{rel}","templated":true}]}}