{"id":19383,"date":"2022-03-06T22:06:34","date_gmt":"2022-03-06T22:06:34","guid":{"rendered":"https:\/\/tudomoveisbelem.com.br\/v19\/?post_type=product&#038;p=19383"},"modified":"2024-06-18T14:49:13","modified_gmt":"2024-06-18T14:49:13","slug":"tapete-peludo-apolo-1-50-m-x-2-00-m-por-apenas-10x-de-r3490-sem-juros-no-cartao-ou-a-vista-por-r34900","status":"publish","type":"product","link":"https:\/\/tudomoveisbelem.com.br\/v19\/produto\/tapete-peludo-apolo-1-50-m-x-2-00-m-por-apenas-10x-de-r3490-sem-juros-no-cartao-ou-a-vista-por-r34900\/","title":{"rendered":"Tapete Peludo Apolo 1.50 M x 2.00 M 10x de R$ 34,90"},"content":{"rendered":"<p>Tapete Pratat\u00eaxtil Retangular Apolo , confeccionado em poli\u00e9ster com aplica\u00e7\u00e3o de EVA localizada, que oferece fun\u00e7\u00e3o antiderrapante, trazendo seguran\u00e7a e conforto para seu lar. O Tapete Pratat\u00eaxtil Retangular Apolo \u00e9 ideal para decorar seu ambiente com estilo.<\/p>\n<p>Dimens\u00f5es<br \/>\n1.50 M x 2.00 M<\/p>\n","protected":false},"excerpt":{"rendered":"<p>Por apenas 10x de <strong><span style=\"color: #ff0000;\">R$ 34,90<\/span><\/strong> sem juros no cart\u00e3o ou \u00e0 vista por <strong><span style=\"color: #ff0000;\">R$ 349,00.<\/span><\/strong><\/p>\n","protected":false},"featured_media":19386,"comment_status":"closed","ping_status":"closed","template":"","meta":[],"product_brand":[],"product_cat":[95],"product_tag":[],"class_list":{"0":"post-19383","1":"product","2":"type-product","3":"status-publish","4":"has-post-thumbnail","6":"product_cat-tapetes","8":"first","9":"instock","10":"shipping-taxable","11":"product-type-simple"},"_links":{"self":[{"href":"https:\/\/tudomoveisbelem.com.br\/v19\/wp-json\/wp\/v2\/product\/19383","targetHints":{"allow":["GET"]}}],"collection":[{"href":"https:\/\/tudomoveisbelem.com.br\/v19\/wp-json\/wp\/v2\/product"}],"about":[{"href":"https:\/\/tudomoveisbelem.com.br\/v19\/wp-json\/wp\/v2\/types\/product"}],"replies":[{"embeddable":true,"href":"https:\/\/tudomoveisbelem.com.br\/v19\/wp-json\/wp\/v2\/comments?post=19383"}],"version-history":[{"count":3,"href":"https:\/\/tudomoveisbelem.com.br\/v19\/wp-json\/wp\/v2\/product\/19383\/revisions"}],"predecessor-version":[{"id":29953,"href":"https:\/\/tudomoveisbelem.com.br\/v19\/wp-json\/wp\/v2\/product\/19383\/revisions\/29953"}],"wp:featuredmedia":[{"embeddable":true,"href":"https:\/\/tudomoveisbelem.com.br\/v19\/wp-json\/wp\/v2\/media\/19386"}],"wp:attachment":[{"href":"https:\/\/tudomoveisbelem.com.br\/v19\/wp-json\/wp\/v2\/media?parent=19383"}],"wp:term":[{"taxonomy":"product_brand","embeddable":true,"href":"https:\/\/tudomoveisbelem.com.br\/v19\/wp-json\/wp\/v2\/product_brand?post=19383"},{"taxonomy":"product_cat","embeddable":true,"href":"https:\/\/tudomoveisbelem.com.br\/v19\/wp-json\/wp\/v2\/product_cat?post=19383"},{"taxonomy":"product_tag","embeddable":true,"href":"https:\/\/tudomoveisbelem.com.br\/v19\/wp-json\/wp\/v2\/product_tag?post=19383"}],"curies":[{"name":"wp","href":"https:\/\/api.w.org\/{rel}","templated":true}]}}