{"id":19377,"date":"2022-03-06T22:03:40","date_gmt":"2022-03-06T22:03:40","guid":{"rendered":"https:\/\/tudomoveisbelem.com.br\/v19\/?post_type=product&#038;p=19377"},"modified":"2024-06-18T14:55:07","modified_gmt":"2024-06-18T14:55:07","slug":"tapete-peludo-apolo-100-x-150-por-apenas-10x-de-r1990-sem-juros-no-cartao-ou-a-vista-por-r19900-2","status":"publish","type":"product","link":"https:\/\/tudomoveisbelem.com.br\/v19\/produto\/tapete-peludo-apolo-100-x-150-por-apenas-10x-de-r1990-sem-juros-no-cartao-ou-a-vista-por-r19900-2\/","title":{"rendered":"Tapete Peludo Apolo 1.00 M x 1.50 M 10x de R$ 19,90"},"content":{"rendered":"<p>O Tapete Apolo proporciona uma bela decora\u00e7\u00e3o com estilo, transformando qualquer ambiente! Tecido em 100% Poli\u00e9ster de grande durabilidade, f\u00e1cil lavagem e manuten\u00e7\u00e3o. Sua casa ainda mais bonita e elegante, aproveite!<\/p>\n<p>Superf\u00edcie 100% Poli\u00e9ster<br \/>\nBase 100% Poli\u00e9ster e 100% Espuma de Latex<br \/>\nAltura aproximada do p\u00ealo 1 cm<\/p>\n","protected":false},"excerpt":{"rendered":"<p>Por apenas 10x de <strong><span style=\"color: #ff0000;\">R$ 19,90<\/span><\/strong> sem juros no cart\u00e3o ou \u00e0 vista por <strong><span style=\"color: #ff0000;\">R$ 199,00.<\/span><\/strong><\/p>\n","protected":false},"featured_media":19381,"comment_status":"closed","ping_status":"closed","template":"","meta":[],"product_brand":[],"product_cat":[95],"product_tag":[],"class_list":{"0":"post-19377","1":"product","2":"type-product","3":"status-publish","4":"has-post-thumbnail","6":"product_cat-tapetes","8":"first","9":"instock","10":"shipping-taxable","11":"product-type-simple"},"_links":{"self":[{"href":"https:\/\/tudomoveisbelem.com.br\/v19\/wp-json\/wp\/v2\/product\/19377","targetHints":{"allow":["GET"]}}],"collection":[{"href":"https:\/\/tudomoveisbelem.com.br\/v19\/wp-json\/wp\/v2\/product"}],"about":[{"href":"https:\/\/tudomoveisbelem.com.br\/v19\/wp-json\/wp\/v2\/types\/product"}],"replies":[{"embeddable":true,"href":"https:\/\/tudomoveisbelem.com.br\/v19\/wp-json\/wp\/v2\/comments?post=19377"}],"version-history":[{"count":3,"href":"https:\/\/tudomoveisbelem.com.br\/v19\/wp-json\/wp\/v2\/product\/19377\/revisions"}],"predecessor-version":[{"id":29955,"href":"https:\/\/tudomoveisbelem.com.br\/v19\/wp-json\/wp\/v2\/product\/19377\/revisions\/29955"}],"wp:featuredmedia":[{"embeddable":true,"href":"https:\/\/tudomoveisbelem.com.br\/v19\/wp-json\/wp\/v2\/media\/19381"}],"wp:attachment":[{"href":"https:\/\/tudomoveisbelem.com.br\/v19\/wp-json\/wp\/v2\/media?parent=19377"}],"wp:term":[{"taxonomy":"product_brand","embeddable":true,"href":"https:\/\/tudomoveisbelem.com.br\/v19\/wp-json\/wp\/v2\/product_brand?post=19377"},{"taxonomy":"product_cat","embeddable":true,"href":"https:\/\/tudomoveisbelem.com.br\/v19\/wp-json\/wp\/v2\/product_cat?post=19377"},{"taxonomy":"product_tag","embeddable":true,"href":"https:\/\/tudomoveisbelem.com.br\/v19\/wp-json\/wp\/v2\/product_tag?post=19377"}],"curies":[{"name":"wp","href":"https:\/\/api.w.org\/{rel}","templated":true}]}}