{"id":19330,"date":"2022-03-06T20:45:20","date_gmt":"2022-03-06T20:45:20","guid":{"rendered":"https:\/\/tudomoveisbelem.com.br\/v19\/?post_type=product&#038;p=19330"},"modified":"2024-06-03T20:51:19","modified_gmt":"2024-06-03T20:51:19","slug":"cadeira-de-escritorio-presidente-giratoria-por-apenas-10x-de-r7990-sem-juros-no-cartao-ou-a-vista-por-r79900","status":"publish","type":"product","link":"https:\/\/tudomoveisbelem.com.br\/v19\/produto\/cadeira-de-escritorio-presidente-giratoria-por-apenas-10x-de-r7990-sem-juros-no-cartao-ou-a-vista-por-r79900\/","title":{"rendered":"Cadeira de Escrit\u00f3rio Presidente Girat\u00f3ria 10x de R$ 79,90"},"content":{"rendered":"<p>Em tempos de home office, contar com os equipamentos corretos para adequar sua casa faz toda a diferen\u00e7a no resultado final n\u00e3o \u00e9 mesmo? E seja para uso dom\u00e9stico ou no ambiente de trabalho, uma cadeira de escrit\u00f3rio \u00e9 ideal para manter o conforto e a postura durante o trabalho. Por isso vale a pena conferir a Cadeira de Escrit\u00f3rio, pois trata-se de uma cadeira do tipo presidente que certamente atender\u00e1 sua demanda. Ela possui altura ajust\u00e1vel, \u00e9 reclin\u00e1vel e girat\u00f3ria para facilitar ainda mais seu dia a dia. Em uma charmosa cor preta, levar\u00e1 muito requinte ao seu escrit\u00f3rio.<\/p>\n<p>Peso suportado: 136 KG<\/p>\n<p>Dimens\u00f5es:<br \/>\nAltura: 1.13 M<br \/>\nLargura: 0,58 CM<br \/>\nComprimento: 0,58 CM<\/p>\n<p>&nbsp;<\/p>\n","protected":false},"excerpt":{"rendered":"<p>Por apenas 10x de <strong><span style=\"color: #ff0000;\">R$ 79,9<\/span><span style=\"color: #ff0000;\">0<\/span><\/strong> sem juros no cart\u00e3o ou \u00e0 vista por <strong><span style=\"color: #ff0000;\">R$ 799,00.<\/span><\/strong><\/p>\n","protected":false},"featured_media":19334,"comment_status":"closed","ping_status":"closed","template":"","meta":[],"product_brand":[],"product_cat":[32],"product_tag":[],"class_list":{"0":"post-19330","1":"product","2":"type-product","3":"status-publish","4":"has-post-thumbnail","6":"product_cat-escritorio","8":"first","9":"instock","10":"shipping-taxable","11":"product-type-simple"},"_links":{"self":[{"href":"https:\/\/tudomoveisbelem.com.br\/v19\/wp-json\/wp\/v2\/product\/19330","targetHints":{"allow":["GET"]}}],"collection":[{"href":"https:\/\/tudomoveisbelem.com.br\/v19\/wp-json\/wp\/v2\/product"}],"about":[{"href":"https:\/\/tudomoveisbelem.com.br\/v19\/wp-json\/wp\/v2\/types\/product"}],"replies":[{"embeddable":true,"href":"https:\/\/tudomoveisbelem.com.br\/v19\/wp-json\/wp\/v2\/comments?post=19330"}],"version-history":[{"count":3,"href":"https:\/\/tudomoveisbelem.com.br\/v19\/wp-json\/wp\/v2\/product\/19330\/revisions"}],"predecessor-version":[{"id":29458,"href":"https:\/\/tudomoveisbelem.com.br\/v19\/wp-json\/wp\/v2\/product\/19330\/revisions\/29458"}],"wp:featuredmedia":[{"embeddable":true,"href":"https:\/\/tudomoveisbelem.com.br\/v19\/wp-json\/wp\/v2\/media\/19334"}],"wp:attachment":[{"href":"https:\/\/tudomoveisbelem.com.br\/v19\/wp-json\/wp\/v2\/media?parent=19330"}],"wp:term":[{"taxonomy":"product_brand","embeddable":true,"href":"https:\/\/tudomoveisbelem.com.br\/v19\/wp-json\/wp\/v2\/product_brand?post=19330"},{"taxonomy":"product_cat","embeddable":true,"href":"https:\/\/tudomoveisbelem.com.br\/v19\/wp-json\/wp\/v2\/product_cat?post=19330"},{"taxonomy":"product_tag","embeddable":true,"href":"https:\/\/tudomoveisbelem.com.br\/v19\/wp-json\/wp\/v2\/product_tag?post=19330"}],"curies":[{"name":"wp","href":"https:\/\/api.w.org\/{rel}","templated":true}]}}