{"id":19318,"date":"2022-03-06T20:29:34","date_gmt":"2022-03-06T20:29:34","guid":{"rendered":"https:\/\/tudomoveisbelem.com.br\/v19\/?post_type=product&#038;p=19318"},"modified":"2025-09-17T17:53:12","modified_gmt":"2025-09-17T17:53:12","slug":"cozinha-suspensa-7-portas-2-gavetas-por-apenas-10x-sem-juros-de-r7990-no-cartao-ou-a-vista-por-r79900","status":"publish","type":"product","link":"https:\/\/tudomoveisbelem.com.br\/v19\/produto\/cozinha-suspensa-7-portas-2-gavetas-por-apenas-10x-sem-juros-de-r7990-no-cartao-ou-a-vista-por-r79900\/","title":{"rendered":"Cozinha Suspensa 7 Portas"},"content":{"rendered":"<p>O Kit Cozinha Compacta \u00e9 uma \u00f3tima op\u00e7\u00e3o pra quem n\u00e3o possui muito espa\u00e7o e prefere organizar seus utens\u00edlios de cozinha de forma f\u00e1cil e pr\u00e1tica.\u00a0 Ele possui cores modernas e cheias de estilo. O m\u00f3vel \u00e9 composto por 7 portas e 2 gaveta com corredi\u00e7as met\u00e1licas, com estrutura refor\u00e7ada em MDP. Confira essa cozinha e garanta j\u00e1 a sua.<\/p>\n<p>Dimens\u00f5es:<br \/>\nLargura: 1.80 CM<br \/>\nAltura: 1.36 CM<br \/>\nProfundidade: 0,33 CM<\/p>\n<p>Por apenas 10x de <span style=\"color: #ff0000;\">R$119,90<\/span> sem juros no cart\u00e3o ou \u00e0 vista por <span style=\"color: #ff0000;\">R$1.199,00<\/span><\/p>\n<p>&nbsp;<\/p>\n","protected":false},"excerpt":{"rendered":"<p>O Kit Cozinha Compacta \u00e9 uma \u00f3tima op\u00e7\u00e3o pra quem n\u00e3o possui muito espa\u00e7o e prefere organizar seus utens\u00edlios de cozinha de forma f\u00e1cil e pr\u00e1tica.\u00a0 Ele possui cores modernas e cheias de estilo. O m\u00f3vel \u00e9 composto por 7 portas e 2 gaveta com corredi\u00e7as met\u00e1licas, com estrutura refor\u00e7ada em MDP. Confira essa cozinha &hellip; <a href=\"https:\/\/tudomoveisbelem.com.br\/v19\/produto\/cozinha-suspensa-7-portas-2-gavetas-por-apenas-10x-sem-juros-de-r7990-no-cartao-ou-a-vista-por-r79900\/\" class=\"more-link\">Continue lendo<span class=\"screen-reader-text\"> &#8220;Cozinha Suspensa 7 Portas&#8221;<\/span><\/a><\/p>\n","protected":false},"featured_media":19321,"comment_status":"closed","ping_status":"closed","template":"","meta":[],"product_brand":[],"product_cat":[22],"product_tag":[],"class_list":{"0":"post-19318","1":"product","2":"type-product","3":"status-publish","4":"has-post-thumbnail","6":"product_cat-moveis","8":"first","9":"instock","10":"shipping-taxable","11":"product-type-simple"},"_links":{"self":[{"href":"https:\/\/tudomoveisbelem.com.br\/v19\/wp-json\/wp\/v2\/product\/19318","targetHints":{"allow":["GET"]}}],"collection":[{"href":"https:\/\/tudomoveisbelem.com.br\/v19\/wp-json\/wp\/v2\/product"}],"about":[{"href":"https:\/\/tudomoveisbelem.com.br\/v19\/wp-json\/wp\/v2\/types\/product"}],"replies":[{"embeddable":true,"href":"https:\/\/tudomoveisbelem.com.br\/v19\/wp-json\/wp\/v2\/comments?post=19318"}],"version-history":[{"count":6,"href":"https:\/\/tudomoveisbelem.com.br\/v19\/wp-json\/wp\/v2\/product\/19318\/revisions"}],"predecessor-version":[{"id":28109,"href":"https:\/\/tudomoveisbelem.com.br\/v19\/wp-json\/wp\/v2\/product\/19318\/revisions\/28109"}],"wp:featuredmedia":[{"embeddable":true,"href":"https:\/\/tudomoveisbelem.com.br\/v19\/wp-json\/wp\/v2\/media\/19321"}],"wp:attachment":[{"href":"https:\/\/tudomoveisbelem.com.br\/v19\/wp-json\/wp\/v2\/media?parent=19318"}],"wp:term":[{"taxonomy":"product_brand","embeddable":true,"href":"https:\/\/tudomoveisbelem.com.br\/v19\/wp-json\/wp\/v2\/product_brand?post=19318"},{"taxonomy":"product_cat","embeddable":true,"href":"https:\/\/tudomoveisbelem.com.br\/v19\/wp-json\/wp\/v2\/product_cat?post=19318"},{"taxonomy":"product_tag","embeddable":true,"href":"https:\/\/tudomoveisbelem.com.br\/v19\/wp-json\/wp\/v2\/product_tag?post=19318"}],"curies":[{"name":"wp","href":"https:\/\/api.w.org\/{rel}","templated":true}]}}