{"id":18929,"date":"2022-01-25T00:05:52","date_gmt":"2022-01-25T00:05:52","guid":{"rendered":"https:\/\/tudomoveisbelem.com.br\/v19\/?post_type=product&#038;p=18929"},"modified":"2026-03-30T15:59:37","modified_gmt":"2026-03-30T15:59:37","slug":"sofa-4-lugares-com-molas-retratil-e-reclinavel","status":"publish","type":"product","link":"https:\/\/tudomoveisbelem.com.br\/v19\/produto\/sofa-4-lugares-com-molas-retratil-e-reclinavel\/","title":{"rendered":"Sof\u00e1 4 Lugares com Molas Retr\u00e1til e Reclin\u00e1vel 12x de R$ 449,92."},"content":{"rendered":"<p>\ud83d\udea8 LAN\u00c7AMENTO EXCLUSIVO TUDO M\u00d3VEIS! \ud83d\udecb\ufe0f\u2728<\/p>\n<p>SOF\u00c1 4 LUGARES \u2014 COM MOLAS \u2014 RETR\u00c1TIL E RECLIN\u00c1VEL<\/p>\n<p>\ud83d\udc96 MA-RA-VI-LHO-SO! Esse sof\u00e1 dos sonhos re\u00fane sofistica\u00e7\u00e3o, qualidade e beleza em um \u00fanico produto! \ud83d\ude0d<\/p>\n<p>\u2728 Destaques que encantam:<br \/>\n\u2714\ufe0f Estrutura em madeira regional tratada \u2014 firme e dur\u00e1vel<br \/>\n\u2714\ufe0f Percintas el\u00e1sticas, molas e fibra siliconada \u2014 conforto absoluto no assento e encosto<br \/>\n\u2714\ufe0f Estrutura bipartida \u2014 facilita o transporte e o manuseio<br \/>\n\u2714\ufe0f Tecido veludo premium \u2014 toque macio, resistente e elegante<br \/>\n\u2714\ufe0f Assento retr\u00e1til e encosto reclin\u00e1vel \u2014 ideal para relaxar como voc\u00ea merece<br \/>\n\u2714\ufe0f Espa\u00e7oso: acomoda at\u00e9 4 pessoas com total conforto<\/p>\n<p>\ud83d\udccf Medidas:<br \/>\nLargura: 2,85m<br \/>\nAltura (fechado): 1,02m<br \/>\nAltura (aberto): 0,83m<br \/>\nProfundidade (fechado): 1,05m<br \/>\nProfundidade (aberto): 1,47m<\/p>\n<p>\ud83d\udca5 De<del> R$ 6.700,00<\/del> por apenas:<br \/>\n\ud83d\udc49 <span style=\"color: #ff0000;\">12x de R$ 449,92<\/span> sem juros no cart\u00e3o<br \/>\nou<br \/>\n\ud83d\udc49 <strong>\u00c0 vista por R$ 5.399,00!<\/strong><\/p>\n<p>\ud83d\ude9b ENTREGA E MONTAGEM GR\u00c1TIS no mesmo dia em Bel\u00e9m, Ananindeua e Marituba!<br \/>\n\ud83d\uded2 Compre direto na loja ou pelo WhatsApp, com pagamento no ato da entrega!<\/p>\n<p>\ud83d\udd25 Tudo M\u00f3veis \u2014 transformando conforto em um estilo de vida!<\/p>\n","protected":false},"excerpt":{"rendered":"<p>\ud83d\udea8 LAN\u00c7AMENTO EXCLUSIVO TUDO M\u00d3VEIS! \ud83d\udecb\ufe0f\u2728 SOF\u00c1 4 LUGARES \u2014 COM MOLAS \u2014 RETR\u00c1TIL E RECLIN\u00c1VEL \ud83d\udc96 MA-RA-VI-LHO-SO! Esse sof\u00e1 dos sonhos re\u00fane sofistica\u00e7\u00e3o, qualidade e beleza em um \u00fanico produto! \ud83d\ude0d \u2728 Destaques que encantam: \u2714\ufe0f Estrutura em madeira regional tratada \u2014 firme e dur\u00e1vel \u2714\ufe0f Percintas el\u00e1sticas, molas e fibra siliconada \u2014 conforto &hellip; <a href=\"https:\/\/tudomoveisbelem.com.br\/v19\/produto\/sofa-4-lugares-com-molas-retratil-e-reclinavel\/\" class=\"more-link\">Continue lendo<span class=\"screen-reader-text\"> &#8220;Sof\u00e1 4 Lugares com Molas Retr\u00e1til e Reclin\u00e1vel 12x de R$ 449,92.&#8221;<\/span><\/a><\/p>\n","protected":false},"featured_media":24227,"comment_status":"closed","ping_status":"closed","template":"","meta":[],"product_brand":[],"product_cat":[30],"product_tag":[],"class_list":{"0":"post-18929","1":"product","2":"type-product","3":"status-publish","4":"has-post-thumbnail","6":"product_cat-sofas","8":"first","9":"instock","10":"shipping-taxable","11":"product-type-simple"},"_links":{"self":[{"href":"https:\/\/tudomoveisbelem.com.br\/v19\/wp-json\/wp\/v2\/product\/18929","targetHints":{"allow":["GET"]}}],"collection":[{"href":"https:\/\/tudomoveisbelem.com.br\/v19\/wp-json\/wp\/v2\/product"}],"about":[{"href":"https:\/\/tudomoveisbelem.com.br\/v19\/wp-json\/wp\/v2\/types\/product"}],"replies":[{"embeddable":true,"href":"https:\/\/tudomoveisbelem.com.br\/v19\/wp-json\/wp\/v2\/comments?post=18929"}],"version-history":[{"count":16,"href":"https:\/\/tudomoveisbelem.com.br\/v19\/wp-json\/wp\/v2\/product\/18929\/revisions"}],"predecessor-version":[{"id":37132,"href":"https:\/\/tudomoveisbelem.com.br\/v19\/wp-json\/wp\/v2\/product\/18929\/revisions\/37132"}],"wp:featuredmedia":[{"embeddable":true,"href":"https:\/\/tudomoveisbelem.com.br\/v19\/wp-json\/wp\/v2\/media\/24227"}],"wp:attachment":[{"href":"https:\/\/tudomoveisbelem.com.br\/v19\/wp-json\/wp\/v2\/media?parent=18929"}],"wp:term":[{"taxonomy":"product_brand","embeddable":true,"href":"https:\/\/tudomoveisbelem.com.br\/v19\/wp-json\/wp\/v2\/product_brand?post=18929"},{"taxonomy":"product_cat","embeddable":true,"href":"https:\/\/tudomoveisbelem.com.br\/v19\/wp-json\/wp\/v2\/product_cat?post=18929"},{"taxonomy":"product_tag","embeddable":true,"href":"https:\/\/tudomoveisbelem.com.br\/v19\/wp-json\/wp\/v2\/product_tag?post=18929"}],"curies":[{"name":"wp","href":"https:\/\/api.w.org\/{rel}","templated":true}]}}